{"id":782306,"date":"2026-02-23T11:08:29","date_gmt":"2026-02-23T08:08:29","guid":{"rendered":"https:\/\/roveyayinevi.com.tr\/index.php\/urun\/mutlu-evliliklerin-7-ozelligi-2\/"},"modified":"2026-04-02T02:23:34","modified_gmt":"2026-04-01T23:23:34","slug":"mutlu-evliliklerin-7-ozelligi-2","status":"publish","type":"product","link":"https:\/\/roveyayinevi.com.tr\/index.php\/urun\/mutlu-evliliklerin-7-ozelligi-2\/","title":{"rendered":"Mutlu Evliliklerin 7 \u00d6zelli\u011fi"},"content":{"rendered":"<p>Hep mutsuz evlilikleri mi inceleyece\u011fiz? Biraz da mutlu olanlar\u0131 anlamaya \u00e7al\u0131\u015fal\u0131m!Prof. Dr. Medaim Yan\u0131k\u2019\u0131n yeni kitab\u0131 Mutlu Evliliklerin 7 \u00d6zelli\u011fi Hayykitap taraf\u0131ndan yay\u0131mland\u0131. Yazar\u0131n daha \u00f6nce yine Hayykitap taraf\u0131ndan yay\u0131mlanm\u0131\u015f Dest-i \u0130zdiva\u00e7 ba\u015fl\u0131kl\u0131 bir kitab\u0131 daha bulunuyor. Yazar bu kitab\u0131, iyi\/mutlu evliliklere yak\u0131ndan bakmak i\u00e7in yapt\u0131\u011f\u0131 bir ara\u015ft\u0131rman\u0131n sonu\u00e7lar\u0131 \u00fczerinden yazm\u0131\u015f. Psikiyatri alan\u0131nda hizmet veren yazar\u0131n ana \u00e7al\u0131\u015fma alanlar\u0131ndan biri e\u015f terapileridir. Bu anlamda, yazar bir psikiyatrist olarak yolunda gitmeyen \u00e7ok say\u0131da e\u015f ili\u015fkisinin yak\u0131n tan\u0131\u011f\u0131d\u0131r. Bu ara\u015ft\u0131rma da, en az 10 y\u0131ll\u0131k evli olan ve evliliklerini mutlu olarak tan\u0131mlayan \u00e7iftlerle yap\u0131lan g\u00f6r\u00fc\u015fmelerin i\u00e7eri\u011fini \u00f6zel bir s\u0131n\u0131flama ile sunma a\u00e7\u0131s\u0131ndan hem orijinal hem de T\u00fcrkiye i\u00e7in ilk olma niteli\u011fi ta\u015f\u0131yor. Sonu\u00e7lar \u015f\u00f6yle:* E\u015fler birbirlerine ve evliliklerine olumlu bak\u0131yorlar.* Birbirlerinin farkl\u0131l\u0131klar\u0131n\u0131 kabul ediyorlar.* Y\u0131k\u0131c\u0131 kavgalar etmiyorlar.* K\u00fcs kalm\u0131yorlar.* Cinsel hayatlar\u0131n\u0131 devam ettiriyorlar.* Ortak ya\u015famdan kaynaklanan sorunlar\u0131 idare etmeyi beceriyorlar.* \u0130ki iyi arkada\u015flar. Mutlu \u00e7iftlerle derinlemesine yap\u0131lm\u0131\u015f g\u00f6r\u00fc\u015fmeler sonucu birinci elden elde edilmi\u015f veriler, analizler, tavsiyeler ve egzersizler. \u0130\u015fte mutlu evliliklerin 7 \u00f6zelli\u011fi! <\/p>\n","protected":false},"excerpt":{"rendered":"<p>Hep mutsuz evlilikleri mi inceleyece\u011fiz? Biraz da mutlu olanlar\u0131 anlamaya \u00e7al\u0131\u015fal\u0131m!Prof. Dr. Medaim Yan\u0131k\u2019\u0131n yeni kitab\u0131 Mutlu Evliliklerin 7 \u00d6zelli\u011fi Hayykitap taraf\u0131ndan yay\u0131mland\u0131. Yazar\u0131n daha \u00f6nce<span class=\"excerpt-hellip\"> [\u2026]<\/span><\/p>\n","protected":false},"featured_media":0,"template":"","meta":{"_monsterinsights_skip_tracking":false,"_monsterinsights_sitenote_active":false,"_monsterinsights_sitenote_note":"","_monsterinsights_sitenote_category":0},"product_brand":[],"product_cat":[24520,13365],"product_tag":[],"class_list":{"0":"post-782306","1":"product","2":"type-product","3":"status-publish","5":"product_cat-aile-sagligi","6":"product_cat-saglik","7":"pa_cilt-ciltsiz","8":"pa_tur-kitap","9":"pa_yayinevi-hayykitap","10":"pa_yazar-medaim-yanik","12":"first","13":"instock","14":"sale","15":"shipping-taxable","16":"purchasable","17":"product-type-simple"},"_links":{"self":[{"href":"https:\/\/roveyayinevi.com.tr\/index.php\/wp-json\/wp\/v2\/product\/782306","targetHints":{"allow":["GET"]}}],"collection":[{"href":"https:\/\/roveyayinevi.com.tr\/index.php\/wp-json\/wp\/v2\/product"}],"about":[{"href":"https:\/\/roveyayinevi.com.tr\/index.php\/wp-json\/wp\/v2\/types\/product"}],"wp:attachment":[{"href":"https:\/\/roveyayinevi.com.tr\/index.php\/wp-json\/wp\/v2\/media?parent=782306"}],"wp:term":[{"taxonomy":"product_brand","embeddable":true,"href":"https:\/\/roveyayinevi.com.tr\/index.php\/wp-json\/wp\/v2\/product_brand?post=782306"},{"taxonomy":"product_cat","embeddable":true,"href":"https:\/\/roveyayinevi.com.tr\/index.php\/wp-json\/wp\/v2\/product_cat?post=782306"},{"taxonomy":"product_tag","embeddable":true,"href":"https:\/\/roveyayinevi.com.tr\/index.php\/wp-json\/wp\/v2\/product_tag?post=782306"}],"curies":[{"name":"wp","href":"https:\/\/api.w.org\/{rel}","templated":true}]}}