{"id":782302,"date":"2026-02-23T11:08:07","date_gmt":"2026-02-23T08:08:07","guid":{"rendered":"https:\/\/roveyayinevi.com.tr\/index.php\/urun\/tepetaklak-3\/"},"modified":"2026-04-16T02:18:01","modified_gmt":"2026-04-15T23:18:01","slug":"tepetaklak-3","status":"publish","type":"product","link":"https:\/\/roveyayinevi.com.tr\/index.php\/urun\/tepetaklak-3\/","title":{"rendered":"Tepetaklak"},"content":{"rendered":"<p>Eduardo Galeano insan onurunun, erdemlili\u011fin, adalet duygusunun ve toplumsal belle\u011fin ya\u011fma, talan, \u00e7\u0131kar ili\u015fkileri ve emperyal politikalarla ala\u015fa\u011f\u0131 edildi\u011fi g\u00fcn\u00fcm\u00fcz\u00fcn \u201ctepetaklak\u201d d\u00fcnyas\u0131nda ayakta durmam\u0131z i\u00e7in k\u0131lavuzluk etmeyi s\u00fcrd\u00fcr\u00fcyor. Yeni d\u00fcnyay\u0131 saran belleksizle\u015fme sendromuna keskin kalemiyle sava\u015f a\u00e7an Galeano, Meksikal\u0131 grav\u00fcr ustas\u0131 Jos\u00e9 Guadalupe Posada\u2019n\u0131n k\u0131\u015fk\u0131rt\u0131c\u0131 tasvirleriyle zenginle\u015fen Tepetaklak \u2013 Tersine D\u00fcnya Okulu\u2019nda adaletsizli\u011fin, \u0131rk\u00e7\u0131l\u0131\u011f\u0131n ve cinsiyet\u00e7ili\u011fin temel ilkelerini; d\u00fcnyam\u0131z\u0131 tahrip edenlerin dokunulmazl\u0131k kalkan\u0131n\u0131; ileti\u015fimsizli\u011fin ve t\u00fcketimin yay\u0131lma stratejilerini; su\u00e7lu yaratma ve kitleleri k\u00f6lele\u015ftirme sanat\u0131n\u0131 yine benzersiz \u00fcslubuyla ele al\u0131yor. Okurunu ise \u00e7\u0131\u011f\u0131r\u0131ndan \u00e7\u0131km\u0131\u015f d\u00fcnyay\u0131 eski haline d\u00f6nd\u00fcrebilme umuduyla keyifli bir su\u00e7a, unutturulmaya \u00e7al\u0131\u015f\u0131lan tarihsel olaylar\u0131 if\u015faya ortak ediyor.<\/p>\n","protected":false},"excerpt":{"rendered":"<p>Eduardo Galeano insan onurunun, erdemlili\u011fin, adalet duygusunun ve toplumsal belle\u011fin ya\u011fma, talan, \u00e7\u0131kar ili\u015fkileri ve emperyal politikalarla ala\u015fa\u011f\u0131 edildi\u011fi g\u00fcn\u00fcm\u00fcz\u00fcn \u201ctepetaklak\u201d d\u00fcnyas\u0131nda ayakta durmam\u0131z i\u00e7in k\u0131lavuzluk<span class=\"excerpt-hellip\"> [\u2026]<\/span><\/p>\n","protected":false},"featured_media":0,"template":"","meta":{"_monsterinsights_skip_tracking":false,"_monsterinsights_sitenote_active":false,"_monsterinsights_sitenote_note":"","_monsterinsights_sitenote_category":0},"product_brand":[],"product_cat":[12777,12291],"product_tag":[],"class_list":{"0":"post-782302","1":"product","2":"type-product","3":"status-publish","5":"product_cat-deneme","6":"product_cat-edebiyat","7":"pa_cilt-ciltsiz","8":"pa_tur-kitap","9":"pa_yayinevi-sel-yayincilik","10":"pa_yazar-eduardo-galeano","12":"first","13":"instock","14":"sale","15":"shipping-taxable","16":"purchasable","17":"product-type-simple"},"_links":{"self":[{"href":"https:\/\/roveyayinevi.com.tr\/index.php\/wp-json\/wp\/v2\/product\/782302","targetHints":{"allow":["GET"]}}],"collection":[{"href":"https:\/\/roveyayinevi.com.tr\/index.php\/wp-json\/wp\/v2\/product"}],"about":[{"href":"https:\/\/roveyayinevi.com.tr\/index.php\/wp-json\/wp\/v2\/types\/product"}],"wp:attachment":[{"href":"https:\/\/roveyayinevi.com.tr\/index.php\/wp-json\/wp\/v2\/media?parent=782302"}],"wp:term":[{"taxonomy":"product_brand","embeddable":true,"href":"https:\/\/roveyayinevi.com.tr\/index.php\/wp-json\/wp\/v2\/product_brand?post=782302"},{"taxonomy":"product_cat","embeddable":true,"href":"https:\/\/roveyayinevi.com.tr\/index.php\/wp-json\/wp\/v2\/product_cat?post=782302"},{"taxonomy":"product_tag","embeddable":true,"href":"https:\/\/roveyayinevi.com.tr\/index.php\/wp-json\/wp\/v2\/product_tag?post=782302"}],"curies":[{"name":"wp","href":"https:\/\/api.w.org\/{rel}","templated":true}]}}