{"id":782301,"date":"2026-02-23T11:08:03","date_gmt":"2026-02-23T08:08:03","guid":{"rendered":"https:\/\/roveyayinevi.com.tr\/index.php\/urun\/the-witcher-cilt-2-tilki-cocuklar\/"},"modified":"2026-04-16T02:18:01","modified_gmt":"2026-04-15T23:18:01","slug":"the-witcher-cilt-2-tilki-cocuklar","status":"publish","type":"product","link":"https:\/\/roveyayinevi.com.tr\/index.php\/urun\/the-witcher-cilt-2-tilki-cocuklar\/","title":{"rendered":"The Witcher Cilt 2-Tilki \u00c7ocuklar"},"content":{"rendered":"<p>\u201cTobin, evreni ve karakterleri iyiden iyiye oturttu art\u0131k; elinizde ba\u015ftan sona kendine \u00f6zg\u00fc bir Witcher hik\u00e2yesi var. The Witcher III\u2019ten keyif ald\u0131ysan\u0131z, bu seriyi de \u015fiddetle \u00f6neririm.\u201d -Bloody D\u0131sgust\u0131ng- \u201cAldatmacalar\u0131n ard\u0131ndaki s\u0131r perdesi tam da Paul Tobin\u2019in \u00fcslubuna uyuyor \u00e7\u00fcnk\u00fc g\u00f6zleri \u00f6n\u00fcnde vuku bulan olaylar\u0131n arkas\u0131ndaki ger\u00e7ek ortaya \u00e7\u0131k\u0131nca, olup biten her \u015fey kendince \u00f6nemli hale gelebiliyor. Bir Witcher hayran\u0131 olarak, bu serinin ald\u0131\u011f\u0131 y\u00f6nden ve temposundan \u00e7ok memnunum ve s\u0131radaki maceray\u0131 okumak i\u00e7in sab\u0131rs\u0131zlan\u0131yorum.\u201d -Hulk\u0131ng Rev\u0131ewer- Yolculu\u011fu s\u0131ras\u0131nda, Geralt\u2019\u0131n yolu ahmaklarla, d\u00f6neklerle ve su\u00e7lularla dolu bir gemiye d\u00fc\u015fer ama yolcular\u0131n kimisi di\u011ferlerinden daha tehlikelidir ve birisi ise korkun\u00e7 bir s\u0131r saklamaktad\u0131r. Bu s\u0131r y\u00fcz\u00fcnden, tayfa ve yolcular\u0131n intikam <\/p>\n","protected":false},"excerpt":{"rendered":"<p>\u201cTobin, evreni ve karakterleri iyiden iyiye oturttu art\u0131k; elinizde ba\u015ftan sona kendine \u00f6zg\u00fc bir Witcher hik\u00e2yesi var. The Witcher III\u2019ten keyif ald\u0131ysan\u0131z, bu seriyi de \u015fiddetle<span class=\"excerpt-hellip\"> [\u2026]<\/span><\/p>\n","protected":false},"featured_media":0,"template":"","meta":{"_monsterinsights_skip_tracking":false,"_monsterinsights_sitenote_active":false,"_monsterinsights_sitenote_note":"","_monsterinsights_sitenote_category":0},"product_brand":[],"product_cat":[12689,12274],"product_tag":[],"class_list":{"0":"post-782301","1":"product","2":"type-product","3":"status-publish","5":"product_cat-cizgi-roman-cocuk-ve-genclik-kitaplari","6":"product_cat-cocuk-ve-genclik-kitaplari","7":"pa_cilt-ciltsiz","8":"pa_tur-kitap","9":"pa_yayinevi-jbc-yayincilik","10":"pa_yazar-paul-tobin","12":"first","13":"instock","14":"sale","15":"shipping-taxable","16":"purchasable","17":"product-type-simple"},"_links":{"self":[{"href":"https:\/\/roveyayinevi.com.tr\/index.php\/wp-json\/wp\/v2\/product\/782301","targetHints":{"allow":["GET"]}}],"collection":[{"href":"https:\/\/roveyayinevi.com.tr\/index.php\/wp-json\/wp\/v2\/product"}],"about":[{"href":"https:\/\/roveyayinevi.com.tr\/index.php\/wp-json\/wp\/v2\/types\/product"}],"wp:attachment":[{"href":"https:\/\/roveyayinevi.com.tr\/index.php\/wp-json\/wp\/v2\/media?parent=782301"}],"wp:term":[{"taxonomy":"product_brand","embeddable":true,"href":"https:\/\/roveyayinevi.com.tr\/index.php\/wp-json\/wp\/v2\/product_brand?post=782301"},{"taxonomy":"product_cat","embeddable":true,"href":"https:\/\/roveyayinevi.com.tr\/index.php\/wp-json\/wp\/v2\/product_cat?post=782301"},{"taxonomy":"product_tag","embeddable":true,"href":"https:\/\/roveyayinevi.com.tr\/index.php\/wp-json\/wp\/v2\/product_tag?post=782301"}],"curies":[{"name":"wp","href":"https:\/\/api.w.org\/{rel}","templated":true}]}}