{"id":782298,"date":"2026-02-23T11:07:17","date_gmt":"2026-02-23T08:07:17","guid":{"rendered":"https:\/\/roveyayinevi.com.tr\/index.php\/urun\/erken-cocukluk-doneminde-aile-egitimi\/"},"modified":"2026-04-16T02:17:34","modified_gmt":"2026-04-15T23:17:34","slug":"erken-cocukluk-doneminde-aile-egitimi","status":"publish","type":"product","link":"https:\/\/roveyayinevi.com.tr\/index.php\/urun\/erken-cocukluk-doneminde-aile-egitimi\/","title":{"rendered":"Erken \u00c7ocukluk D\u00f6neminde Aile E\u011fitimi"},"content":{"rendered":"<p>Bu kitap &#8220;\u00c7ocu\u011fumla zaman\u0131m\u0131 en iyi \u015fekilde nas\u0131l ge\u00e7irebilirim?\u201d diyen e\u011fitimci ve aileler i\u00e7in, okul aile i\u015fbirli\u011finde ailelerin e\u011fitime bilin\u00e7li kat\u0131l\u0131m\u0131, anne babalar\u0131n yakla\u015f\u0131mlar\u0131nda tutarl\u0131 olmalar\u0131 i\u00e7in haz\u0131rlanm\u0131\u015ft\u0131r.Kitab\u0131m\u0131z \u00fc\u00e7 b\u00f6l\u00fcmden olu\u015fmaktad\u0131r. Birinci b\u00f6l\u00fcmde; okul \u00f6ncesinde aile e\u011fitiminin \u00f6nemi ve amac\u0131, aile kat\u0131l\u0131m\u0131n\u0131n ger\u00e7ekle\u015ftirilmesinde izlenebilecek anne baba e\u011fitim program\u0131 uygulamalar\u0131 yer almaktad\u0131r. \u0130kinci b\u00f6l\u00fcm; \u00f6\u011fretmen ve ebeveynler i\u00e7in \u00f6nerilen ayl\u0131k aile kat\u0131l\u0131m\u0131 etkinlik b\u00fcltenlerinden olu\u015fmaktad\u0131r. \u00dc\u00e7\u00fcnc\u00fc b\u00f6l\u00fcmde ise \u00f6\u011fretmenlere y\u00f6nelik bilgilendirici yaz\u0131lar, mesajlar, anne babalar i\u00e7in model olmaya y\u00f6nelik destek olacak bilgilendirici yaz\u0131lar ve \u00e7ocuklarda kal\u0131c\u0131 davran\u0131\u015f geli\u015ftirmeyi ama\u00e7layan tablo \u00e7al\u0131\u015fmalar\u0131yla \u00f6z bak\u0131m becerileri, sorumluluk duygusu, iyi al\u0131\u015fkanl\u0131klar kazanma ve ileti\u015fim sorunlar\u0131n\u0131n a\u015f\u0131lmas\u0131nda \u00f6\u011fretmen ve ailelere rehber olaca\u011f\u0131 d\u00fc\u015f\u00fcn\u00fclen \u00f6rnekler bulunmaktad\u0131r.<\/p>\n","protected":false},"excerpt":{"rendered":"<p>Bu kitap &#8220;\u00c7ocu\u011fumla zaman\u0131m\u0131 en iyi \u015fekilde nas\u0131l ge\u00e7irebilirim?\u201d diyen e\u011fitimci ve aileler i\u00e7in, okul aile i\u015fbirli\u011finde ailelerin e\u011fitime bilin\u00e7li kat\u0131l\u0131m\u0131, anne babalar\u0131n yakla\u015f\u0131mlar\u0131nda tutarl\u0131 olmalar\u0131<span class=\"excerpt-hellip\"> [\u2026]<\/span><\/p>\n","protected":false},"featured_media":0,"template":"","meta":{"_monsterinsights_skip_tracking":false,"_monsterinsights_sitenote_active":false,"_monsterinsights_sitenote_note":"","_monsterinsights_sitenote_category":0},"product_brand":[],"product_cat":[17996,12364],"product_tag":[],"class_list":{"0":"post-782298","1":"product","2":"type-product","3":"status-publish","5":"product_cat-ebeveyn-kitaplari","6":"product_cat-genel-konular","7":"pa_cilt-ciltsiz","8":"pa_tur-kitap","9":"pa_yayinevi-egiten-kitap","10":"pa_yazar-dilfiruz-comert","12":"first","13":"instock","14":"sale","15":"shipping-taxable","16":"purchasable","17":"product-type-simple"},"_links":{"self":[{"href":"https:\/\/roveyayinevi.com.tr\/index.php\/wp-json\/wp\/v2\/product\/782298","targetHints":{"allow":["GET"]}}],"collection":[{"href":"https:\/\/roveyayinevi.com.tr\/index.php\/wp-json\/wp\/v2\/product"}],"about":[{"href":"https:\/\/roveyayinevi.com.tr\/index.php\/wp-json\/wp\/v2\/types\/product"}],"wp:attachment":[{"href":"https:\/\/roveyayinevi.com.tr\/index.php\/wp-json\/wp\/v2\/media?parent=782298"}],"wp:term":[{"taxonomy":"product_brand","embeddable":true,"href":"https:\/\/roveyayinevi.com.tr\/index.php\/wp-json\/wp\/v2\/product_brand?post=782298"},{"taxonomy":"product_cat","embeddable":true,"href":"https:\/\/roveyayinevi.com.tr\/index.php\/wp-json\/wp\/v2\/product_cat?post=782298"},{"taxonomy":"product_tag","embeddable":true,"href":"https:\/\/roveyayinevi.com.tr\/index.php\/wp-json\/wp\/v2\/product_tag?post=782298"}],"curies":[{"name":"wp","href":"https:\/\/api.w.org\/{rel}","templated":true}]}}