{"id":782297,"date":"2026-02-23T11:07:05","date_gmt":"2026-02-23T08:07:05","guid":{"rendered":"https:\/\/roveyayinevi.com.tr\/index.php\/urun\/murekkep-yurek\/"},"modified":"2026-04-16T02:17:28","modified_gmt":"2026-04-15T23:17:28","slug":"murekkep-yurek","status":"publish","type":"product","link":"https:\/\/roveyayinevi.com.tr\/index.php\/urun\/murekkep-yurek\/","title":{"rendered":"M\u00fcrekkep Y\u00fcrek"},"content":{"rendered":"<p>Mo sustu. Dalg\u0131n dalg\u0131n \u00f6n\u00fcne bakt\u0131, sanki kendi d\u00fc\u015f\u00fcneleri i\u00e7inde kaybolmu\u015ftu.   \u2018Ne oldu?\u2019 diye f\u0131s\u0131ldad\u0131 Meggie. \u2018Neler oldu Mo?\u2019   Babas\u0131, Meggie\u2019nin y\u00fcz\u00fcne bakt\u0131. \u2018Kitab\u0131n i\u00e7inden \u00e7\u0131kt\u0131lar.\u2019 Dedi. \u2018Birdenbire koridora a\u00e7\u0131lan kap\u0131n\u0131n \u00f6n\u00fcnde belirdiler, d\u0131\u015far\u0131dan gelmi\u015f gibi. Bize do\u011fru d\u00f6nd\u00fcklerinde, sanki birisi katlanm\u0131\u015f bir ka\u011f\u0131d\u0131 a\u00e7\u0131yormu\u015f gibi h\u0131\u015f\u0131rt\u0131lar geldi. \u0130simleri hala dudaklar\u0131mdayd\u0131: Basta, Toz Parmak, Capricorn.\u2019   Bir gece, Meggie\u2019nin babas\u0131 M\u00fcrekkep Y\u00fcrek isimli kitab\u0131 okurken, hikayenin kahramanlar\u0131ndan biri olan zalim h\u00fck\u00fcmdar evin oturma odas\u0131nda belirir!   Aniden, Meggie kendisini ancak romanlarda kar\u015f\u0131la\u015fabilece\u011fi t\u00fcrden bir maceran\u0131n orta yerinde bulmu\u015ftur. Bu kabusu bitirmek i\u00e7in Meggie b\u00fcy\u00fcye h\u00fckmetmek zorundad\u0131r, zira hayat\u0131n\u0131 sonsuza kadar de\u011fi\u015ftirecek bu duruma son verebilecek yegane ki\u015fi kendisidir. <\/p>\n","protected":false},"excerpt":{"rendered":"<p>Mo sustu. Dalg\u0131n dalg\u0131n \u00f6n\u00fcne bakt\u0131, sanki kendi d\u00fc\u015f\u00fcneleri i\u00e7inde kaybolmu\u015ftu. \u2018Ne oldu?\u2019 diye f\u0131s\u0131ldad\u0131 Meggie. \u2018Neler oldu Mo?\u2019 Babas\u0131, Meggie\u2019nin y\u00fcz\u00fcne bakt\u0131. \u2018Kitab\u0131n i\u00e7inden \u00e7\u0131kt\u0131lar.\u2019<span class=\"excerpt-hellip\"> [\u2026]<\/span><\/p>\n","protected":false},"featured_media":0,"template":"","meta":{"_monsterinsights_skip_tracking":false,"_monsterinsights_sitenote_active":false,"_monsterinsights_sitenote_note":"","_monsterinsights_sitenote_category":0},"product_brand":[],"product_cat":[12291,12711],"product_tag":[],"class_list":{"0":"post-782297","1":"product","2":"type-product","3":"status-publish","5":"product_cat-edebiyat","6":"product_cat-roman-oyku","7":"pa_cilt-ciltsiz","8":"pa_tur-kitap","9":"pa_yayinevi-akil-celen-kitaplar","10":"pa_yazar-cornelia-funke","12":"first","13":"instock","14":"sale","15":"shipping-taxable","16":"purchasable","17":"product-type-simple"},"_links":{"self":[{"href":"https:\/\/roveyayinevi.com.tr\/index.php\/wp-json\/wp\/v2\/product\/782297","targetHints":{"allow":["GET"]}}],"collection":[{"href":"https:\/\/roveyayinevi.com.tr\/index.php\/wp-json\/wp\/v2\/product"}],"about":[{"href":"https:\/\/roveyayinevi.com.tr\/index.php\/wp-json\/wp\/v2\/types\/product"}],"wp:attachment":[{"href":"https:\/\/roveyayinevi.com.tr\/index.php\/wp-json\/wp\/v2\/media?parent=782297"}],"wp:term":[{"taxonomy":"product_brand","embeddable":true,"href":"https:\/\/roveyayinevi.com.tr\/index.php\/wp-json\/wp\/v2\/product_brand?post=782297"},{"taxonomy":"product_cat","embeddable":true,"href":"https:\/\/roveyayinevi.com.tr\/index.php\/wp-json\/wp\/v2\/product_cat?post=782297"},{"taxonomy":"product_tag","embeddable":true,"href":"https:\/\/roveyayinevi.com.tr\/index.php\/wp-json\/wp\/v2\/product_tag?post=782297"}],"curies":[{"name":"wp","href":"https:\/\/api.w.org\/{rel}","templated":true}]}}