{"id":782272,"date":"2026-02-23T11:05:06","date_gmt":"2026-02-23T08:05:06","guid":{"rendered":"https:\/\/roveyayinevi.com.tr\/index.php\/urun\/askin-gozyaslari-serisi-3-kimya-hatun\/"},"modified":"2026-03-26T17:52:34","modified_gmt":"2026-03-26T14:52:34","slug":"askin-gozyaslari-serisi-3-kimya-hatun","status":"publish","type":"product","link":"https:\/\/roveyayinevi.com.tr\/index.php\/urun\/askin-gozyaslari-serisi-3-kimya-hatun\/","title":{"rendered":"A\u015fk\u0131n G\u00f6zya\u015flar\u0131 Serisi 3 &#8211; Kimya Hatun"},"content":{"rendered":"<p>\u201cEy a\u015fk! Bu nas\u0131l bir s\u0131r? \u0130\u00e7ine giren tufan oluyor.Bu nas\u0131l bir h\u0131rka? Kim giyse a\u015fk sarho\u015fu olup \u00e7\u0131k\u0131yor. A\u015fk\u0131n \u00e7ilesini k\u00fc\u00e7\u00fcmsedi\u011finiz an i\u00e7inizdeki cehennem b\u00fcy\u00fcr. A\u015fk\u0131n \u00e7ilesiymi\u015f a\u015fka dayanak olan. Yeter ki yan! Duman\u0131n bulut olur.Yeter ki yak! Ummanlar kazan olur. Nerede ate\u015f, orada su! Nerede su, orada ate\u015f! Ne tuhaf kimya!Ben, Kimya. Ben Rabbime \u00e2\u015f\u0131k bir garip kul. Ben, Mevl\u00e2n\u00e2\u2019n\u0131n ci\u00a4erparesi Kimya. Ben d\u00fcnyan\u0131n anlamamakta ayak diredi\u011fi ve y\u00fcre\u00a4ine parmak say\u0131s\u0131nca ki\u015finin ag\u00e2h oldu\u011fuTebrizli \u015eems\u2019i anlam\u0131\u015f, ya\u015fam\u0131\u015f ma\u015fukum. Ey g\u00f6zleri a\u015fk\u0131n g\u00f6zya\u015flar\u0131nda y\u0131kananlar! A\u011flamak gittik\u00e7e daha \u00e7ok zorla\u015f\u0131rken, var m\u0131 benim i\u00e7in de birka\u00e7 damla g\u00f6zya\u015f\u0131n\u0131z?\u201d<\/p>\n","protected":false},"excerpt":{"rendered":"<p>\u201cEy a\u015fk! Bu nas\u0131l bir s\u0131r? \u0130\u00e7ine giren tufan oluyor.Bu nas\u0131l bir h\u0131rka? Kim giyse a\u015fk sarho\u015fu olup \u00e7\u0131k\u0131yor. A\u015fk\u0131n \u00e7ilesini k\u00fc\u00e7\u00fcmsedi\u011finiz an i\u00e7inizdeki cehennem b\u00fcy\u00fcr.<span class=\"excerpt-hellip\"> [\u2026]<\/span><\/p>\n","protected":false},"featured_media":0,"template":"","meta":{"_monsterinsights_skip_tracking":false,"_monsterinsights_sitenote_active":false,"_monsterinsights_sitenote_note":"","_monsterinsights_sitenote_category":0},"product_brand":[],"product_cat":[12291,12292],"product_tag":[],"class_list":{"0":"post-782272","1":"product","2":"type-product","3":"status-publish","5":"product_cat-edebiyat","6":"product_cat-turk-edebiyati","7":"pa_cilt-ciltsiz","8":"pa_tur-kitap","9":"pa_yayinevi-kapi-yayinlari","10":"pa_yazar-sinan-yagmur","12":"first","13":"instock","14":"sale","15":"shipping-taxable","16":"purchasable","17":"product-type-simple"},"_links":{"self":[{"href":"https:\/\/roveyayinevi.com.tr\/index.php\/wp-json\/wp\/v2\/product\/782272","targetHints":{"allow":["GET"]}}],"collection":[{"href":"https:\/\/roveyayinevi.com.tr\/index.php\/wp-json\/wp\/v2\/product"}],"about":[{"href":"https:\/\/roveyayinevi.com.tr\/index.php\/wp-json\/wp\/v2\/types\/product"}],"wp:attachment":[{"href":"https:\/\/roveyayinevi.com.tr\/index.php\/wp-json\/wp\/v2\/media?parent=782272"}],"wp:term":[{"taxonomy":"product_brand","embeddable":true,"href":"https:\/\/roveyayinevi.com.tr\/index.php\/wp-json\/wp\/v2\/product_brand?post=782272"},{"taxonomy":"product_cat","embeddable":true,"href":"https:\/\/roveyayinevi.com.tr\/index.php\/wp-json\/wp\/v2\/product_cat?post=782272"},{"taxonomy":"product_tag","embeddable":true,"href":"https:\/\/roveyayinevi.com.tr\/index.php\/wp-json\/wp\/v2\/product_tag?post=782272"}],"curies":[{"name":"wp","href":"https:\/\/api.w.org\/{rel}","templated":true}]}}