{"id":782270,"date":"2026-02-23T11:03:38","date_gmt":"2026-02-23T08:03:38","guid":{"rendered":"https:\/\/roveyayinevi.com.tr\/index.php\/urun\/anarsi-cografya-modernite\/"},"modified":"2026-04-16T02:15:36","modified_gmt":"2026-04-15T23:15:36","slug":"anarsi-cografya-modernite","status":"publish","type":"product","link":"https:\/\/roveyayinevi.com.tr\/index.php\/urun\/anarsi-cografya-modernite\/","title":{"rendered":"Anar\u015fi Co\u011frafya Modernite"},"content":{"rendered":"<p>Kimi insanlar\u0131 tek bir s\u0131fatla, tek bir tan\u0131mlamayla anlatmak zordur. Elisee Reclus (1830-1905) i\u00e7in ise bu imkans\u0131z. En ba\u015fta, on binlerce sayfay\u0131 a\u015fan katk\u0131s\u0131yla co\u011frafya sahas\u0131n\u0131n en \u00f6nde gelen, be\u015feri co\u011frafyan\u0131n ise kurucu isimlerinden biri; ad\u0131 Godwin, Bakunin, Kropotkin\u2019le beraber an\u0131lan bir anar\u015fizm kuramc\u0131s\u0131, inand\u0131klar\u0131n\u0131 teori d\u00fczeyinde b\u0131rakmay\u0131p do\u011frudan ya\u015fam\u0131nda uygulayan yorulmak bilmez bir eylemci&#8230;Bunlar\u0131n yan\u0131nda, g\u00f6r\u00fc\u015fleri \u00e7a\u011f\u0131n\u0131n \u00e7ok \u00f6tesine uzanan bir d\u00fc\u015f\u00fcn\u00fcr Reclus. Kapitalizmin, t\u00fcketim toplumunun mant\u0131\u011f\u0131n\u0131n nerelere uzanabilece\u011fini \u015fa\u015f\u0131rt\u0131c\u0131 bir keskinlikle analiz ediyor, Avrupa merkezcili\u011fe ele\u015ftirel yakla\u015f\u0131yor, \u00f6zellikle \u0131rk\u00e7\u0131l\u0131k \u00fczerinden insan haklar\u0131n\u0131n, devam\u0131nda kad\u0131n haklar\u0131n\u0131n, \u00e7ocuk haklar\u0131n\u0131n, hayvan haklar\u0131n\u0131n ne kadar \u00f6nemli oldu\u011funun alt\u0131n\u0131 \u00e7iziyor, insan varolu\u015funun do\u011fan\u0131n kar\u015f\u0131s\u0131nda de\u011fil, i\u00e7inde oldu\u011funu vurgulayarak \u00e7ok sonralar\u0131 tart\u0131\u015f\u0131lmaya ba\u015flanacak ekolojik boyutun can al\u0131c\u0131 de\u011ferini daha o zamandan teslim ediyor.Klasik niteli\u011fi kazanm\u0131\u015f metinleri okuman\u0131n, hatta tekrar tekrar, bazen araya zaman koyarak okuman\u0131n gereklili\u011fine inan\u0131yoruz, bu \u00e7er\u00e7evede Reclus\u2019n\u00fcn se\u00e7ilmi\u015f yaz\u0131lar\u0131n\u0131 orijinal dilinden \u00e7evirisiyle, konunun uzman\u0131 John Clark\u2019\u0131n kapsaml\u0131 giri\u015f yaz\u0131s\u0131yla birlikte okurlar\u0131m\u0131z\u0131 sunuyoruz.Reclus\u2019n\u00fcn kimi d\u00fc\u015f\u00fcnceleri bug\u00fcn yaz\u0131ld\u0131klar\u0131 d\u00f6neme g\u00f6re \u00e7ok daha anlaml\u0131, \u00e7ok daha \u00fczerinde d\u00fc\u015f\u00fcn\u00fclmeye de\u011fer. <\/p>\n","protected":false},"excerpt":{"rendered":"<p>Kimi insanlar\u0131 tek bir s\u0131fatla, tek bir tan\u0131mlamayla anlatmak zordur. Elisee Reclus (1830-1905) i\u00e7in ise bu imkans\u0131z. En ba\u015fta, on binlerce sayfay\u0131 a\u015fan katk\u0131s\u0131yla co\u011frafya sahas\u0131n\u0131n<span class=\"excerpt-hellip\"> [\u2026]<\/span><\/p>\n","protected":false},"featured_media":0,"template":"","meta":{"_monsterinsights_skip_tracking":false,"_monsterinsights_sitenote_active":false,"_monsterinsights_sitenote_note":"","_monsterinsights_sitenote_category":0},"product_brand":[],"product_cat":[13590,12337],"product_tag":[],"class_list":{"0":"post-782270","1":"product","2":"type-product","3":"status-publish","5":"product_cat-arastirma-inceleme-politika-siyaset","6":"product_cat-politika-siyaset","7":"pa_cilt-ciltsiz","8":"pa_tur-kitap","9":"pa_yayinevi-can-yayinlari","10":"pa_yazar-john-clark","12":"first","13":"instock","14":"sale","15":"shipping-taxable","16":"purchasable","17":"product-type-simple"},"_links":{"self":[{"href":"https:\/\/roveyayinevi.com.tr\/index.php\/wp-json\/wp\/v2\/product\/782270","targetHints":{"allow":["GET"]}}],"collection":[{"href":"https:\/\/roveyayinevi.com.tr\/index.php\/wp-json\/wp\/v2\/product"}],"about":[{"href":"https:\/\/roveyayinevi.com.tr\/index.php\/wp-json\/wp\/v2\/types\/product"}],"wp:attachment":[{"href":"https:\/\/roveyayinevi.com.tr\/index.php\/wp-json\/wp\/v2\/media?parent=782270"}],"wp:term":[{"taxonomy":"product_brand","embeddable":true,"href":"https:\/\/roveyayinevi.com.tr\/index.php\/wp-json\/wp\/v2\/product_brand?post=782270"},{"taxonomy":"product_cat","embeddable":true,"href":"https:\/\/roveyayinevi.com.tr\/index.php\/wp-json\/wp\/v2\/product_cat?post=782270"},{"taxonomy":"product_tag","embeddable":true,"href":"https:\/\/roveyayinevi.com.tr\/index.php\/wp-json\/wp\/v2\/product_tag?post=782270"}],"curies":[{"name":"wp","href":"https:\/\/api.w.org\/{rel}","templated":true}]}}