{"id":782269,"date":"2026-02-23T11:03:32","date_gmt":"2026-02-23T08:03:32","guid":{"rendered":"https:\/\/roveyayinevi.com.tr\/index.php\/urun\/palyaco\/"},"modified":"2026-04-16T02:15:35","modified_gmt":"2026-04-15T23:15:35","slug":"palyaco","status":"publish","type":"product","link":"https:\/\/roveyayinevi.com.tr\/index.php\/urun\/palyaco\/","title":{"rendered":"Palya\u00e7o"},"content":{"rendered":"<p>Hans Schnier, varl\u0131kl\u0131 bir ailenin o\u011flu olmas\u0131na kar\u015f\u0131n meslek olarak palya\u00e7olu\u011fu se\u00e7mi\u015ftir. Evlenmeye ve do\u011facak \u00e7ocuklar\u0131n\u0131 Katolik terbiyesiyle b\u00fcy\u00fctmeye yana\u015fmad\u0131\u011f\u0131ndan, toplum bask\u0131s\u0131na direnemeyen sevgilisi taraf\u0131ndan terk edilir. Hans bu kay\u0131p y\u00fcz\u00fcnden y\u0131k\u0131l\u0131r, sanat\u0131 bitme noktas\u0131na gelir. Palya\u00e7o 1963 y\u0131l\u0131nda yay\u0131mland\u0131\u011f\u0131nda Almanya\u2019da b\u00fcy\u00fck tart\u0131\u015fmalara yol a\u00e7m\u0131\u015f, Heinrich B\u00f6ll din kar\u015f\u0131t\u0131 olmakla su\u00e7lanm\u0131\u015ft\u0131r. Oysa yazar, \u0130kinci D\u00fcnya Sava\u015f\u0131 sonras\u0131 burjuva toplumunun dar kafal\u0131l\u0131\u011f\u0131 ve \u00e7arp\u0131k ahlak\u0131 y\u00fcz\u00fcnden &#8220;ayr\u0131ks\u0131&#8221; bir bireyin o toplumda kendine yer bulamay\u0131\u015f\u0131n\u0131n alt\u0131n\u0131 \u00e7izer. Palya\u00e7onun maskesi ard\u0131nda en sars\u0131c\u0131 ger\u00e7ekleri dile getirir; g\u00fcnl\u00fck hayat\u0131n ac\u0131mas\u0131zl\u0131klar\u0131n\u0131, bo\u015f kurallar\u0131, haks\u0131z bask\u0131lar\u0131 okurun y\u00fcz\u00fcne bir tokat gibi \u00e7arpar. Palya\u00e7o makyaj\u0131, asl\u0131nda bireyin ac\u0131lar\u0131n\u0131, arzular\u0131n\u0131, umutlar\u0131n\u0131 saklad\u0131\u011f\u0131 bir maskedir. G\u00fczel bir s\u00f6z vard\u0131r: hi\u00e7bir \u015fey. Hi\u00e7bir \u015fey d\u00fc\u015f\u00fcnme. Ba\u015fbakan\u2019\u0131 d\u00fc\u015f\u00fcnme, Katolikleri de d\u00fc\u015f\u00fcnme. K\u00fcvette a\u011flayan, terliklerine kahve damlayan o palya\u00e7oyu d\u00fc\u015f\u00fcn. \ufffcTan\u0131t\u0131m Metni<\/p>\n","protected":false},"excerpt":{"rendered":"<p>Hans Schnier, varl\u0131kl\u0131 bir ailenin o\u011flu olmas\u0131na kar\u015f\u0131n meslek olarak palya\u00e7olu\u011fu se\u00e7mi\u015ftir. Evlenmeye ve do\u011facak \u00e7ocuklar\u0131n\u0131 Katolik terbiyesiyle b\u00fcy\u00fctmeye yana\u015fmad\u0131\u011f\u0131ndan, toplum bask\u0131s\u0131na direnemeyen sevgilisi taraf\u0131ndan terk<span class=\"excerpt-hellip\"> [\u2026]<\/span><\/p>\n","protected":false},"featured_media":0,"template":"","meta":{"_monsterinsights_skip_tracking":false,"_monsterinsights_sitenote_active":false,"_monsterinsights_sitenote_note":"","_monsterinsights_sitenote_category":0},"product_brand":[],"product_cat":[12782,12291],"product_tag":[],"class_list":{"0":"post-782269","1":"product","2":"type-product","3":"status-publish","5":"product_cat-alman-edebiyati","6":"product_cat-edebiyat","7":"pa_cilt-ciltsiz","8":"pa_tur-kitap","9":"pa_yayinevi-can-yayinlari","10":"pa_yazar-heinrich-boll","12":"first","13":"instock","14":"sale","15":"shipping-taxable","16":"purchasable","17":"product-type-simple"},"_links":{"self":[{"href":"https:\/\/roveyayinevi.com.tr\/index.php\/wp-json\/wp\/v2\/product\/782269","targetHints":{"allow":["GET"]}}],"collection":[{"href":"https:\/\/roveyayinevi.com.tr\/index.php\/wp-json\/wp\/v2\/product"}],"about":[{"href":"https:\/\/roveyayinevi.com.tr\/index.php\/wp-json\/wp\/v2\/types\/product"}],"wp:attachment":[{"href":"https:\/\/roveyayinevi.com.tr\/index.php\/wp-json\/wp\/v2\/media?parent=782269"}],"wp:term":[{"taxonomy":"product_brand","embeddable":true,"href":"https:\/\/roveyayinevi.com.tr\/index.php\/wp-json\/wp\/v2\/product_brand?post=782269"},{"taxonomy":"product_cat","embeddable":true,"href":"https:\/\/roveyayinevi.com.tr\/index.php\/wp-json\/wp\/v2\/product_cat?post=782269"},{"taxonomy":"product_tag","embeddable":true,"href":"https:\/\/roveyayinevi.com.tr\/index.php\/wp-json\/wp\/v2\/product_tag?post=782269"}],"curies":[{"name":"wp","href":"https:\/\/api.w.org\/{rel}","templated":true}]}}