{"id":782265,"date":"2026-02-23T11:02:51","date_gmt":"2026-02-23T08:02:51","guid":{"rendered":"https:\/\/roveyayinevi.com.tr\/index.php\/urun\/gobekli-tepe-3\/"},"modified":"2026-04-16T02:14:58","modified_gmt":"2026-04-15T23:14:58","slug":"gobekli-tepe-3","status":"publish","type":"product","link":"https:\/\/roveyayinevi.com.tr\/index.php\/urun\/gobekli-tepe-3\/","title":{"rendered":"G\u00f6bekli Tepe"},"content":{"rendered":"<p>Karl W. Luckert sadece G\u00f6beklitepe\u2019nin sembollerinin ne anlama geldiklerini, mimari yap\u0131y\u0131 anlatm\u0131yor; neolitik \u00e7a\u011f insan\u0131n\u0131n ara\u00e7 ve gere\u00e7lerini, ya\u015fam e\u011filimlerini, gizemlerini, din anlay\u0131\u015flar\u0131n\u0131, avc\u0131 toplumunun davran\u0131\u015f bi\u00e7imlerini irdeleyerek bir insanl\u0131k tarihi \u00e7al\u0131\u015fmas\u0131 sunuyor.  G\u00f6bekli Tepe kaz\u0131lar\u0131 bug\u00fcne dek bilinmeyen \u201cneolitik devrim\u201din dinsel yap\u0131s\u0131n\u0131 ortaya \u00e7\u0131kard\u0131. Bu k\u00fclt neredeyse 12.000 y\u0131l \u00f6nce Bereketli Hilal\u2019in, yani Mezopotamya&#8217;n\u0131n kuzeyinde, avc\u0131-\u015famanlar, \u00e7akmakta\u015f\u0131 madencileri ve silah-yap\u0131c\u0131lar\u0131n rahiplerince kurulmu\u015ftur. Silah yap\u0131m\u0131ndaki bu ilerleme sayesinde ge\u00e7ici bir s\u00fcreli\u011fine de olsa yiyecek bolla\u015ft\u0131, avc\u0131 say\u0131s\u0131 artt\u0131 ve av hayvanlar\u0131 say\u0131s\u0131 da azald\u0131. Hayvan say\u0131s\u0131ndaki bu azalman\u0131n  \u00f6n\u00fcne ge\u00e7mek i\u00e7in hayat\u0131n yeniden \u00fcretiminde uzmanla\u015fm\u0131\u015f bir rahip k\u00fclt\u00fc geli\u015fti. Bu rahip s\u0131n\u0131f\u0131n\u0131n bitkiler ve hayvanlar \u00fczerinde kontrol kurulabilece\u011fi y\u00f6n\u00fcndeki ak\u0131l y\u00fcr\u00fctmesi sonucunda evcille\u015ftirme \u00e7ok te\u015fvik edildi; bunun sonucunda olu\u015fan \u201ca\u015f\u0131r\u0131-evcille\u015ftirme\u201d durumu da uygarl\u0131\u011f\u0131m\u0131z\u0131n ilk basama\u011f\u0131n\u0131 olu\u015fturdu. <\/p>\n","protected":false},"excerpt":{"rendered":"<p>Karl W. Luckert sadece G\u00f6beklitepe\u2019nin sembollerinin ne anlama geldiklerini, mimari yap\u0131y\u0131 anlatm\u0131yor; neolitik \u00e7a\u011f insan\u0131n\u0131n ara\u00e7 ve gere\u00e7lerini, ya\u015fam e\u011filimlerini, gizemlerini, din anlay\u0131\u015flar\u0131n\u0131, avc\u0131 toplumunun davran\u0131\u015f<span class=\"excerpt-hellip\"> [\u2026]<\/span><\/p>\n","protected":false},"featured_media":0,"template":"","meta":{"_monsterinsights_skip_tracking":false,"_monsterinsights_sitenote_active":false,"_monsterinsights_sitenote_note":"","_monsterinsights_sitenote_category":0},"product_brand":[],"product_cat":[52477,52478],"product_tag":[],"class_list":{"0":"post-782265","1":"product","2":"type-product","3":"status-publish","5":"product_cat-arastirma","6":"product_cat-arkeoloji","7":"pa_cilt-ciltsiz","8":"pa_tur-kitap","9":"pa_yayinevi-alfa-yayinlari","10":"pa_yazar-karl-w-luckert","12":"first","13":"instock","14":"sale","15":"shipping-taxable","16":"purchasable","17":"product-type-simple"},"_links":{"self":[{"href":"https:\/\/roveyayinevi.com.tr\/index.php\/wp-json\/wp\/v2\/product\/782265","targetHints":{"allow":["GET"]}}],"collection":[{"href":"https:\/\/roveyayinevi.com.tr\/index.php\/wp-json\/wp\/v2\/product"}],"about":[{"href":"https:\/\/roveyayinevi.com.tr\/index.php\/wp-json\/wp\/v2\/types\/product"}],"wp:attachment":[{"href":"https:\/\/roveyayinevi.com.tr\/index.php\/wp-json\/wp\/v2\/media?parent=782265"}],"wp:term":[{"taxonomy":"product_brand","embeddable":true,"href":"https:\/\/roveyayinevi.com.tr\/index.php\/wp-json\/wp\/v2\/product_brand?post=782265"},{"taxonomy":"product_cat","embeddable":true,"href":"https:\/\/roveyayinevi.com.tr\/index.php\/wp-json\/wp\/v2\/product_cat?post=782265"},{"taxonomy":"product_tag","embeddable":true,"href":"https:\/\/roveyayinevi.com.tr\/index.php\/wp-json\/wp\/v2\/product_tag?post=782265"}],"curies":[{"name":"wp","href":"https:\/\/api.w.org\/{rel}","templated":true}]}}