{"id":782264,"date":"2026-02-23T11:02:48","date_gmt":"2026-02-23T08:02:48","guid":{"rendered":"https:\/\/roveyayinevi.com.tr\/index.php\/urun\/bati-felsefesi-tarihi-cilt-3\/"},"modified":"2026-04-16T02:14:58","modified_gmt":"2026-04-15T23:14:58","slug":"bati-felsefesi-tarihi-cilt-3","status":"publish","type":"product","link":"https:\/\/roveyayinevi.com.tr\/index.php\/urun\/bati-felsefesi-tarihi-cilt-3\/","title":{"rendered":"Bat\u0131 Felsefesi Tarihi (Cilt 3)"},"content":{"rendered":"<p>Machiavelli, Erasmus, More, Francis Bacon, Descartes, Spinoza, Leibniz, Locke, Berkeley, Rousseau, Kant, Hegel, Byron, Schopenhauer, Nietzsche, Faydac\u0131lar, Karl Marx, Bergson, William James, John DeweyHer sayfas\u0131 fikir dolu; bu sars\u0131c\u0131, derin, ayk\u0131r\u0131, komik, zeki fikirler bir noktadan sonra zihninizi b\u00fcy\u00fctecek.Good Book GuideHi\u00e7bir zaman raflarda eksik olmamal\u0131. The Evening StandardBat\u0131 Felsefesi Tarihi yay\u0131mland\u0131\u011f\u0131 g\u00fcnden beri alan\u0131ndaki en m\u00fckemmel giri\u015f kitab\u0131 olmay\u0131 s\u00fcrd\u00fcr\u00fcyor. \u00c7\u00fcnk\u00fc herkesin okuyabilece\u011fi ama yaln\u0131zca Russell\u2019\u0131n yazabilece\u011fi bir kitap.Ray Monk <\/p>\n","protected":false},"excerpt":{"rendered":"<p>Machiavelli, Erasmus, More, Francis Bacon, Descartes, Spinoza, Leibniz, Locke, Berkeley, Rousseau, Kant, Hegel, Byron, Schopenhauer, Nietzsche, Faydac\u0131lar, Karl Marx, Bergson, William James, John DeweyHer sayfas\u0131 fikir<span class=\"excerpt-hellip\"> [\u2026]<\/span><\/p>\n","protected":false},"featured_media":0,"template":"","meta":{"_monsterinsights_skip_tracking":false,"_monsterinsights_sitenote_active":false,"_monsterinsights_sitenote_note":"","_monsterinsights_sitenote_category":0},"product_brand":[],"product_cat":[12388,14717],"product_tag":[],"class_list":{"0":"post-782264","1":"product","2":"type-product","3":"status-publish","5":"product_cat-felsefe","6":"product_cat-felsefe-tarihi","7":"pa_cilt-ciltsiz","8":"pa_tur-kitap","9":"pa_yayinevi-alfa-yayinlari","10":"pa_yazar-bertrand-russell","12":"first","13":"instock","14":"sale","15":"shipping-taxable","16":"purchasable","17":"product-type-simple"},"_links":{"self":[{"href":"https:\/\/roveyayinevi.com.tr\/index.php\/wp-json\/wp\/v2\/product\/782264","targetHints":{"allow":["GET"]}}],"collection":[{"href":"https:\/\/roveyayinevi.com.tr\/index.php\/wp-json\/wp\/v2\/product"}],"about":[{"href":"https:\/\/roveyayinevi.com.tr\/index.php\/wp-json\/wp\/v2\/types\/product"}],"wp:attachment":[{"href":"https:\/\/roveyayinevi.com.tr\/index.php\/wp-json\/wp\/v2\/media?parent=782264"}],"wp:term":[{"taxonomy":"product_brand","embeddable":true,"href":"https:\/\/roveyayinevi.com.tr\/index.php\/wp-json\/wp\/v2\/product_brand?post=782264"},{"taxonomy":"product_cat","embeddable":true,"href":"https:\/\/roveyayinevi.com.tr\/index.php\/wp-json\/wp\/v2\/product_cat?post=782264"},{"taxonomy":"product_tag","embeddable":true,"href":"https:\/\/roveyayinevi.com.tr\/index.php\/wp-json\/wp\/v2\/product_tag?post=782264"}],"curies":[{"name":"wp","href":"https:\/\/api.w.org\/{rel}","templated":true}]}}