{"id":782263,"date":"2026-02-23T11:02:47","date_gmt":"2026-02-23T08:02:47","guid":{"rendered":"https:\/\/roveyayinevi.com.tr\/index.php\/urun\/bati-felsefesi-tarihi-cilt-2\/"},"modified":"2026-04-16T02:14:58","modified_gmt":"2026-04-15T23:14:58","slug":"bati-felsefesi-tarihi-cilt-2","status":"publish","type":"product","link":"https:\/\/roveyayinevi.com.tr\/index.php\/urun\/bati-felsefesi-tarihi-cilt-2\/","title":{"rendered":"Bat\u0131 Felsefesi Tarihi (Cilt 2)"},"content":{"rendered":"<p>Bu kitap ba\u015ftan sona meziyetlerle dolu. Russell\u2019\u0131n b\u00fcy\u00fck ustas\u0131 oldu\u011fu g\u00fczel ve \u0131\u015f\u0131lt\u0131l\u0131 \u00fcslupla yaz\u0131lm\u0131\u015f. A\u00e7\u0131klamalar\u0131 ve ak\u0131l y\u00fcr\u00fct\u00fc\u015f\u00fc klasiklere yara\u015f\u0131r \u015fekilde a\u00e7\u0131k oldu\u011fu kadar m\u00fcthi\u015f d\u00fcr\u00fcst de.Isaiah BerlinRussell\u2019\u0131n bu harika kitab\u0131, Bat\u0131 felsefesini toplumsal ve ekonomik ba\u011flam\u0131nda ele alan ilk kitapt\u0131r. Okumas\u0131n\u0131 bilen herkes okumal\u0131.Sir Julian HuxleyAziz Augustinus, Aziz Benedictus, B\u00fcy\u00fck Gregorius, Skolastikler, Johannes Scotus, St. Thomas Aquinas, Fransiskenler, Papal\u0131k<\/p>\n","protected":false},"excerpt":{"rendered":"<p>Bu kitap ba\u015ftan sona meziyetlerle dolu. Russell\u2019\u0131n b\u00fcy\u00fck ustas\u0131 oldu\u011fu g\u00fczel ve \u0131\u015f\u0131lt\u0131l\u0131 \u00fcslupla yaz\u0131lm\u0131\u015f. A\u00e7\u0131klamalar\u0131 ve ak\u0131l y\u00fcr\u00fct\u00fc\u015f\u00fc klasiklere yara\u015f\u0131r \u015fekilde a\u00e7\u0131k oldu\u011fu kadar m\u00fcthi\u015f<span class=\"excerpt-hellip\"> [\u2026]<\/span><\/p>\n","protected":false},"featured_media":0,"template":"","meta":{"_monsterinsights_skip_tracking":false,"_monsterinsights_sitenote_active":false,"_monsterinsights_sitenote_note":"","_monsterinsights_sitenote_category":0},"product_brand":[],"product_cat":[12312,12304],"product_tag":[],"class_list":{"0":"post-782263","1":"product","2":"type-product","3":"status-publish","5":"product_cat-diger","6":"product_cat-tarih","7":"pa_cilt-ciltsiz","8":"pa_tur-kitap","9":"pa_yayinevi-alfa-yayinlari","10":"pa_yazar-bertrand-russell","12":"first","13":"instock","14":"sale","15":"shipping-taxable","16":"purchasable","17":"product-type-simple"},"_links":{"self":[{"href":"https:\/\/roveyayinevi.com.tr\/index.php\/wp-json\/wp\/v2\/product\/782263","targetHints":{"allow":["GET"]}}],"collection":[{"href":"https:\/\/roveyayinevi.com.tr\/index.php\/wp-json\/wp\/v2\/product"}],"about":[{"href":"https:\/\/roveyayinevi.com.tr\/index.php\/wp-json\/wp\/v2\/types\/product"}],"wp:attachment":[{"href":"https:\/\/roveyayinevi.com.tr\/index.php\/wp-json\/wp\/v2\/media?parent=782263"}],"wp:term":[{"taxonomy":"product_brand","embeddable":true,"href":"https:\/\/roveyayinevi.com.tr\/index.php\/wp-json\/wp\/v2\/product_brand?post=782263"},{"taxonomy":"product_cat","embeddable":true,"href":"https:\/\/roveyayinevi.com.tr\/index.php\/wp-json\/wp\/v2\/product_cat?post=782263"},{"taxonomy":"product_tag","embeddable":true,"href":"https:\/\/roveyayinevi.com.tr\/index.php\/wp-json\/wp\/v2\/product_tag?post=782263"}],"curies":[{"name":"wp","href":"https:\/\/api.w.org\/{rel}","templated":true}]}}