{"id":782260,"date":"2026-02-23T11:01:51","date_gmt":"2026-02-23T08:01:51","guid":{"rendered":"https:\/\/roveyayinevi.com.tr\/index.php\/urun\/mary-stuart\/"},"modified":"2026-04-16T02:14:34","modified_gmt":"2026-04-15T23:14:34","slug":"mary-stuart","status":"publish","type":"product","link":"https:\/\/roveyayinevi.com.tr\/index.php\/urun\/mary-stuart\/","title":{"rendered":"Mary Stuart"},"content":{"rendered":"<p>Stefan ZweIg \u00fcnl\u00fc \u0130sko\u00e7 krali\u00e7esi Mary Stuart\u2019tan bahsederken, \u201cD\u00fcnya tarihinde belki de ba\u015fka hi\u00e7bir kad\u0131n edebiyata bu kadar \u00e7ok konu olmam\u0131\u015f, dramlarda, romanlarda, biyografilerde ve tart\u0131\u015fmalarda b\u00f6ylesine \u00e7ok \u0130\u015flenmemi\u015ftir,\u201d der. \ufffc<\/p>\n","protected":false},"excerpt":{"rendered":"<p>Stefan ZweIg \u00fcnl\u00fc \u0130sko\u00e7 krali\u00e7esi Mary Stuart\u2019tan bahsederken, \u201cD\u00fcnya tarihinde belki de ba\u015fka hi\u00e7bir kad\u0131n edebiyata bu kadar \u00e7ok konu olmam\u0131\u015f, dramlarda, romanlarda, biyografilerde ve tart\u0131\u015fmalarda<span class=\"excerpt-hellip\"> [\u2026]<\/span><\/p>\n","protected":false},"featured_media":0,"template":"","meta":{"_monsterinsights_skip_tracking":false,"_monsterinsights_sitenote_active":false,"_monsterinsights_sitenote_note":"","_monsterinsights_sitenote_category":0},"product_brand":[],"product_cat":[12291,12866],"product_tag":[],"class_list":{"0":"post-782260","1":"product","2":"type-product","3":"status-publish","5":"product_cat-edebiyat","6":"product_cat-ingiliz-edebiyati","7":"pa_cilt-ciltsiz","8":"pa_tur-kitap","9":"pa_yayinevi-can-yayinlari","10":"pa_yazar-stefan-zweig","12":"first","13":"instock","14":"sale","15":"shipping-taxable","16":"purchasable","17":"product-type-simple"},"_links":{"self":[{"href":"https:\/\/roveyayinevi.com.tr\/index.php\/wp-json\/wp\/v2\/product\/782260","targetHints":{"allow":["GET"]}}],"collection":[{"href":"https:\/\/roveyayinevi.com.tr\/index.php\/wp-json\/wp\/v2\/product"}],"about":[{"href":"https:\/\/roveyayinevi.com.tr\/index.php\/wp-json\/wp\/v2\/types\/product"}],"wp:attachment":[{"href":"https:\/\/roveyayinevi.com.tr\/index.php\/wp-json\/wp\/v2\/media?parent=782260"}],"wp:term":[{"taxonomy":"product_brand","embeddable":true,"href":"https:\/\/roveyayinevi.com.tr\/index.php\/wp-json\/wp\/v2\/product_brand?post=782260"},{"taxonomy":"product_cat","embeddable":true,"href":"https:\/\/roveyayinevi.com.tr\/index.php\/wp-json\/wp\/v2\/product_cat?post=782260"},{"taxonomy":"product_tag","embeddable":true,"href":"https:\/\/roveyayinevi.com.tr\/index.php\/wp-json\/wp\/v2\/product_tag?post=782260"}],"curies":[{"name":"wp","href":"https:\/\/api.w.org\/{rel}","templated":true}]}}