{"id":782258,"date":"2026-02-23T11:01:43","date_gmt":"2026-02-23T08:01:43","guid":{"rendered":"https:\/\/roveyayinevi.com.tr\/index.php\/urun\/swannin-bir-aski-2\/"},"modified":"2026-04-16T02:14:33","modified_gmt":"2026-04-15T23:14:33","slug":"swannin-bir-aski-2","status":"publish","type":"product","link":"https:\/\/roveyayinevi.com.tr\/index.php\/urun\/swannin-bir-aski-2\/","title":{"rendered":"Swann\u2019\u0131n Bir A\u015fk\u0131"},"content":{"rendered":"<p>Marcel Proust\u2019un dev yap\u0131t\u0131 Kay\u0131p Zaman\u0131n \u0130zinde\u2019nin Swann\u2019lar\u0131n Taraf\u0131 cildinin ikinci b\u00f6l\u00fcm\u00fcnde yer alan Swann\u2019\u0131n Bir A\u015fk\u0131 y\u00fczy\u0131l\u0131m\u0131z\u0131n ku\u015fkusuz an\u0131t yap\u0131tlar\u0131ndan biridir. Roman t\u00fcr\u00fcne getirdi\u011fi yeni boyutlar\u0131n yan\u0131 s\u0131ra benzerine az rastlanan anlat\u0131m\u0131 ve imgeleriyle, yo\u011fun d\u00fc\u015f\u00fcnce y\u00fck\u00fcyle, Fransa\u2019n\u0131n ve d\u00fcnyan\u0131n, \u00e7a\u011f\u0131m\u0131z\u0131n ve b\u00fct\u00fcn \u00e7a\u011flar\u0131n en b\u00fcy\u00fck edebiyat yap\u0131tlar\u0131ndan biri oldu\u011fu konusunda bug\u00fcn herkesin birle\u015fti\u011fi eser, s\u0131k s\u0131k ayr\u0131 bir kitap olarak bas\u0131lagelmi\u015ftir.   Her ikisi de 19. y\u00fczy\u0131l\u0131n sonunda burjuva Paris sosyetesinde ya\u015fayan Charles Swann ile Odette de Cr\u00e9cy\u2019nin, mutlu ba\u015flayan ancak k\u0131sa s\u00fcre sonra k\u0131skan\u00e7l\u0131k ve ac\u0131yla dolu bir \u0131st\u0131rapa d\u00f6n\u00fc\u015fen a\u015fk ili\u015fkisini anlat\u0131r.   G\u00f6zleme dayal\u0131 tespitlerin ve gizli mizah\u0131n ustas\u0131 Proust a\u015fk hakk\u0131nda d\u00fc\u015f\u00fcnd\u00fc\u011f\u00fc ve hissetti\u011fi her \u015feyi bu romanda aktarm\u0131\u015ft\u0131r. <\/p>\n","protected":false},"excerpt":{"rendered":"<p>Marcel Proust\u2019un dev yap\u0131t\u0131 Kay\u0131p Zaman\u0131n \u0130zinde\u2019nin Swann\u2019lar\u0131n Taraf\u0131 cildinin ikinci b\u00f6l\u00fcm\u00fcnde yer alan Swann\u2019\u0131n Bir A\u015fk\u0131 y\u00fczy\u0131l\u0131m\u0131z\u0131n ku\u015fkusuz an\u0131t yap\u0131tlar\u0131ndan biridir. Roman t\u00fcr\u00fcne getirdi\u011fi yeni<span class=\"excerpt-hellip\"> [\u2026]<\/span><\/p>\n","protected":false},"featured_media":0,"template":"","meta":{"_monsterinsights_skip_tracking":false,"_monsterinsights_sitenote_active":false,"_monsterinsights_sitenote_note":"","_monsterinsights_sitenote_category":0},"product_brand":[],"product_cat":[12291,13376],"product_tag":[],"class_list":{"0":"post-782258","1":"product","2":"type-product","3":"status-publish","5":"product_cat-edebiyat","6":"product_cat-fransiz-edebiyati","7":"pa_cilt-ciltsiz","8":"pa_tur-kitap","9":"pa_yayinevi-can-yayinlari","10":"pa_yazar-marcel-proust","12":"first","13":"instock","14":"sale","15":"shipping-taxable","16":"purchasable","17":"product-type-simple"},"_links":{"self":[{"href":"https:\/\/roveyayinevi.com.tr\/index.php\/wp-json\/wp\/v2\/product\/782258","targetHints":{"allow":["GET"]}}],"collection":[{"href":"https:\/\/roveyayinevi.com.tr\/index.php\/wp-json\/wp\/v2\/product"}],"about":[{"href":"https:\/\/roveyayinevi.com.tr\/index.php\/wp-json\/wp\/v2\/types\/product"}],"wp:attachment":[{"href":"https:\/\/roveyayinevi.com.tr\/index.php\/wp-json\/wp\/v2\/media?parent=782258"}],"wp:term":[{"taxonomy":"product_brand","embeddable":true,"href":"https:\/\/roveyayinevi.com.tr\/index.php\/wp-json\/wp\/v2\/product_brand?post=782258"},{"taxonomy":"product_cat","embeddable":true,"href":"https:\/\/roveyayinevi.com.tr\/index.php\/wp-json\/wp\/v2\/product_cat?post=782258"},{"taxonomy":"product_tag","embeddable":true,"href":"https:\/\/roveyayinevi.com.tr\/index.php\/wp-json\/wp\/v2\/product_tag?post=782258"}],"curies":[{"name":"wp","href":"https:\/\/api.w.org\/{rel}","templated":true}]}}