{"id":782256,"date":"2026-02-23T11:01:33","date_gmt":"2026-02-23T08:01:33","guid":{"rendered":"https:\/\/roveyayinevi.com.tr\/index.php\/urun\/sonsuz-talep-baglanma-etigi-direnis-siyaseti\/"},"modified":"2026-04-16T02:14:30","modified_gmt":"2026-04-15T23:14:30","slug":"sonsuz-talep-baglanma-etigi-direnis-siyaseti","status":"publish","type":"product","link":"https:\/\/roveyayinevi.com.tr\/index.php\/urun\/sonsuz-talep-baglanma-etigi-direnis-siyaseti\/","title":{"rendered":"Sonsuz Talep: Ba\u011flanma Eti\u011fi, Direni\u015f Siyaseti"},"content":{"rendered":"<p>Simon Critchley Sonsuz Talep&#8217;te bir yandan i\u00e7inde ya\u015fad\u0131\u011f\u0131m\u0131z kapitalist liberal demokrasi d\u00f6neminde yo\u011fun bi\u00e7imde hissedilen siyasal hayal k\u0131r\u0131kl\u0131\u011f\u0131n\u0131n nedenlerini ara\u015ft\u0131r\u0131rken, bir yandan da bu hayal k\u0131r\u0131kl\u0131\u011f\u0131n\u0131 ve do\u011furmas\u0131 muhtemel nihilist tepkileri, insanlar\u0131 sahiden motive etme g\u00fcc\u00fc olan radikal bir siyasetle a\u015fman\u0131n yollar\u0131n\u0131 analiz ediyor. B\u00f6yle bir siyaseti \u015fekillendirebilecek bir ba\u011flanma eti\u011finin ve bu eti\u011fin ta\u015f\u0131y\u0131c\u0131s\u0131 olacak \u00f6zne kavray\u0131\u015f\u0131n\u0131n anahatlar\u0131n\u0131 Kant, Marx, Levinas, Badiou, Ranci\u00e8re ve Lacan gibi d\u00fc\u015f\u00fcn\u00fcrlerin metinleriyle \u00f6zg\u00fcn bir bi\u00e7imde hesapla\u015farak \u00e7iziyor. <\/p>\n","protected":false},"excerpt":{"rendered":"<p>Simon Critchley Sonsuz Talep&#8217;te bir yandan i\u00e7inde ya\u015fad\u0131\u011f\u0131m\u0131z kapitalist liberal demokrasi d\u00f6neminde yo\u011fun bi\u00e7imde hissedilen siyasal hayal k\u0131r\u0131kl\u0131\u011f\u0131n\u0131n nedenlerini ara\u015ft\u0131r\u0131rken, bir yandan da bu hayal k\u0131r\u0131kl\u0131\u011f\u0131n\u0131<span class=\"excerpt-hellip\"> [\u2026]<\/span><\/p>\n","protected":false},"featured_media":0,"template":"","meta":{"_monsterinsights_skip_tracking":false,"_monsterinsights_sitenote_active":false,"_monsterinsights_sitenote_note":"","_monsterinsights_sitenote_category":0},"product_brand":[],"product_cat":[12351,12324],"product_tag":[],"class_list":{"0":"post-782256","1":"product","2":"type-product","3":"status-publish","5":"product_cat-siyaset-sosyolojisi","6":"product_cat-sosyoloji","7":"pa_cilt-ciltsiz","8":"pa_tur-kitap","9":"pa_yayinevi-metis-yayinlari","10":"pa_yazar-simon-critchley","12":"first","13":"instock","14":"sale","15":"shipping-taxable","16":"purchasable","17":"product-type-simple"},"_links":{"self":[{"href":"https:\/\/roveyayinevi.com.tr\/index.php\/wp-json\/wp\/v2\/product\/782256","targetHints":{"allow":["GET"]}}],"collection":[{"href":"https:\/\/roveyayinevi.com.tr\/index.php\/wp-json\/wp\/v2\/product"}],"about":[{"href":"https:\/\/roveyayinevi.com.tr\/index.php\/wp-json\/wp\/v2\/types\/product"}],"wp:attachment":[{"href":"https:\/\/roveyayinevi.com.tr\/index.php\/wp-json\/wp\/v2\/media?parent=782256"}],"wp:term":[{"taxonomy":"product_brand","embeddable":true,"href":"https:\/\/roveyayinevi.com.tr\/index.php\/wp-json\/wp\/v2\/product_brand?post=782256"},{"taxonomy":"product_cat","embeddable":true,"href":"https:\/\/roveyayinevi.com.tr\/index.php\/wp-json\/wp\/v2\/product_cat?post=782256"},{"taxonomy":"product_tag","embeddable":true,"href":"https:\/\/roveyayinevi.com.tr\/index.php\/wp-json\/wp\/v2\/product_tag?post=782256"}],"curies":[{"name":"wp","href":"https:\/\/api.w.org\/{rel}","templated":true}]}}