{"id":782255,"date":"2026-02-23T11:01:28","date_gmt":"2026-02-23T08:01:28","guid":{"rendered":"https:\/\/roveyayinevi.com.tr\/index.php\/urun\/turlerin-kokeni-manga\/"},"modified":"2026-03-03T02:23:38","modified_gmt":"2026-03-02T23:23:38","slug":"turlerin-kokeni-manga","status":"publish","type":"product","link":"https:\/\/roveyayinevi.com.tr\/index.php\/urun\/turlerin-kokeni-manga\/","title":{"rendered":"T\u00fcrlerin K\u00f6keni Manga"},"content":{"rendered":"<p>Yordam Kitap, Marx\u2019\u0131n temel eseri Kapital\u2019in manga (\u00e7izgi roman) uyarlamas\u0131ndan sonra bir ba\u015fka \u00e7\u0131\u011f\u0131r a\u00e7\u0131c\u0131 klasik olan T\u00fcrlerin K\u00f6keni\u2019nin mangas\u0131n\u0131 yay\u0131nl\u0131yor. Charles Darwin\u2019in b\u00fcy\u00fck eseri T\u00fcrlerin K\u00f6keni, bilimde devrim yaratm\u0131\u015f, binlerce y\u0131ll\u0131k tabular\u0131 y\u0131karak evrim biliminin temelini atm\u0131\u015ft\u0131r. Aradan ge\u00e7en 150 y\u0131lda, Darwin\u2019in teorisi, yeni bulgu ve kan\u0131tlarla g\u00fc\u00e7lendi. Ama yarat\u0131l\u0131\u015f\u00e7\u0131l\u0131k da, bilimin kan\u0131t ve bulgular\u0131 kar\u015f\u0131s\u0131nda gerilemi\u015f olsa da iddialar\u0131n\u0131 s\u00fcrd\u00fcrmeye devam ediyor. Bu nedenle Darwin\u2019in evrim teorisi ve temel eseri T\u00fcrlerin K\u00f6keni biyoloji biliminin alan\u0131ndan ta\u015farak sosyal ve politik ya\u015famda y\u00fcr\u00fcyen canl\u0131 bir tart\u0131\u015fman\u0131n ve safla\u015fman\u0131n konusu olmaya devam ediyor. \ufffcTan\u0131t\u0131m Metni<\/p>\n","protected":false},"excerpt":{"rendered":"<p>Yordam Kitap, Marx\u2019\u0131n temel eseri Kapital\u2019in manga (\u00e7izgi roman) uyarlamas\u0131ndan sonra bir ba\u015fka \u00e7\u0131\u011f\u0131r a\u00e7\u0131c\u0131 klasik olan T\u00fcrlerin K\u00f6keni\u2019nin mangas\u0131n\u0131 yay\u0131nl\u0131yor. Charles Darwin\u2019in b\u00fcy\u00fck eseri T\u00fcrlerin<span class=\"excerpt-hellip\"> [\u2026]<\/span><\/p>\n","protected":false},"featured_media":0,"template":"","meta":{"_monsterinsights_skip_tracking":false,"_monsterinsights_sitenote_active":false,"_monsterinsights_sitenote_note":"","_monsterinsights_sitenote_category":0},"product_brand":[],"product_cat":[12689,12274],"product_tag":[],"class_list":{"0":"post-782255","1":"product","2":"type-product","3":"status-publish","5":"product_cat-cizgi-roman-cocuk-ve-genclik-kitaplari","6":"product_cat-cocuk-ve-genclik-kitaplari","7":"pa_cilt-ciltsiz","8":"pa_tur-kitap","9":"pa_yayinevi-yordam-kitap","10":"pa_yazar-charles-darwin","12":"first","13":"instock","14":"sale","15":"shipping-taxable","16":"purchasable","17":"product-type-simple"},"_links":{"self":[{"href":"https:\/\/roveyayinevi.com.tr\/index.php\/wp-json\/wp\/v2\/product\/782255","targetHints":{"allow":["GET"]}}],"collection":[{"href":"https:\/\/roveyayinevi.com.tr\/index.php\/wp-json\/wp\/v2\/product"}],"about":[{"href":"https:\/\/roveyayinevi.com.tr\/index.php\/wp-json\/wp\/v2\/types\/product"}],"wp:attachment":[{"href":"https:\/\/roveyayinevi.com.tr\/index.php\/wp-json\/wp\/v2\/media?parent=782255"}],"wp:term":[{"taxonomy":"product_brand","embeddable":true,"href":"https:\/\/roveyayinevi.com.tr\/index.php\/wp-json\/wp\/v2\/product_brand?post=782255"},{"taxonomy":"product_cat","embeddable":true,"href":"https:\/\/roveyayinevi.com.tr\/index.php\/wp-json\/wp\/v2\/product_cat?post=782255"},{"taxonomy":"product_tag","embeddable":true,"href":"https:\/\/roveyayinevi.com.tr\/index.php\/wp-json\/wp\/v2\/product_tag?post=782255"}],"curies":[{"name":"wp","href":"https:\/\/api.w.org\/{rel}","templated":true}]}}