{"id":782254,"date":"2026-02-23T11:01:22","date_gmt":"2026-02-23T08:01:22","guid":{"rendered":"https:\/\/roveyayinevi.com.tr\/index.php\/urun\/gordugume-sevindim\/"},"modified":"2026-03-23T02:16:37","modified_gmt":"2026-03-22T23:16:37","slug":"gordugume-sevindim","status":"publish","type":"product","link":"https:\/\/roveyayinevi.com.tr\/index.php\/urun\/gordugume-sevindim\/","title":{"rendered":"G\u00f6rd\u00fc\u011f\u00fcme Sevindim"},"content":{"rendered":"<p>\u201cBeklemedi\u011fim anda kar\u015f\u0131ma \u00e7\u0131kan ayr\u0131l\u0131klar\u0131, Aniden bast\u0131ran k\u0131\u015f\u0131, Aynaya her bakt\u0131\u011f\u0131mda de\u011fi\u015fen kad\u0131n\u0131, Mevsimler i\u00e7inde mutlaka bir sevin\u00e7 getiren yaz\u0131, G\u00fcl\u00fcnce y\u00fczleri bayram yeri olanlar\u0131, Ge\u00e7ecek diyerek yaraya \u00fcfleyenleri, Okudu\u011funu anlayanlar\u0131, Anlay\u0131p da susanlar\u0131, Cesur olanlar\u0131. Yeniden ba\u015flayanlar\u0131, Geride kalanlar\u0131 Ve Hayat\u0131n mutlak co\u015fkusunu, Sizi, Seni, Her \u015feye ra\u011fmen G\u00f6rd\u00fc\u011f\u00fcme sevindim! <\/p>\n","protected":false},"excerpt":{"rendered":"<p>\u201cBeklemedi\u011fim anda kar\u015f\u0131ma \u00e7\u0131kan ayr\u0131l\u0131klar\u0131, Aniden bast\u0131ran k\u0131\u015f\u0131, Aynaya her bakt\u0131\u011f\u0131mda de\u011fi\u015fen kad\u0131n\u0131, Mevsimler i\u00e7inde mutlaka bir sevin\u00e7 getiren yaz\u0131, G\u00fcl\u00fcnce y\u00fczleri bayram yeri olanlar\u0131, Ge\u00e7ecek<span class=\"excerpt-hellip\"> [\u2026]<\/span><\/p>\n","protected":false},"featured_media":0,"template":"","meta":{"_monsterinsights_skip_tracking":false,"_monsterinsights_sitenote_active":false,"_monsterinsights_sitenote_note":"","_monsterinsights_sitenote_category":0},"product_brand":[],"product_cat":[12777,12291],"product_tag":[],"class_list":{"0":"post-782254","1":"product","2":"type-product","3":"status-publish","5":"product_cat-deneme","6":"product_cat-edebiyat","7":"pa_cilt-ciltsiz","8":"pa_tur-kitap","9":"pa_yayinevi-artemis-yayinlari","10":"pa_yazar-iclal-aydin","12":"first","13":"instock","14":"sale","15":"shipping-taxable","16":"purchasable","17":"product-type-simple"},"_links":{"self":[{"href":"https:\/\/roveyayinevi.com.tr\/index.php\/wp-json\/wp\/v2\/product\/782254","targetHints":{"allow":["GET"]}}],"collection":[{"href":"https:\/\/roveyayinevi.com.tr\/index.php\/wp-json\/wp\/v2\/product"}],"about":[{"href":"https:\/\/roveyayinevi.com.tr\/index.php\/wp-json\/wp\/v2\/types\/product"}],"wp:attachment":[{"href":"https:\/\/roveyayinevi.com.tr\/index.php\/wp-json\/wp\/v2\/media?parent=782254"}],"wp:term":[{"taxonomy":"product_brand","embeddable":true,"href":"https:\/\/roveyayinevi.com.tr\/index.php\/wp-json\/wp\/v2\/product_brand?post=782254"},{"taxonomy":"product_cat","embeddable":true,"href":"https:\/\/roveyayinevi.com.tr\/index.php\/wp-json\/wp\/v2\/product_cat?post=782254"},{"taxonomy":"product_tag","embeddable":true,"href":"https:\/\/roveyayinevi.com.tr\/index.php\/wp-json\/wp\/v2\/product_tag?post=782254"}],"curies":[{"name":"wp","href":"https:\/\/api.w.org\/{rel}","templated":true}]}}