{"id":782252,"date":"2026-02-23T11:00:29","date_gmt":"2026-02-23T08:00:29","guid":{"rendered":"https:\/\/roveyayinevi.com.tr\/index.php\/urun\/konusmanin-imkansizligi-uzerine-bir-diyalog-2\/"},"modified":"2026-04-01T02:19:57","modified_gmt":"2026-03-31T23:19:57","slug":"konusmanin-imkansizligi-uzerine-bir-diyalog-2","status":"publish","type":"product","link":"https:\/\/roveyayinevi.com.tr\/index.php\/urun\/konusmanin-imkansizligi-uzerine-bir-diyalog-2\/","title":{"rendered":"Konu\u015fman\u0131n \u0130mkans\u0131zl\u0131\u011f\u0131 \u00dczerine Bir Diyalog"},"content":{"rendered":"<p>\u201cPek anlamad\u0131m. Hele konu\u015fman\u0131n b\u00f6ylesine b\u00fcy\u00fck bir sorun yuma\u011f\u0131 olabilece\u011fini hi\u00e7 anlayam\u0131yorum. Ayr\u0131ca gereksiz de buluyorum. Abart\u0131l\u0131 da \u201cEvet&#8221;, ilk bak\u0131\u015fta, konu\u015fmak gibi basit bir eylemin b\u00f6ylesine karma\u015f\u0131k bir \u015feymi\u015f gibi ele al\u0131nmas\u0131 sa\u00e7ma. Ama ilk bak\u0131\u015f yan\u0131lt\u0131c\u0131 olabilir, de\u011fil mi? San\u0131r\u0131m sen konu\u015fmay\u0131 tek y\u00f6nl\u00fc bir aktar\u0131m olarak anl\u0131yorsun da ondan. Halbuki konu\u015fma, merkezdeki bir noktadan d\u0131\u015far\u0131ya ak\u0131t\u0131lan bir ifade de\u011fildir. Aksine en az iki merkez noktan\u0131n kar\u015f\u0131l\u0131kl\u0131 birbirine akmas\u0131d\u0131r. Yani \u2018ego\u2019lar\u0131n kendi kabuklar\u0131n\u0131 \u00e7atlatmas\u0131, o z\u0131rhta yar\u0131klar a\u00e7mas\u0131d\u0131r. Konu\u015fmak, bu anlamda insan\u0131n kendini yenmesini de gerektirir. Tehlikeli bir giri\u015fimdir bu; yani konu\u015fmak tehlikeli bir giri\u015fimdir. \u0130nsan\u0131n kendi varl\u0131\u011f\u0131n\u0131 tehlikeye atmas\u0131d\u0131r.\u201d \u201cAllah Allah, \u015fimdi de konu\u015fman\u0131n tehlikeli bir \u015fey oldu\u011funu s\u00f6yl\u00fcyorsun\u201d \ufffcTan\u0131t\u0131m Metni<\/p>\n","protected":false},"excerpt":{"rendered":"<p>\u201cPek anlamad\u0131m. Hele konu\u015fman\u0131n b\u00f6ylesine b\u00fcy\u00fck bir sorun yuma\u011f\u0131 olabilece\u011fini hi\u00e7 anlayam\u0131yorum. Ayr\u0131ca gereksiz de buluyorum. Abart\u0131l\u0131 da \u201cEvet&#8221;, ilk bak\u0131\u015fta, konu\u015fmak gibi basit bir eylemin<span class=\"excerpt-hellip\"> [\u2026]<\/span><\/p>\n","protected":false},"featured_media":0,"template":"","meta":{"_monsterinsights_skip_tracking":false,"_monsterinsights_sitenote_active":false,"_monsterinsights_sitenote_note":"","_monsterinsights_sitenote_category":0},"product_brand":[],"product_cat":[12312,12304],"product_tag":[],"class_list":{"0":"post-782252","1":"product","2":"type-product","3":"status-publish","5":"product_cat-diger","6":"product_cat-tarih","7":"pa_cilt-ciltsiz","8":"pa_tur-kitap","9":"pa_yayinevi-is-bankasi-kultur-yayinlari","10":"pa_yazar-osman-cakmakci","12":"first","13":"instock","14":"sale","15":"shipping-taxable","16":"purchasable","17":"product-type-simple"},"_links":{"self":[{"href":"https:\/\/roveyayinevi.com.tr\/index.php\/wp-json\/wp\/v2\/product\/782252","targetHints":{"allow":["GET"]}}],"collection":[{"href":"https:\/\/roveyayinevi.com.tr\/index.php\/wp-json\/wp\/v2\/product"}],"about":[{"href":"https:\/\/roveyayinevi.com.tr\/index.php\/wp-json\/wp\/v2\/types\/product"}],"wp:attachment":[{"href":"https:\/\/roveyayinevi.com.tr\/index.php\/wp-json\/wp\/v2\/media?parent=782252"}],"wp:term":[{"taxonomy":"product_brand","embeddable":true,"href":"https:\/\/roveyayinevi.com.tr\/index.php\/wp-json\/wp\/v2\/product_brand?post=782252"},{"taxonomy":"product_cat","embeddable":true,"href":"https:\/\/roveyayinevi.com.tr\/index.php\/wp-json\/wp\/v2\/product_cat?post=782252"},{"taxonomy":"product_tag","embeddable":true,"href":"https:\/\/roveyayinevi.com.tr\/index.php\/wp-json\/wp\/v2\/product_tag?post=782252"}],"curies":[{"name":"wp","href":"https:\/\/api.w.org\/{rel}","templated":true}]}}