{"id":782250,"date":"2026-02-23T11:00:05","date_gmt":"2026-02-23T08:00:05","guid":{"rendered":"https:\/\/roveyayinevi.com.tr\/index.php\/urun\/madde-bagimliligi-ve-aile\/"},"modified":"2026-04-16T02:13:36","modified_gmt":"2026-04-15T23:13:36","slug":"madde-bagimliligi-ve-aile","status":"publish","type":"product","link":"https:\/\/roveyayinevi.com.tr\/index.php\/urun\/madde-bagimliligi-ve-aile\/","title":{"rendered":"Madde Ba\u011f\u0131ml\u0131l\u0131\u011f\u0131 ve Aile"},"content":{"rendered":"<p>Madde ba\u011f\u0131ml\u0131l\u0131\u011f\u0131 \u00f6zellikle ergenler ve gen\u00e7ler aras\u0131nda her ge\u00e7en g\u00fcn yayg\u0131nla\u015f\u0131yor. Bunun pek \u00e7ok sebebi var ama en yayg\u0131n olanlar merak duygusu ve yak\u0131n \u00e7evrenin etkisidir. <\/p>\n","protected":false},"excerpt":{"rendered":"<p>Madde ba\u011f\u0131ml\u0131l\u0131\u011f\u0131 \u00f6zellikle ergenler ve gen\u00e7ler aras\u0131nda her ge\u00e7en g\u00fcn yayg\u0131nla\u015f\u0131yor. Bunun pek \u00e7ok sebebi var ama en yayg\u0131n olanlar merak duygusu ve yak\u0131n \u00e7evrenin etkisidir.<\/p>\n","protected":false},"featured_media":0,"template":"","meta":{"_monsterinsights_skip_tracking":false,"_monsterinsights_sitenote_active":false,"_monsterinsights_sitenote_note":"","_monsterinsights_sitenote_category":0},"product_brand":[],"product_cat":[12364],"product_tag":[],"class_list":{"0":"post-782250","1":"product","2":"type-product","3":"status-publish","5":"product_cat-genel-konular","6":"pa_cilt-ciltsiz","7":"pa_tur-kitap","8":"pa_yayinevi-yeni-insan-yayinlari","9":"pa_yazar-raside-govebakan","11":"first","12":"instock","13":"sale","14":"shipping-taxable","15":"purchasable","16":"product-type-simple"},"_links":{"self":[{"href":"https:\/\/roveyayinevi.com.tr\/index.php\/wp-json\/wp\/v2\/product\/782250","targetHints":{"allow":["GET"]}}],"collection":[{"href":"https:\/\/roveyayinevi.com.tr\/index.php\/wp-json\/wp\/v2\/product"}],"about":[{"href":"https:\/\/roveyayinevi.com.tr\/index.php\/wp-json\/wp\/v2\/types\/product"}],"wp:attachment":[{"href":"https:\/\/roveyayinevi.com.tr\/index.php\/wp-json\/wp\/v2\/media?parent=782250"}],"wp:term":[{"taxonomy":"product_brand","embeddable":true,"href":"https:\/\/roveyayinevi.com.tr\/index.php\/wp-json\/wp\/v2\/product_brand?post=782250"},{"taxonomy":"product_cat","embeddable":true,"href":"https:\/\/roveyayinevi.com.tr\/index.php\/wp-json\/wp\/v2\/product_cat?post=782250"},{"taxonomy":"product_tag","embeddable":true,"href":"https:\/\/roveyayinevi.com.tr\/index.php\/wp-json\/wp\/v2\/product_tag?post=782250"}],"curies":[{"name":"wp","href":"https:\/\/api.w.org\/{rel}","templated":true}]}}