{"id":782246,"date":"2026-02-23T10:59:21","date_gmt":"2026-02-23T07:59:21","guid":{"rendered":"https:\/\/roveyayinevi.com.tr\/index.php\/urun\/saatler-ruhlar-ve-kediler\/"},"modified":"2026-04-16T02:13:24","modified_gmt":"2026-04-15T23:13:24","slug":"saatler-ruhlar-ve-kediler","status":"publish","type":"product","link":"https:\/\/roveyayinevi.com.tr\/index.php\/urun\/saatler-ruhlar-ve-kediler\/","title":{"rendered":"Saatler, Ruhlar ve Kediler"},"content":{"rendered":"<p>Be\u015fir Ayvazo\u011flu, sizi k\u00fclt\u00fcr ve edebiyat\u0131m\u0131z\u0131n renkli d\u00fcnyas\u0131nda k\u0131sa bir gezintiye davet ediyor. Bu kitapta modern edebiyat\u0131m\u0131z\u0131n Bekta\u015fileri, medyumlar\u0131, d\u00fcellocular\u0131, diplomatlar\u0131, \u00fctopyac\u0131lar\u0131, bal\u0131k\u00e7\u0131lar\u0131, intihalcileri, \u00e7irkinleri, kedicileri, saat\u00e7ileri ve saat merakl\u0131lar\u0131yla tan\u0131\u015facak; Nam\u0131k Kemal\u2019in babas\u0131 ve o\u011fluyla tuhaf ili\u015fkisini, MehmedAkif\u2019in o\u011fullar\u0131n\u0131n dram\u0131n\u0131, Paris\u2019ten d\u00f6nerken paras\u0131 bitti\u011fi i\u00e7in Venedik\u2019te bir otelde mahsur kalan Ahmet Ha\u015fim\u2019in nas\u0131l bir panik ya\u015fad\u0131\u011f\u0131n\u0131, Abd\u00fclhak \u015einasi\u2019nin kendisini a\u015fa\u011f\u0131layan Yahya Kemal\u2019den nas\u0131l intikam ald\u0131\u011f\u0131n\u0131 ve daha bir\u00e7ok \u015feyi \u00f6\u011frenecek, ayr\u0131ca edebiyat\u0131m\u0131z\u0131n midesini iskandil edeceksiniz. \ufffcTan\u0131t\u0131m Metni<\/p>\n","protected":false},"excerpt":{"rendered":"<p>Be\u015fir Ayvazo\u011flu, sizi k\u00fclt\u00fcr ve edebiyat\u0131m\u0131z\u0131n renkli d\u00fcnyas\u0131nda k\u0131sa bir gezintiye davet ediyor. Bu kitapta modern edebiyat\u0131m\u0131z\u0131n Bekta\u015fileri, medyumlar\u0131, d\u00fcellocular\u0131, diplomatlar\u0131, \u00fctopyac\u0131lar\u0131, bal\u0131k\u00e7\u0131lar\u0131, intihalcileri, \u00e7irkinleri, kedicileri,<span class=\"excerpt-hellip\"> [\u2026]<\/span><\/p>\n","protected":false},"featured_media":0,"template":"","meta":{"_monsterinsights_skip_tracking":false,"_monsterinsights_sitenote_active":false,"_monsterinsights_sitenote_note":"","_monsterinsights_sitenote_category":0},"product_brand":[],"product_cat":[14009,12291],"product_tag":[],"class_list":{"0":"post-782246","1":"product","2":"type-product","3":"status-publish","5":"product_cat-biyografi-otobiyografi-edebiyat","6":"product_cat-edebiyat","7":"pa_tur-kitap","8":"pa_yayinevi-kapi-yayinlari","9":"pa_yazar-besir-ayvazoglu","11":"first","12":"instock","13":"sale","14":"shipping-taxable","15":"purchasable","16":"product-type-simple"},"_links":{"self":[{"href":"https:\/\/roveyayinevi.com.tr\/index.php\/wp-json\/wp\/v2\/product\/782246","targetHints":{"allow":["GET"]}}],"collection":[{"href":"https:\/\/roveyayinevi.com.tr\/index.php\/wp-json\/wp\/v2\/product"}],"about":[{"href":"https:\/\/roveyayinevi.com.tr\/index.php\/wp-json\/wp\/v2\/types\/product"}],"wp:attachment":[{"href":"https:\/\/roveyayinevi.com.tr\/index.php\/wp-json\/wp\/v2\/media?parent=782246"}],"wp:term":[{"taxonomy":"product_brand","embeddable":true,"href":"https:\/\/roveyayinevi.com.tr\/index.php\/wp-json\/wp\/v2\/product_brand?post=782246"},{"taxonomy":"product_cat","embeddable":true,"href":"https:\/\/roveyayinevi.com.tr\/index.php\/wp-json\/wp\/v2\/product_cat?post=782246"},{"taxonomy":"product_tag","embeddable":true,"href":"https:\/\/roveyayinevi.com.tr\/index.php\/wp-json\/wp\/v2\/product_tag?post=782246"}],"curies":[{"name":"wp","href":"https:\/\/api.w.org\/{rel}","templated":true}]}}