{"id":782245,"date":"2026-02-23T10:59:18","date_gmt":"2026-02-23T07:59:18","guid":{"rendered":"https:\/\/roveyayinevi.com.tr\/index.php\/urun\/sinematografi-uzerine-dusunceler\/"},"modified":"2026-04-16T02:13:23","modified_gmt":"2026-04-15T23:13:23","slug":"sinematografi-uzerine-dusunceler","status":"publish","type":"product","link":"https:\/\/roveyayinevi.com.tr\/index.php\/urun\/sinematografi-uzerine-dusunceler\/","title":{"rendered":"Sinematografi \u00dczerine D\u00fc\u015f\u00fcnceler"},"content":{"rendered":"<p>Zaur M\u00fckerrem\u2019in   Sinematografi \u00dczerine D\u00fc\u015f\u00fcnceler   adl\u0131 eseri Edward Dmytryk\u2019in   Sinema\u2019da Kurgu   adl\u0131 kitab\u0131nda vurgulad\u0131\u011f\u0131, kendini takip ettirecek bir ba\u015flang\u0131ca ve kesinlikle kendisini hat\u0131rlatacak bir sona sahip. Dmytryk\u2019in vurgusunda eksik olan ise \u00e7al\u0131\u015fman\u0131n g\u00f6vdesine ili\u015fkindir. Zaur M\u00fckerrem\u2019in kitab\u0131 ele ald\u0131\u011f\u0131 konuyu sinema bir ahenk i\u00e7erisinde i\u015flemekte ve tart\u0131\u015fmaktad\u0131r. M\u00fckerrem, sinema i\u00e7in   her \u015feyden biraz   demekle birlikte Kobodaysi\u2019ye at\u0131fta bulunarak, sineman\u0131n ayn\u0131 zamanda   bilgelerin izini s\u00fcrmekle u\u011fra\u015fma, onlar\u0131n arad\u0131klar\u0131n\u0131 ara   vurgusundaki kadar da \u00f6zel bir \u00e7aba ve sanat oldu\u011funu vurgular. <\/p>\n","protected":false},"excerpt":{"rendered":"<p>Zaur M\u00fckerrem\u2019in Sinematografi \u00dczerine D\u00fc\u015f\u00fcnceler adl\u0131 eseri Edward Dmytryk\u2019in Sinema\u2019da Kurgu adl\u0131 kitab\u0131nda vurgulad\u0131\u011f\u0131, kendini takip ettirecek bir ba\u015flang\u0131ca ve kesinlikle kendisini hat\u0131rlatacak bir sona sahip.<span class=\"excerpt-hellip\"> [\u2026]<\/span><\/p>\n","protected":false},"featured_media":0,"template":"","meta":{"_monsterinsights_skip_tracking":false,"_monsterinsights_sitenote_active":false,"_monsterinsights_sitenote_note":"","_monsterinsights_sitenote_category":0},"product_brand":[],"product_cat":[12409,12408],"product_tag":[],"class_list":{"0":"post-782245","1":"product","2":"type-product","3":"status-publish","5":"product_cat-fotograf-sinema-tiyatro","6":"product_cat-sanat","7":"pa_cilt-ciltsiz","8":"pa_tur-kitap","9":"pa_yayinevi-ayrinti-yayinlari","10":"pa_yazar-zaur-mukerrem","12":"first","13":"instock","14":"sale","15":"shipping-taxable","16":"purchasable","17":"product-type-simple"},"_links":{"self":[{"href":"https:\/\/roveyayinevi.com.tr\/index.php\/wp-json\/wp\/v2\/product\/782245","targetHints":{"allow":["GET"]}}],"collection":[{"href":"https:\/\/roveyayinevi.com.tr\/index.php\/wp-json\/wp\/v2\/product"}],"about":[{"href":"https:\/\/roveyayinevi.com.tr\/index.php\/wp-json\/wp\/v2\/types\/product"}],"wp:attachment":[{"href":"https:\/\/roveyayinevi.com.tr\/index.php\/wp-json\/wp\/v2\/media?parent=782245"}],"wp:term":[{"taxonomy":"product_brand","embeddable":true,"href":"https:\/\/roveyayinevi.com.tr\/index.php\/wp-json\/wp\/v2\/product_brand?post=782245"},{"taxonomy":"product_cat","embeddable":true,"href":"https:\/\/roveyayinevi.com.tr\/index.php\/wp-json\/wp\/v2\/product_cat?post=782245"},{"taxonomy":"product_tag","embeddable":true,"href":"https:\/\/roveyayinevi.com.tr\/index.php\/wp-json\/wp\/v2\/product_tag?post=782245"}],"curies":[{"name":"wp","href":"https:\/\/api.w.org\/{rel}","templated":true}]}}