{"id":782243,"date":"2026-02-23T10:58:50","date_gmt":"2026-02-23T07:58:50","guid":{"rendered":"https:\/\/roveyayinevi.com.tr\/index.php\/urun\/bati-uygarliginin-cokusu\/"},"modified":"2026-04-16T02:13:06","modified_gmt":"2026-04-15T23:13:06","slug":"bati-uygarliginin-cokusu","status":"publish","type":"product","link":"https:\/\/roveyayinevi.com.tr\/index.php\/urun\/bati-uygarliginin-cokusu\/","title":{"rendered":"Bat\u0131 Uygarl\u0131\u011f\u0131n\u0131n \u00c7\u00f6k\u00fc\u015f\u00fc"},"content":{"rendered":"<p>Oreskes ve Conway&#8217;\u0131n bu \u015fa\u015f\u0131rt\u0131c\u0131 ve makul y\u00fczy\u0131l\u0131n\u0131n hikayesi, George Orwell, Aldous Huxley gibi, yakla\u015fan felaketleri \u00e7ok \u00f6nceden g\u00f6zleyen, yazarak peygambere d\u00f6n\u00fc\u015fen b\u00fct\u00fcn yazarlar\u0131n zihninde yaz\u0131lm\u0131\u015f bir kitapt\u0131r. Girece\u011fimiz Uzun Ekolojik Felaketlerle dolu y\u00fczy\u0131l\u0131 detayl\u0131 ve inand\u0131r\u0131c\u0131 bir \u015fekilde resmeden unutulmayacak bir metin. <\/p>\n","protected":false},"excerpt":{"rendered":"<p>Oreskes ve Conway&#8217;\u0131n bu \u015fa\u015f\u0131rt\u0131c\u0131 ve makul y\u00fczy\u0131l\u0131n\u0131n hikayesi, George Orwell, Aldous Huxley gibi, yakla\u015fan felaketleri \u00e7ok \u00f6nceden g\u00f6zleyen, yazarak peygambere d\u00f6n\u00fc\u015fen b\u00fct\u00fcn yazarlar\u0131n zihninde yaz\u0131lm\u0131\u015f<span class=\"excerpt-hellip\"> [\u2026]<\/span><\/p>\n","protected":false},"featured_media":0,"template":"","meta":{"_monsterinsights_skip_tracking":false,"_monsterinsights_sitenote_active":false,"_monsterinsights_sitenote_note":"","_monsterinsights_sitenote_category":0},"product_brand":[],"product_cat":[23323,12364],"product_tag":[],"class_list":{"0":"post-782243","1":"product","2":"type-product","3":"status-publish","5":"product_cat-ekoloji","6":"product_cat-genel-konular","7":"pa_cilt-ciltsiz","8":"pa_tur-kitap","9":"pa_yayinevi-yeni-insan-yayinlari","10":"pa_yazar-erik-m-conway","12":"first","13":"instock","14":"sale","15":"shipping-taxable","16":"purchasable","17":"product-type-simple"},"_links":{"self":[{"href":"https:\/\/roveyayinevi.com.tr\/index.php\/wp-json\/wp\/v2\/product\/782243","targetHints":{"allow":["GET"]}}],"collection":[{"href":"https:\/\/roveyayinevi.com.tr\/index.php\/wp-json\/wp\/v2\/product"}],"about":[{"href":"https:\/\/roveyayinevi.com.tr\/index.php\/wp-json\/wp\/v2\/types\/product"}],"wp:attachment":[{"href":"https:\/\/roveyayinevi.com.tr\/index.php\/wp-json\/wp\/v2\/media?parent=782243"}],"wp:term":[{"taxonomy":"product_brand","embeddable":true,"href":"https:\/\/roveyayinevi.com.tr\/index.php\/wp-json\/wp\/v2\/product_brand?post=782243"},{"taxonomy":"product_cat","embeddable":true,"href":"https:\/\/roveyayinevi.com.tr\/index.php\/wp-json\/wp\/v2\/product_cat?post=782243"},{"taxonomy":"product_tag","embeddable":true,"href":"https:\/\/roveyayinevi.com.tr\/index.php\/wp-json\/wp\/v2\/product_tag?post=782243"}],"curies":[{"name":"wp","href":"https:\/\/api.w.org\/{rel}","templated":true}]}}