{"id":782239,"date":"2026-02-23T10:58:31","date_gmt":"2026-02-23T07:58:31","guid":{"rendered":"https:\/\/roveyayinevi.com.tr\/index.php\/urun\/homo-faber\/"},"modified":"2026-04-16T02:12:58","modified_gmt":"2026-04-15T23:12:58","slug":"homo-faber","status":"publish","type":"product","link":"https:\/\/roveyayinevi.com.tr\/index.php\/urun\/homo-faber\/","title":{"rendered":"Homo Faber"},"content":{"rendered":"<p>\u0130nsanlar\u0131n ya\u015fant\u0131dan s\u00f6z ederken neyi kastettiklerini kendi kendime \u00e7o\u011fu kez sormu\u015fumdur. Bir teknisyenim ve her \u015feyi oldu\u011fu gibi g\u00f6rmeye al\u0131\u015fk\u0131n\u0131m. Onlar\u0131n s\u00f6z\u00fcn\u00fc etti\u011fi \u015feyi \u00e7ok iyi g\u00f6r\u00fcyorum. K\u00f6r de\u011filim ya (\u2026) Neden korkay\u0131m? Eski vah\u015fi hayvanlar art\u0131k yok oldu. Neden bunlar\u0131 d\u00fc\u015f\u00fcneyim? Ne ta\u015fla\u015fm\u0131\u015f melekler ne de \u015feytanlar g\u00f6r\u00fcyorum. UNESCO teknisyeni Walter Faber akl\u0131n \u00fcst\u00fcnl\u00fc\u011f\u00fcne g\u00fcvenen pragmatik bir insand\u0131r. Mant\u0131\u011fa, analize, rakamlara inan\u0131r. Korkunun, \u00fcmidin ya da sevginin i\u015fleyi\u015fini etkileyemedi\u011fi makineye hayranl\u0131k duyar. Ba\u015f\u0131na gelen tuhaf olaylar, onun olgulardan ibaret d\u00fcnyas\u0131n\u0131 ala\u015fa\u011f\u0131 edecektir.   20. y\u00fczy\u0131l\u0131n en \u00f6nemli ve en \u00e7ok okunan metinlerinden biri olan Homo Faber, modern insan\u0131n yap\u0131ta\u015flar\u0131n\u0131 tek tek yerinden oynatan muzip ve cesur bir roman. Kat\u0131 mant\u0131\u011f\u0131n ve teknolojinin insan\u0131 sokabilece\u011fi \u00e7\u0131kmazlar\u0131 g\u00f6steren bir modern klasik.   \u201cFaber, talihten ve kaderden muaf oldu\u011funa inanan teknik varolu\u015fun kusursuz bir \u00f6rne\u011fidir. Elli ya\u015f\u0131n\u0131 ge\u00e7en Mr. Faber, Frisch\u2019in sistemli bir \u015fekilde teknikd\u0131\u015f\u0131, mant\u0131kd\u0131\u015f\u0131 d\u00fcnyayla \u00e7arp\u0131\u015fmas\u0131na izin veriyor.\u201d Darmst\u00e4dter Echo <\/p>\n","protected":false},"excerpt":{"rendered":"<p>\u0130nsanlar\u0131n ya\u015fant\u0131dan s\u00f6z ederken neyi kastettiklerini kendi kendime \u00e7o\u011fu kez sormu\u015fumdur. Bir teknisyenim ve her \u015feyi oldu\u011fu gibi g\u00f6rmeye al\u0131\u015fk\u0131n\u0131m. Onlar\u0131n s\u00f6z\u00fcn\u00fc etti\u011fi \u015feyi \u00e7ok iyi<span class=\"excerpt-hellip\"> [\u2026]<\/span><\/p>\n","protected":false},"featured_media":0,"template":"","meta":{"_monsterinsights_skip_tracking":false,"_monsterinsights_sitenote_active":false,"_monsterinsights_sitenote_note":"","_monsterinsights_sitenote_category":0},"product_brand":[],"product_cat":[12782,12291],"product_tag":[],"class_list":{"0":"post-782239","1":"product","2":"type-product","3":"status-publish","5":"product_cat-alman-edebiyati","6":"product_cat-edebiyat","7":"pa_cilt-ciltsiz","8":"pa_tur-kitap","9":"pa_yayinevi-can-yayinlari","10":"pa_yazar-max-frisch","12":"first","13":"instock","14":"sale","15":"shipping-taxable","16":"purchasable","17":"product-type-simple"},"_links":{"self":[{"href":"https:\/\/roveyayinevi.com.tr\/index.php\/wp-json\/wp\/v2\/product\/782239","targetHints":{"allow":["GET"]}}],"collection":[{"href":"https:\/\/roveyayinevi.com.tr\/index.php\/wp-json\/wp\/v2\/product"}],"about":[{"href":"https:\/\/roveyayinevi.com.tr\/index.php\/wp-json\/wp\/v2\/types\/product"}],"wp:attachment":[{"href":"https:\/\/roveyayinevi.com.tr\/index.php\/wp-json\/wp\/v2\/media?parent=782239"}],"wp:term":[{"taxonomy":"product_brand","embeddable":true,"href":"https:\/\/roveyayinevi.com.tr\/index.php\/wp-json\/wp\/v2\/product_brand?post=782239"},{"taxonomy":"product_cat","embeddable":true,"href":"https:\/\/roveyayinevi.com.tr\/index.php\/wp-json\/wp\/v2\/product_cat?post=782239"},{"taxonomy":"product_tag","embeddable":true,"href":"https:\/\/roveyayinevi.com.tr\/index.php\/wp-json\/wp\/v2\/product_tag?post=782239"}],"curies":[{"name":"wp","href":"https:\/\/api.w.org\/{rel}","templated":true}]}}