{"id":782237,"date":"2026-02-23T10:57:48","date_gmt":"2026-02-23T07:57:48","guid":{"rendered":"https:\/\/roveyayinevi.com.tr\/index.php\/urun\/hedef-turkiye\/"},"modified":"2026-04-16T02:12:38","modified_gmt":"2026-04-15T23:12:38","slug":"hedef-turkiye","status":"publish","type":"product","link":"https:\/\/roveyayinevi.com.tr\/index.php\/urun\/hedef-turkiye\/","title":{"rendered":"Hedef T\u00fcrkiye!"},"content":{"rendered":"<p>\u2018\u2019T\u00fcrk Ayn\u015ftayn\u0131\u2019\u2019 gizlenen ger\u00e7ekleri if\u015fa ediyor. \u2018\u2019Yeni D\u00fcnya D\u00fczeni\u2019\u2019 Yeni mi? K\u00fcreselle\u015fme mi, K\u00fcresel Kraliyet\u00e7ilik mi? Her \u00fclkenin hedefleri var. Ya T\u00fcrkiye? Neden hedefsizlik?     \u201cT\u00fcrk Ayn\u015ftayn\u0131\u201d olarak tan\u0131nan, de\u011fi\u015fik \u00fclkelerde iki kez Nobel \u00d6d\u00fcl\u00fc\u2019ne aday g\u00f6sterilen Prof. Dr. Oktay Sinano\u011flu, A.B.D. Kaliforniye \u00dcniversitesi, Berkeley Kimya M\u00fchendisli\u011fi\u2019ni birincilikle bitirdi. (1956). A.B.D.\u2019de M.I.T.\u2019de birincilikle Y\u00fcksek Kimya M\u00fchendisi oldu; \u201cAlfred Sloan \u00d6d\u00fcl\u00fc\u201dn\u00fc ald\u0131. Berkeley\u2019de Kuramsal Kimya doktoras\u0131n\u0131 yapt\u0131. ABD Atom Enerjisi Merkezi\u2019nde ara\u015ft\u0131rmalar yapt\u0131. Harvard ve Yale\u2019de kendisine ait yeni kuantum(nicem) kimyas\u0131 ve fizi\u011fi \u00fczerine teorileri hakk\u0131nda \u00fcst d\u00fczey dersler verdi. 1962\u2019de, 26 ya\u015f\u0131nda, Bat\u0131\u2019n\u0131n son 300 y\u0131ldaki en gen\u00e7 profes\u00f6r\u00fc oldu. \u2018\u2019Molek\u00fcler Biyoloji\u2019\u2019 konusunda ikinci k\u00fcrs\u00fcs\u00fcne atand\u0131. \u201cAlexander von Humboldt Bilim \u00d6d\u00fcl\u00fc\u201dn\u00fc kazanan ilk bilimci oldu. Japonya\u2019n\u0131n \u201cUluslararas\u0131 Se\u00e7kin Bilimci \u00d6d\u00fcl\u00fc\u201dn\u00fc kazand\u0131. T\u00fcrkiye Cumhuriyeti Devleti, \u00e7\u0131kard\u0131\u011f\u0131 \u00f6zel bir kanunla Oktay Sinano\u011flu\u2019na ilk ve tek \u201cT\u00fcrkiye Cumhuriyeti Profes\u00f6r\u00fc \u00dcnvan\u0131\u2019\u2019n\u0131 verdi. T\u00fcrkiye Cumhuriyeti \u00d6zel El\u00e7isi olarak Japonya\u2019ya g\u00f6nderildi; T\u00fcrk-Japon K\u00fclt\u00fcr, E\u011fitim ve Bilim ili\u015fkilerinin temelini att\u0131.     AT\u0130LLA \u0130LHAN: ABD Bilim ve Sanat Akademisi\u2019nin ilk ve tek T\u00fcrk \u00fcyesi; iki kere Nobel aday\u0131&#8230; Kim bu adam? Kim bu \u00e7etin T\u00fcrk\u00e7e \u00f6\u011fretim sava\u015f\u00e7\u0131s\u0131? Onu niye hepimiz yeterince tan\u0131m\u0131yoruz? Sinano\u011flu, ABD gibi nam \u00fclkede \u00e7ok gen\u00e7 ya\u015f\u0131nda profes\u00f6r olmu\u015f bir harika \u00e7ocuk; \u00fclkesindeki \u201cAmerikan R\u00fcyas\u0131\u201dn\u0131n yanl\u0131\u015f yayg\u0131nl\u0131\u011f\u0131ndan, T\u00fcrk\u00e7enin itilip kak\u0131larak, herhangi bir s\u00f6m\u00fcrgedeki \u201cyerli dili\u201d muamelesi g\u00f6rmesinden son derece rahats\u0131z. \u201c (Cumhuriyet, 24.05.2000)   YAL\u00c7IN PEK\u015eEN: Ak\u0131l, zek\u00e2 ve en sonunda deha: Oktay Sinano\u011flu&#8230; Time mecmuas\u0131 \u201cMucize Profes\u00f6r\u201d diye yazd\u0131&#8230; Newsweek, New York Times, Avrupa dergileri; Der Spiegel, vs. \u00f6nce birinci sayfalar\u0131ndan Sinano\u011flu\u2019nun bu y\u0131l kimya dal\u0131nda Nobel\u2019e aday oldu\u011funu yazd\u0131lar. (Cumhuriyet, 09.01.1987)<\/p>\n","protected":false},"excerpt":{"rendered":"<p>\u2018\u2019T\u00fcrk Ayn\u015ftayn\u0131\u2019\u2019 gizlenen ger\u00e7ekleri if\u015fa ediyor. \u2018\u2019Yeni D\u00fcnya D\u00fczeni\u2019\u2019 Yeni mi? K\u00fcreselle\u015fme mi, K\u00fcresel Kraliyet\u00e7ilik mi? Her \u00fclkenin hedefleri var. Ya T\u00fcrkiye? Neden hedefsizlik? \u201cT\u00fcrk Ayn\u015ftayn\u0131\u201d<span class=\"excerpt-hellip\"> [\u2026]<\/span><\/p>\n","protected":false},"featured_media":0,"template":"","meta":{"_monsterinsights_skip_tracking":false,"_monsterinsights_sitenote_active":false,"_monsterinsights_sitenote_note":"","_monsterinsights_sitenote_category":0},"product_brand":[],"product_cat":[13059,12337],"product_tag":[],"class_list":{"0":"post-782237","1":"product","2":"type-product","3":"status-publish","5":"product_cat-diger-politika-siyaset","6":"product_cat-politika-siyaset","7":"pa_cilt-ciltsiz","8":"pa_tur-kitap","9":"pa_yayinevi-bilim-gonul-yayinevi","10":"pa_yazar-oktay-sinanoglu","12":"first","13":"instock","14":"sale","15":"shipping-taxable","16":"purchasable","17":"product-type-simple"},"_links":{"self":[{"href":"https:\/\/roveyayinevi.com.tr\/index.php\/wp-json\/wp\/v2\/product\/782237","targetHints":{"allow":["GET"]}}],"collection":[{"href":"https:\/\/roveyayinevi.com.tr\/index.php\/wp-json\/wp\/v2\/product"}],"about":[{"href":"https:\/\/roveyayinevi.com.tr\/index.php\/wp-json\/wp\/v2\/types\/product"}],"wp:attachment":[{"href":"https:\/\/roveyayinevi.com.tr\/index.php\/wp-json\/wp\/v2\/media?parent=782237"}],"wp:term":[{"taxonomy":"product_brand","embeddable":true,"href":"https:\/\/roveyayinevi.com.tr\/index.php\/wp-json\/wp\/v2\/product_brand?post=782237"},{"taxonomy":"product_cat","embeddable":true,"href":"https:\/\/roveyayinevi.com.tr\/index.php\/wp-json\/wp\/v2\/product_cat?post=782237"},{"taxonomy":"product_tag","embeddable":true,"href":"https:\/\/roveyayinevi.com.tr\/index.php\/wp-json\/wp\/v2\/product_tag?post=782237"}],"curies":[{"name":"wp","href":"https:\/\/api.w.org\/{rel}","templated":true}]}}