{"id":782236,"date":"2026-02-23T10:57:47","date_gmt":"2026-02-23T07:57:47","guid":{"rendered":"https:\/\/roveyayinevi.com.tr\/index.php\/urun\/kuzey-fareleri-olmasaydi-ne-olurdu\/"},"modified":"2026-04-16T02:12:38","modified_gmt":"2026-04-15T23:12:38","slug":"kuzey-fareleri-olmasaydi-ne-olurdu","status":"publish","type":"product","link":"https:\/\/roveyayinevi.com.tr\/index.php\/urun\/kuzey-fareleri-olmasaydi-ne-olurdu\/","title":{"rendered":"Kuzey Fareleri Olmasayd\u0131 Ne Olurdu?"},"content":{"rendered":"<p>Tundra ekosistemi, Kuzey Kutbu&#8217;na yak\u0131n b\u00f6lgelerde \u00e7ok geni\u015f bir alan\u0131na yay\u0131l\u0131r. Bu ekosistemde say\u0131s\u0131z bitki ve hayvan ya\u015far. Peki bu hayvan t\u00fcrlerinden sadece bir tanesi yok olsa neler olur? Besin zincirini takip edin ve kuzey farelerinin ne kadar \u00f6nemli bir yere sahip oldu\u011funu ke\u015ffedin! <\/p>\n","protected":false},"excerpt":{"rendered":"<p>Tundra ekosistemi, Kuzey Kutbu&#8217;na yak\u0131n b\u00f6lgelerde \u00e7ok geni\u015f bir alan\u0131na yay\u0131l\u0131r. Bu ekosistemde say\u0131s\u0131z bitki ve hayvan ya\u015far. Peki bu hayvan t\u00fcrlerinden sadece bir tanesi yok<span class=\"excerpt-hellip\"> [\u2026]<\/span><\/p>\n","protected":false},"featured_media":0,"template":"","meta":{"_monsterinsights_skip_tracking":false,"_monsterinsights_sitenote_active":false,"_monsterinsights_sitenote_note":"","_monsterinsights_sitenote_category":0},"product_brand":[],"product_cat":[12364],"product_tag":[],"class_list":{"0":"post-782236","1":"product","2":"type-product","3":"status-publish","5":"product_cat-genel-konular","6":"pa_tur-kitap","7":"pa_yayinevi-tubitak-yayinlari","8":"pa_yazar-suzanne-slade","10":"first","11":"instock","12":"sale","13":"shipping-taxable","14":"purchasable","15":"product-type-simple"},"_links":{"self":[{"href":"https:\/\/roveyayinevi.com.tr\/index.php\/wp-json\/wp\/v2\/product\/782236","targetHints":{"allow":["GET"]}}],"collection":[{"href":"https:\/\/roveyayinevi.com.tr\/index.php\/wp-json\/wp\/v2\/product"}],"about":[{"href":"https:\/\/roveyayinevi.com.tr\/index.php\/wp-json\/wp\/v2\/types\/product"}],"wp:attachment":[{"href":"https:\/\/roveyayinevi.com.tr\/index.php\/wp-json\/wp\/v2\/media?parent=782236"}],"wp:term":[{"taxonomy":"product_brand","embeddable":true,"href":"https:\/\/roveyayinevi.com.tr\/index.php\/wp-json\/wp\/v2\/product_brand?post=782236"},{"taxonomy":"product_cat","embeddable":true,"href":"https:\/\/roveyayinevi.com.tr\/index.php\/wp-json\/wp\/v2\/product_cat?post=782236"},{"taxonomy":"product_tag","embeddable":true,"href":"https:\/\/roveyayinevi.com.tr\/index.php\/wp-json\/wp\/v2\/product_tag?post=782236"}],"curies":[{"name":"wp","href":"https:\/\/api.w.org\/{rel}","templated":true}]}}