{"id":782235,"date":"2026-02-23T10:57:42","date_gmt":"2026-02-23T07:57:42","guid":{"rendered":"https:\/\/roveyayinevi.com.tr\/index.php\/urun\/tarih-boyunca-sanat-karton-kapak\/"},"modified":"2026-04-16T02:12:36","modified_gmt":"2026-04-15T23:12:36","slug":"tarih-boyunca-sanat-karton-kapak","status":"publish","type":"product","link":"https:\/\/roveyayinevi.com.tr\/index.php\/urun\/tarih-boyunca-sanat-karton-kapak\/","title":{"rendered":"Tarih Boyunca Sanat (Karton Kapak)"},"content":{"rendered":"<p>Ak\u0131c\u0131 dili ve eser resimleriyle \u00e7ok renkli, keyifli bir kitap: Tarih Boyunca Sanat D\u00fcnya Sanat Tarihinde \u00dcsluplar ve Ak\u0131mlar Uzman bir ekip taraf\u0131ndan haz\u0131rlanan Tarih Boyunca Sanat M\u00d6 9. y\u00fczy\u0131ldan g\u00fcn\u00fcm\u00fcze sanat\u0131n tarihini \u00fcsluplar ve ak\u0131mlar \u00fczerinden sunuyor. Do\u011fu\u2019dan Bat\u0131\u2019ya, Kuzey\u2019den G\u00fcney\u2019e, d\u00fcnyan\u0131n d\u00f6rt bir yan\u0131nda ortaya \u00e7\u0131km\u0131\u015f sanat ak\u0131mlar\u0131n\u0131 \u00f6nemli eser \u00f6rnekleriyle birlikte en yetkin bi\u00e7imde \u00f6zetliyor. Tarih Boyunca Sanat yaln\u0131zca Bat\u0131 gelene\u011fini de\u011fil Hindistan, \u00c7in, Japonya, G\u00fcney Amerika ve Afrika\u2019dan yay\u0131lm\u0131\u015f en \u00f6nemli ve etkili \u00fcsluplar\u0131n, okullarla ak\u0131mlar\u0131n 150\u2019sini tan\u0131t\u0131yor. Antik Yunan sanat\u0131ndan \u0130nternet Sanat\u0131na, R\u00f6nesans\u2019tan Pop Art\u2019a, belli ba\u015fl\u0131 sanat ak\u0131mlar\u0131na ayr\u0131lan sayfalar\u0131 d\u00f6nemlerin \u00f6nemli olaylar\u0131n\u0131 i\u00e7eren birer takvim tamaml\u0131yor. Kitap, g\u00fcn\u00fcm\u00fczden yola \u00e7\u0131karak geriye do\u011fru sanat ak\u0131mlar\u0131n\u0131 tan\u0131t\u0131yor, b\u00f6ylece sanat\u0131n nas\u0131l geli\u015fti\u011fini g\u00f6steriyor. Okur, \u00f6nceki ve sonraki sanat \u00fcsluplar\u0131, sanat\u00e7\u0131lar ve eserler aras\u0131ndaki ba\u011flant\u0131 noktalar\u0131n\u0131 g\u00f6rebiliyor.  Sanatta \u00fcslup ve ak\u0131mlar t\u00fcrl\u00fc yollarla saptan\u0131r. Baz\u0131lar\u0131 benzer d\u00fc\u015f\u00fcnce tarz\u0131n\u0131 veya bak\u0131\u015f a\u00e7\u0131s\u0131n\u0131 payla\u015fan kafa dengi sanat\u00e7\u0131lar\u0131n bir araya gelmesiyle \u015fekillenir. Baz\u0131lar\u0131 ortak tekniklere veya temalara y\u00f6nelen sanat\u0131 anlamaya \u00e7al\u0131\u015fan tarih\u00e7ilerin ge\u00e7mi\u015fe d\u00f6n\u00fck kurdu\u011fu gruplard\u0131r. \u00d6te yandan tarihin y\u00f6n\u00fcn\u00fc de\u011fi\u015ftirme veya stat\u00fckoyu peki\u015ftirme ya da sil ba\u015ftan ba\u015flama kararl\u0131l\u0131\u011f\u0131yla siyasal gerek\u00e7elerden do\u011fmu\u015f olanlar da vard\u0131r.  Tarih Boyunca Sanat bu \u00fcsluplar\u0131n her t\u00fcr\u00fcne yer veriyor. Tarih Boyunca Sanat sanata yepyeni bir g\u00f6zle bakma, \u00e7evremizi, d\u00fcnyay\u0131 yorumlaman\u0131n yollar\u0131n\u0131 yeniden \u015fekillendirme \u00e7a\u011fr\u0131s\u0131 olarak tan\u0131mlan\u0131yor.  Sanat \u00f6\u011frencileri kadar sanatla, k\u00fclt\u00fcrle, tarihle ilgilenen her okurun ilgisini \u00e7ekecek bir \u00e7al\u0131\u015fma. K\u00fct\u00fcphanelerin ba\u015fk\u00f6\u015fesine al\u0131nacak bir kaynak kitap.<\/p>\n","protected":false},"excerpt":{"rendered":"<p>Ak\u0131c\u0131 dili ve eser resimleriyle \u00e7ok renkli, keyifli bir kitap: Tarih Boyunca Sanat D\u00fcnya Sanat Tarihinde \u00dcsluplar ve Ak\u0131mlar Uzman bir ekip taraf\u0131ndan haz\u0131rlanan Tarih Boyunca<span class=\"excerpt-hellip\"> [\u2026]<\/span><\/p>\n","protected":false},"featured_media":0,"template":"","meta":{"_monsterinsights_skip_tracking":false,"_monsterinsights_sitenote_active":false,"_monsterinsights_sitenote_note":"","_monsterinsights_sitenote_category":0},"product_brand":[],"product_cat":[12408,14197],"product_tag":[],"class_list":{"0":"post-782235","1":"product","2":"type-product","3":"status-publish","5":"product_cat-sanat","6":"product_cat-sanat-tarihi","7":"pa_cilt-ciltli","8":"pa_tur-kitap","9":"pa_yayinevi-yapi-kredi-yayinlari-sanat","10":"pa_yazar-diane-fortenberry","11":"pa_yazar-tom-melick","13":"first","14":"instock","15":"sale","16":"shipping-taxable","17":"purchasable","18":"product-type-simple"},"_links":{"self":[{"href":"https:\/\/roveyayinevi.com.tr\/index.php\/wp-json\/wp\/v2\/product\/782235","targetHints":{"allow":["GET"]}}],"collection":[{"href":"https:\/\/roveyayinevi.com.tr\/index.php\/wp-json\/wp\/v2\/product"}],"about":[{"href":"https:\/\/roveyayinevi.com.tr\/index.php\/wp-json\/wp\/v2\/types\/product"}],"wp:attachment":[{"href":"https:\/\/roveyayinevi.com.tr\/index.php\/wp-json\/wp\/v2\/media?parent=782235"}],"wp:term":[{"taxonomy":"product_brand","embeddable":true,"href":"https:\/\/roveyayinevi.com.tr\/index.php\/wp-json\/wp\/v2\/product_brand?post=782235"},{"taxonomy":"product_cat","embeddable":true,"href":"https:\/\/roveyayinevi.com.tr\/index.php\/wp-json\/wp\/v2\/product_cat?post=782235"},{"taxonomy":"product_tag","embeddable":true,"href":"https:\/\/roveyayinevi.com.tr\/index.php\/wp-json\/wp\/v2\/product_tag?post=782235"}],"curies":[{"name":"wp","href":"https:\/\/api.w.org\/{rel}","templated":true}]}}