{"id":782234,"date":"2026-02-23T10:57:37","date_gmt":"2026-02-23T07:57:37","guid":{"rendered":"https:\/\/roveyayinevi.com.tr\/index.php\/urun\/turkleri-mutlu-eden-diyet-dukan-ve-50-sampiyon\/"},"modified":"2026-04-16T02:12:34","modified_gmt":"2026-04-15T23:12:34","slug":"turkleri-mutlu-eden-diyet-dukan-ve-50-sampiyon","status":"publish","type":"product","link":"https:\/\/roveyayinevi.com.tr\/index.php\/urun\/turkleri-mutlu-eden-diyet-dukan-ve-50-sampiyon\/","title":{"rendered":"T\u00fcrkleri Mutlu Eden Diyet Dukan ve 50 \u015eampiyon"},"content":{"rendered":"<p>Onlar kendi mucizelerini yaratt\u0131lar, \u015fimdi s\u0131ra sizde. <\/p>\n","protected":false},"excerpt":{"rendered":"<p>Onlar kendi mucizelerini yaratt\u0131lar, \u015fimdi s\u0131ra sizde.<\/p>\n","protected":false},"featured_media":0,"template":"","meta":{"_monsterinsights_skip_tracking":false,"_monsterinsights_sitenote_active":false,"_monsterinsights_sitenote_note":"","_monsterinsights_sitenote_category":0},"product_brand":[],"product_cat":[13402,13365],"product_tag":[],"class_list":{"0":"post-782234","1":"product","2":"type-product","3":"status-publish","5":"product_cat-beslenme-ve-diyet","6":"product_cat-saglik","7":"pa_tur-kitap","8":"pa_yayinevi-artemis-yayinlari","9":"pa_yazar-pierre-dukan","11":"first","12":"instock","13":"sale","14":"shipping-taxable","15":"purchasable","16":"product-type-simple"},"_links":{"self":[{"href":"https:\/\/roveyayinevi.com.tr\/index.php\/wp-json\/wp\/v2\/product\/782234","targetHints":{"allow":["GET"]}}],"collection":[{"href":"https:\/\/roveyayinevi.com.tr\/index.php\/wp-json\/wp\/v2\/product"}],"about":[{"href":"https:\/\/roveyayinevi.com.tr\/index.php\/wp-json\/wp\/v2\/types\/product"}],"wp:attachment":[{"href":"https:\/\/roveyayinevi.com.tr\/index.php\/wp-json\/wp\/v2\/media?parent=782234"}],"wp:term":[{"taxonomy":"product_brand","embeddable":true,"href":"https:\/\/roveyayinevi.com.tr\/index.php\/wp-json\/wp\/v2\/product_brand?post=782234"},{"taxonomy":"product_cat","embeddable":true,"href":"https:\/\/roveyayinevi.com.tr\/index.php\/wp-json\/wp\/v2\/product_cat?post=782234"},{"taxonomy":"product_tag","embeddable":true,"href":"https:\/\/roveyayinevi.com.tr\/index.php\/wp-json\/wp\/v2\/product_tag?post=782234"}],"curies":[{"name":"wp","href":"https:\/\/api.w.org\/{rel}","templated":true}]}}