{"id":782232,"date":"2026-02-23T10:57:20","date_gmt":"2026-02-23T07:57:20","guid":{"rendered":"https:\/\/roveyayinevi.com.tr\/index.php\/urun\/balikci-osman\/"},"modified":"2026-04-03T02:16:34","modified_gmt":"2026-04-02T23:16:34","slug":"balikci-osman","status":"publish","type":"product","link":"https:\/\/roveyayinevi.com.tr\/index.php\/urun\/balikci-osman\/","title":{"rendered":"Bal\u0131k\u00e7\u0131 Osman"},"content":{"rendered":"<p>\u0130stanbul\u2019u hi\u00e7 mart\u0131lar\u0131n g\u00f6z\u00fcnden g\u00f6rd\u00fcn\u00fcz m\u00fc?A\u00e7l\u0131ktan g\u00f6zleri d\u00f6nm\u00fc\u015f iki uyan\u0131k mart\u0131, Bal\u0131k\u00e7\u0131 Osman\u2019\u0131n pe\u015findedir. Kendi paylar\u0131na da bir iki bal\u0131k d\u00fc\u015fer umuduyla yan\u0131ndan ayr\u0131lmazlar.Ama Bal\u0131k\u00e7\u0131 Osman\u2019\u0131n niyeti bamba\u015fkad\u0131r&#8230;\u0130stanbul\u2019u \u00e7ok iyi g\u00f6zlemleyen Anne Hofmann\u2019\u0131n yaz\u0131p resimledi\u011fi Bal\u0131k\u00e7\u0131 Osman  benzersiz kent g\u00f6r\u00fcn\u00fcmleri e\u015fli\u011finde, s\u0131rad\u0131\u015f\u0131 bir bal\u0131k\u00e7\u0131 hik\u00e2yesi&#8230; \u00c7ocuklar\u0131n da b\u00fcy\u00fcklerin de \u00e7ok sevece\u011fi bir ba\u015fucu kitab\u0131&#8230;Tad\u0131ml\u0131k\u201cAncak pes etmedik. G\u00fc\u00e7lerimizi birle\u015ftirerek onu yola getirmeye \u00e7al\u0131\u015ft\u0131k ama bu da bir i\u015fe yaramad\u0131. Osman\u2019\u0131n \u00e7er\u00e7\u00f6pten ba\u015fka bir \u015fey tuttu\u011fu yoktu. Unutulmu\u015f, kaybedilmi\u015f, \u00e7\u00f6pe at\u0131lm\u0131\u015f \u015feyler&#8230; Uzun laf\u0131n k\u0131sas\u0131, oltas\u0131na bal\u0131k hari\u00e7 her \u015fey tak\u0131ld\u0131.\u201d <\/p>\n","protected":false},"excerpt":{"rendered":"<p>\u0130stanbul\u2019u hi\u00e7 mart\u0131lar\u0131n g\u00f6z\u00fcnden g\u00f6rd\u00fcn\u00fcz m\u00fc?A\u00e7l\u0131ktan g\u00f6zleri d\u00f6nm\u00fc\u015f iki uyan\u0131k mart\u0131, Bal\u0131k\u00e7\u0131 Osman\u2019\u0131n pe\u015findedir. Kendi paylar\u0131na da bir iki bal\u0131k d\u00fc\u015fer umuduyla yan\u0131ndan ayr\u0131lmazlar.Ama Bal\u0131k\u00e7\u0131 Osman\u2019\u0131n<span class=\"excerpt-hellip\"> [\u2026]<\/span><\/p>\n","protected":false},"featured_media":0,"template":"","meta":{"_monsterinsights_skip_tracking":false,"_monsterinsights_sitenote_active":false,"_monsterinsights_sitenote_note":"","_monsterinsights_sitenote_category":0},"product_brand":[],"product_cat":[12274,12284],"product_tag":[],"class_list":{"0":"post-782232","1":"product","2":"type-product","3":"status-publish","5":"product_cat-cocuk-ve-genclik-kitaplari","6":"product_cat-hikayeler","7":"pa_cilt-ciltsiz","8":"pa_tur-kitap","9":"pa_yayinevi-yapi-kredi-yayinlari","10":"pa_yazar-anne-hofmann","12":"first","13":"instock","14":"sale","15":"shipping-taxable","16":"purchasable","17":"product-type-simple"},"_links":{"self":[{"href":"https:\/\/roveyayinevi.com.tr\/index.php\/wp-json\/wp\/v2\/product\/782232","targetHints":{"allow":["GET"]}}],"collection":[{"href":"https:\/\/roveyayinevi.com.tr\/index.php\/wp-json\/wp\/v2\/product"}],"about":[{"href":"https:\/\/roveyayinevi.com.tr\/index.php\/wp-json\/wp\/v2\/types\/product"}],"wp:attachment":[{"href":"https:\/\/roveyayinevi.com.tr\/index.php\/wp-json\/wp\/v2\/media?parent=782232"}],"wp:term":[{"taxonomy":"product_brand","embeddable":true,"href":"https:\/\/roveyayinevi.com.tr\/index.php\/wp-json\/wp\/v2\/product_brand?post=782232"},{"taxonomy":"product_cat","embeddable":true,"href":"https:\/\/roveyayinevi.com.tr\/index.php\/wp-json\/wp\/v2\/product_cat?post=782232"},{"taxonomy":"product_tag","embeddable":true,"href":"https:\/\/roveyayinevi.com.tr\/index.php\/wp-json\/wp\/v2\/product_tag?post=782232"}],"curies":[{"name":"wp","href":"https:\/\/api.w.org\/{rel}","templated":true}]}}