{"id":782231,"date":"2026-02-23T10:56:31","date_gmt":"2026-02-23T07:56:31","guid":{"rendered":"https:\/\/roveyayinevi.com.tr\/index.php\/urun\/postane-2\/"},"modified":"2026-04-16T02:11:50","modified_gmt":"2026-04-15T23:11:50","slug":"postane-2","status":"publish","type":"product","link":"https:\/\/roveyayinevi.com.tr\/index.php\/urun\/postane-2\/","title":{"rendered":"Postane"},"content":{"rendered":"<p>iPostane, Bukowski\u2019nin ilk roman\u0131. Ya\u015fam\u0131n\u0131n \u00f6nemli bir par\u00e7as\u0131n\u0131 olu\u015fturan postac\u0131l\u0131k g\u00fcnlerini, o g\u00fcnlerde \u00e7ekti\u011fi ac\u0131lar\u0131, zorluklar\u0131, b\u00fcrokrasiyle ve anlay\u0131\u015fs\u0131z y\u00f6neticilerle bo\u011fu\u015fmalar\u0131n\u0131 ve tabii posta al\u0131c\u0131lar\u0131 ile maceralar\u0131n\u0131 anlatt\u0131\u011f\u0131 roman\u0131&#8230; Postane, yay\u0131nlanmas\u0131 ile birlikte Amerikan edebiyat \u00e7evrelerinde de b\u00fcy\u00fck ilgi g\u00f6rm\u00fc\u015f ve \u201c\u00e7\u0131\u011f\u0131r a\u00e7an bir eser\u201d olarak nitelendirilmi\u015f. Amerika\u2019daki bu ba\u015far\u0131 k\u0131sa zamanda t\u00fcm d\u00fcnyaya yans\u0131m\u0131\u015f ve Postane, bir anda 15 dile \u00e7evrilmi\u015f. Bukowski, k\u0131sa k\u0131sa b\u00f6l\u00fcmlerden olu\u015fturdu\u011fu ve bol diyalogla kurdu\u011fu bu roman\u0131nda Hemingway ve Fante ile k\u0131yaslan\u0131p onlar kadar ba\u015far\u0131l\u0131 ve \u00f6zg\u00fcn bulunmu\u015f. Bukowski, Postane\u2019deki anlat\u0131m\u0131 ile ilgili olarak; \u201cFazla da\u011f\u0131lmayan, okuru, s\u00f6ylemek istedi\u011fim \u015feyi s\u00f6yleyece\u011fim ana kadar uyan\u0131k tutmaya yarayan canl\u0131 bir anlat\u0131m istiyordum\u201d diyor. Ya\u015fam \u00f6yk\u00fcs\u00fcn\u00fc yazan Howard Sounes \u015f\u00f6yle yaz\u0131yor; \u201cBukowski\u2019nin bir ba\u015fka b\u00fcy\u00fck ba\u015far\u0131s\u0131 da eserlerini son derece ikna edici tarzda yazmas\u0131d\u0131r. \u00d6rne\u011fin mektup da\u011f\u0131t\u0131rken \u00e7ekti\u011fi s\u0131k\u0131nt\u0131lar\u0131 \u00f6yle bir anlat\u0131r ki,  okurlar da sevmedikleri ama \u00e7al\u0131\u015fmak zorunda olduklar\u0131 i\u015fleri hat\u0131rlay\u0131verir.\u201d  Eserleri hakk\u0131nda geni\u015f bir inceleme yapan Russel Harrison da Bukowski\u2019yi \u015f\u00f6yle de\u011ferlendirmi\u015f; \u201cHi\u00e7bir \u00e7a\u011fda\u015f Amerikan yazar\u0131 yazaca\u011f\u0131 esere Bukowski kadar yo\u011fun ve geni\u015f bir bi\u00e7imde haz\u0131rlanmam\u0131\u015ft\u0131r. Asl\u0131nda Bukowski\u2019nin en b\u00fcy\u00fck ba\u015far\u0131s\u0131, \u00f6zellikle Postane\u2019de g\u00f6rd\u00fc\u011f\u00fcm\u00fcz gibi, i\u015fi \u00e7ok iyi tasvir etmesinde yatmaktad\u0131r.\u201d Postane, iyi, rahat anlat\u0131m\u0131 ve konusunun ilgin\u00e7li\u011fi yan\u0131nda ta\u015f\u0131d\u0131\u011f\u0131 mizah unsurlar\u0131yla da dikkati \u00e7eker. Kahraman\u0131 Henry Chinaski\u2019yi ve onun ba\u015f\u0131ndan ge\u00e7enleri neredeyse okuyucuya kahkaha att\u0131racak kadar tatl\u0131 bir dille ama ele\u015ftiri oklar\u0131n\u0131 eksiltmeden anlat\u0131r. <\/p>\n","protected":false},"excerpt":{"rendered":"<p>iPostane, Bukowski\u2019nin ilk roman\u0131. Ya\u015fam\u0131n\u0131n \u00f6nemli bir par\u00e7as\u0131n\u0131 olu\u015fturan postac\u0131l\u0131k g\u00fcnlerini, o g\u00fcnlerde \u00e7ekti\u011fi ac\u0131lar\u0131, zorluklar\u0131, b\u00fcrokrasiyle ve anlay\u0131\u015fs\u0131z y\u00f6neticilerle bo\u011fu\u015fmalar\u0131n\u0131 ve tabii posta al\u0131c\u0131lar\u0131 ile<span class=\"excerpt-hellip\"> [\u2026]<\/span><\/p>\n","protected":false},"featured_media":0,"template":"","meta":{"_monsterinsights_skip_tracking":false,"_monsterinsights_sitenote_active":false,"_monsterinsights_sitenote_note":"","_monsterinsights_sitenote_category":0},"product_brand":[],"product_cat":[12891,12291],"product_tag":[],"class_list":{"0":"post-782231","1":"product","2":"type-product","3":"status-publish","5":"product_cat-amerikan-edebiyati","6":"product_cat-edebiyat","7":"pa_cilt-ciltsiz","8":"pa_tur-kitap","9":"pa_yayinevi-parantez-yayinlari","10":"pa_yazar-charles-bukowski","12":"first","13":"instock","14":"sale","15":"shipping-taxable","16":"purchasable","17":"product-type-simple"},"_links":{"self":[{"href":"https:\/\/roveyayinevi.com.tr\/index.php\/wp-json\/wp\/v2\/product\/782231","targetHints":{"allow":["GET"]}}],"collection":[{"href":"https:\/\/roveyayinevi.com.tr\/index.php\/wp-json\/wp\/v2\/product"}],"about":[{"href":"https:\/\/roveyayinevi.com.tr\/index.php\/wp-json\/wp\/v2\/types\/product"}],"wp:attachment":[{"href":"https:\/\/roveyayinevi.com.tr\/index.php\/wp-json\/wp\/v2\/media?parent=782231"}],"wp:term":[{"taxonomy":"product_brand","embeddable":true,"href":"https:\/\/roveyayinevi.com.tr\/index.php\/wp-json\/wp\/v2\/product_brand?post=782231"},{"taxonomy":"product_cat","embeddable":true,"href":"https:\/\/roveyayinevi.com.tr\/index.php\/wp-json\/wp\/v2\/product_cat?post=782231"},{"taxonomy":"product_tag","embeddable":true,"href":"https:\/\/roveyayinevi.com.tr\/index.php\/wp-json\/wp\/v2\/product_tag?post=782231"}],"curies":[{"name":"wp","href":"https:\/\/api.w.org\/{rel}","templated":true}]}}