{"id":782230,"date":"2026-02-23T10:56:16","date_gmt":"2026-02-23T07:56:16","guid":{"rendered":"https:\/\/roveyayinevi.com.tr\/index.php\/urun\/mukemmellik-rehberi-2\/"},"modified":"2026-04-13T02:13:55","modified_gmt":"2026-04-12T23:13:55","slug":"mukemmellik-rehberi-2","status":"publish","type":"product","link":"https:\/\/roveyayinevi.com.tr\/index.php\/urun\/mukemmellik-rehberi-2\/","title":{"rendered":"M\u00fckemmellik Rehberi &#8211; 2"},"content":{"rendered":"<p>\u0130\u015f ve \u00d6zel Hayat\u0131n\u0131z\u0131 Yepyeni Bir M\u00fckemmellik Seviyesine \u00c7\u0131karmaya Haz\u0131r M\u0131s\u0131n\u0131z?\u0130\u00e7inizdeki dahinin fark\u0131na varman\u0131n ve uzun s\u00fcredir arzulad\u0131\u011f\u0131n\u0131z sonu\u00e7lar\u0131 elde etmenin zaman\u0131 geldi. Ya\u015fam\u0131n\u0131zda k\u00fc\u00e7\u00fck oynamaktan s\u0131k\u0131ld\u0131ysan\u0131z, bu kitap tam size g\u00f6re!\u0130lham verici bu ba\u015far\u0131 k\u0131lavuzu, m\u00fckemmele ula\u015fma yolunda en b\u00fcy\u00fck yolda\u015f\u0131n\u0131z olacak. Robin Sharma\u2019n\u0131n basit ama g\u00fc\u00e7l\u00fc 101 dersi, i\u015finizde ba\u015far\u0131y\u0131 yakalaman\u0131za ve hayat\u0131n\u0131z\u0131 g\u00fczelle\u015ftirmenize yard\u0131mda bulunacak. Bu kitapta,Ba\u015far\u0131l\u0131 insanlar\u0131n ki\u015fisel deneyimlerini,Enerjinizi tazeleyip sizi m\u00fckemmelli\u011fe g\u00f6t\u00fcrecek etkili fikirleri,Performans\u0131n\u0131z\u0131 y\u00fckseltecek devrim niteli\u011findeki y\u00f6ntemleri,Ba\u015far\u0131s\u0131zl\u0131klar\u0131 f\u0131rsata d\u00f6n\u00fc\u015ft\u00fcrecek ger\u00e7ek\u00e7i stratejileri,\u0130\u015f ve \u00f6zel ya\u015fam dengesi i\u00e7in zaman y\u00f6netimi tekniklerini i\u00e7eren yeni tavsiyeler bulacaks\u0131n\u0131z.M\u00fckemmeli yakalamak i\u00e7in bir ad\u0131m atman\u0131z yeterli.Hemen ba\u015flay\u0131n!\u201cSharma kendisini bilge olarak g\u00f6rmeyi reddetse de onunla ilgili aksini d\u00fc\u015f\u00fcnmek imkans\u0131z.\u201d- Publishers Weekly<\/p>\n","protected":false},"excerpt":{"rendered":"<p>\u0130\u015f ve \u00d6zel Hayat\u0131n\u0131z\u0131 Yepyeni Bir M\u00fckemmellik Seviyesine \u00c7\u0131karmaya Haz\u0131r M\u0131s\u0131n\u0131z?\u0130\u00e7inizdeki dahinin fark\u0131na varman\u0131n ve uzun s\u00fcredir arzulad\u0131\u011f\u0131n\u0131z sonu\u00e7lar\u0131 elde etmenin zaman\u0131 geldi. Ya\u015fam\u0131n\u0131zda k\u00fc\u00e7\u00fck oynamaktan<span class=\"excerpt-hellip\"> [\u2026]<\/span><\/p>\n","protected":false},"featured_media":0,"template":"","meta":{"_monsterinsights_skip_tracking":false,"_monsterinsights_sitenote_active":false,"_monsterinsights_sitenote_note":"","_monsterinsights_sitenote_category":0},"product_brand":[],"product_cat":[12364,12376],"product_tag":[],"class_list":{"0":"post-782230","1":"product","2":"type-product","3":"status-publish","5":"product_cat-genel-konular","6":"product_cat-kisisel-gelisim","7":"pa_cilt-ciltsiz","8":"pa_tur-kitap","9":"pa_yayinevi-pegasus-yayinlari","10":"pa_yazar-robin-sharma","12":"first","13":"instock","14":"sale","15":"shipping-taxable","16":"purchasable","17":"product-type-simple"},"_links":{"self":[{"href":"https:\/\/roveyayinevi.com.tr\/index.php\/wp-json\/wp\/v2\/product\/782230","targetHints":{"allow":["GET"]}}],"collection":[{"href":"https:\/\/roveyayinevi.com.tr\/index.php\/wp-json\/wp\/v2\/product"}],"about":[{"href":"https:\/\/roveyayinevi.com.tr\/index.php\/wp-json\/wp\/v2\/types\/product"}],"wp:attachment":[{"href":"https:\/\/roveyayinevi.com.tr\/index.php\/wp-json\/wp\/v2\/media?parent=782230"}],"wp:term":[{"taxonomy":"product_brand","embeddable":true,"href":"https:\/\/roveyayinevi.com.tr\/index.php\/wp-json\/wp\/v2\/product_brand?post=782230"},{"taxonomy":"product_cat","embeddable":true,"href":"https:\/\/roveyayinevi.com.tr\/index.php\/wp-json\/wp\/v2\/product_cat?post=782230"},{"taxonomy":"product_tag","embeddable":true,"href":"https:\/\/roveyayinevi.com.tr\/index.php\/wp-json\/wp\/v2\/product_tag?post=782230"}],"curies":[{"name":"wp","href":"https:\/\/api.w.org\/{rel}","templated":true}]}}