{"id":782227,"date":"2026-02-23T10:54:15","date_gmt":"2026-02-23T07:54:15","guid":{"rendered":"https:\/\/roveyayinevi.com.tr\/index.php\/urun\/sazende-sunkin\/"},"modified":"2026-04-16T02:10:42","modified_gmt":"2026-04-15T23:10:42","slug":"sazende-sunkin","status":"publish","type":"product","link":"https:\/\/roveyayinevi.com.tr\/index.php\/urun\/sazende-sunkin\/","title":{"rendered":"Sazende \u015eunkin"},"content":{"rendered":"<p>Daha \u00f6nce \u00c7\u0131lg\u0131n Bir \u0130htiyar\u0131n G\u00fcncesi adl\u0131 roman\u0131n\u0131 yay\u0131mlad\u0131\u011f\u0131m\u0131z Cuni\u00e7iro Tanizaki, Japon edebiyat\u0131n\u0131n b\u00fcy\u00fck ustalar\u0131ndan biri. \u00d6yk\u00fc ve romanlar\u0131nda Japon geleneklerinden esinlenen, ama bunlar\u0131 insan\u0131n evrensel sorunlar\u0131yla b\u00fct\u00fcnle\u015ftirerek edebiyat tarihini derinden etkileyen metinler \u00e7\u0131karan Tanizaki, okuru al\u0131\u015fkanl\u0131klar\u0131n\u0131n d\u0131\u015f\u0131na \u00e7\u0131kmaya davet ediyor: B\u00fcy\u00fck bilge Konf\u00fc\u00e7y\u00fcs\u2019\u00fc alt eden zalim krali\u00e7e, m\u00fc\u015fterilerine korkun\u00e7 ac\u0131lar ya\u015fatan usta d\u00f6vmeci, oyun s\u0131ras\u0131nda arkada\u015flar\u0131n\u0131 yaralamaktan zevk alan k\u00fc\u00e7\u00fck \u00e7ocuk, kendisine eziyet eden sevgilisi u\u011fruna kendi g\u00f6zlerini k\u00f6r eden romantik \u00e2\u015f\u0131k&#8230; Tanizaki\u2019nin anlat\u0131m\u0131 ger\u00e7ek\u00e7i ve alabildi\u011fine yal\u0131n, buna kar\u015f\u0131l\u0131k \u00f6yk\u00fclerin hepsinde hafif bir ger\u00e7ek\u00fcst\u00fc gerilim var. Do\u011fu\u2019nun sessiz d\u0131\u015f g\u00f6r\u00fcn\u00fc\u015f\u00fcne kar\u015f\u0131l\u0131k kaynayan bir i\u00e7 d\u00fcnya. Hareketsiz bedenin kar\u015f\u0131s\u0131nda \u00e7\u0131\u011fl\u0131klar atan bir ruh&#8230; \u0130nan\u0131lmaz bir edeb\u00ee zenginlik. Tanizaki\u2019nin \u00f6yk\u00fcleri, s\u0131k\u0131 edebiyat okurlar\u0131n\u0131n da, gen\u00e7lerin de ilgisini \u00e7ekebilecek nitelikte. \ufffcTan\u0131t\u0131m Metni<\/p>\n","protected":false},"excerpt":{"rendered":"<p>Daha \u00f6nce \u00c7\u0131lg\u0131n Bir \u0130htiyar\u0131n G\u00fcncesi adl\u0131 roman\u0131n\u0131 yay\u0131mlad\u0131\u011f\u0131m\u0131z Cuni\u00e7iro Tanizaki, Japon edebiyat\u0131n\u0131n b\u00fcy\u00fck ustalar\u0131ndan biri. \u00d6yk\u00fc ve romanlar\u0131nda Japon geleneklerinden esinlenen, ama bunlar\u0131 insan\u0131n evrensel<span class=\"excerpt-hellip\"> [\u2026]<\/span><\/p>\n","protected":false},"featured_media":0,"template":"","meta":{"_monsterinsights_skip_tracking":false,"_monsterinsights_sitenote_active":false,"_monsterinsights_sitenote_note":"","_monsterinsights_sitenote_category":0},"product_brand":[],"product_cat":[13661,12291],"product_tag":[],"class_list":{"0":"post-782227","1":"product","2":"type-product","3":"status-publish","5":"product_cat-diger-ulke-edebiyatlari","6":"product_cat-edebiyat","7":"pa_cilt-ciltsiz","8":"pa_tur-kitap","9":"pa_yayinevi-can-yayinlari","10":"pa_yazar-cuniciro-tanizaki","12":"first","13":"instock","14":"sale","15":"shipping-taxable","16":"purchasable","17":"product-type-simple"},"_links":{"self":[{"href":"https:\/\/roveyayinevi.com.tr\/index.php\/wp-json\/wp\/v2\/product\/782227","targetHints":{"allow":["GET"]}}],"collection":[{"href":"https:\/\/roveyayinevi.com.tr\/index.php\/wp-json\/wp\/v2\/product"}],"about":[{"href":"https:\/\/roveyayinevi.com.tr\/index.php\/wp-json\/wp\/v2\/types\/product"}],"wp:attachment":[{"href":"https:\/\/roveyayinevi.com.tr\/index.php\/wp-json\/wp\/v2\/media?parent=782227"}],"wp:term":[{"taxonomy":"product_brand","embeddable":true,"href":"https:\/\/roveyayinevi.com.tr\/index.php\/wp-json\/wp\/v2\/product_brand?post=782227"},{"taxonomy":"product_cat","embeddable":true,"href":"https:\/\/roveyayinevi.com.tr\/index.php\/wp-json\/wp\/v2\/product_cat?post=782227"},{"taxonomy":"product_tag","embeddable":true,"href":"https:\/\/roveyayinevi.com.tr\/index.php\/wp-json\/wp\/v2\/product_tag?post=782227"}],"curies":[{"name":"wp","href":"https:\/\/api.w.org\/{rel}","templated":true}]}}