{"id":782224,"date":"2026-02-23T10:54:04","date_gmt":"2026-02-23T07:54:04","guid":{"rendered":"https:\/\/roveyayinevi.com.tr\/index.php\/urun\/muzikhol\/"},"modified":"2026-03-27T02:15:58","modified_gmt":"2026-03-26T23:15:58","slug":"muzikhol","status":"publish","type":"product","link":"https:\/\/roveyayinevi.com.tr\/index.php\/urun\/muzikhol\/","title":{"rendered":"M\u00fczikhol"},"content":{"rendered":"<p>Kendisini yirmili y\u0131llar\u0131n sonunda New York\u2019ta bir limanda bulan, k\u0131r\u0131lgan, saf ve masum gen\u00e7 Xavier X. Mortanse\u2019\u0131n, ge\u00e7mi\u015fine dair sadece \u00fc\u00e7 isim vard\u0131r: bile\u011fine d\u00f6vme olarak yap\u0131lm\u0131\u015f kendi ad\u0131, k\u0131z karde\u015fi Justine\u2019in ad\u0131 ve Macaristan\u2019da oldu\u011funu hat\u0131rlad\u0131\u011f\u0131 Saint Lawrence Irma\u011f\u0131. Ger\u00e7ekte kim oldu\u011funu bilmeyen Xavier, \u015fehri yava\u015f yava\u015f bir y\u0131k\u0131m alan\u0131na \u00e7eviren ac\u0131mas\u0131z ve kaba   y\u0131k\u0131c\u0131lar  \u0131n yan\u0131nda \u00e7\u0131rak olarak i\u015fe ba\u015flar. A\u015fklar\u0131n, d\u00fc\u015flerin, evlerin ve hayatlar\u0131n par\u00e7alara ayr\u0131larak birer y\u0131k\u0131nt\u0131ya d\u00f6n\u00fc\u015ft\u00fc\u011f\u00fc, ayn\u0131 m\u00fczikhollerdeki gibi bir\u00e7ok karakterin birbiri ard\u0131na belirip kayboluverdi\u011fi bu kocaman \u015fantiyede Xavier de Amerikan r\u00fcyas\u0131ndaki yerini almak umuduyla bir o yana bir yana savrulup durur. <\/p>\n","protected":false},"excerpt":{"rendered":"<p>Kendisini yirmili y\u0131llar\u0131n sonunda New York\u2019ta bir limanda bulan, k\u0131r\u0131lgan, saf ve masum gen\u00e7 Xavier X. Mortanse\u2019\u0131n, ge\u00e7mi\u015fine dair sadece \u00fc\u00e7 isim vard\u0131r: bile\u011fine d\u00f6vme olarak<span class=\"excerpt-hellip\"> [\u2026]<\/span><\/p>\n","protected":false},"featured_media":0,"template":"","meta":{"_monsterinsights_skip_tracking":false,"_monsterinsights_sitenote_active":false,"_monsterinsights_sitenote_note":"","_monsterinsights_sitenote_category":0},"product_brand":[],"product_cat":[12291,13376],"product_tag":[],"class_list":{"0":"post-782224","1":"product","2":"type-product","3":"status-publish","5":"product_cat-edebiyat","6":"product_cat-fransiz-edebiyati","7":"pa_cilt-ciltsiz","8":"pa_tur-kitap","9":"pa_yayinevi-can-yayinlari","10":"pa_yazar-gaetan-soucy","12":"first","13":"instock","14":"sale","15":"shipping-taxable","16":"purchasable","17":"product-type-simple"},"_links":{"self":[{"href":"https:\/\/roveyayinevi.com.tr\/index.php\/wp-json\/wp\/v2\/product\/782224","targetHints":{"allow":["GET"]}}],"collection":[{"href":"https:\/\/roveyayinevi.com.tr\/index.php\/wp-json\/wp\/v2\/product"}],"about":[{"href":"https:\/\/roveyayinevi.com.tr\/index.php\/wp-json\/wp\/v2\/types\/product"}],"wp:attachment":[{"href":"https:\/\/roveyayinevi.com.tr\/index.php\/wp-json\/wp\/v2\/media?parent=782224"}],"wp:term":[{"taxonomy":"product_brand","embeddable":true,"href":"https:\/\/roveyayinevi.com.tr\/index.php\/wp-json\/wp\/v2\/product_brand?post=782224"},{"taxonomy":"product_cat","embeddable":true,"href":"https:\/\/roveyayinevi.com.tr\/index.php\/wp-json\/wp\/v2\/product_cat?post=782224"},{"taxonomy":"product_tag","embeddable":true,"href":"https:\/\/roveyayinevi.com.tr\/index.php\/wp-json\/wp\/v2\/product_tag?post=782224"}],"curies":[{"name":"wp","href":"https:\/\/api.w.org\/{rel}","templated":true}]}}