{"id":782222,"date":"2026-02-23T10:53:38","date_gmt":"2026-02-23T07:53:38","guid":{"rendered":"https:\/\/roveyayinevi.com.tr\/index.php\/urun\/hoptirinam\/"},"modified":"2026-04-16T02:10:09","modified_gmt":"2026-04-15T23:10:09","slug":"hoptirinam","status":"publish","type":"product","link":"https:\/\/roveyayinevi.com.tr\/index.php\/urun\/hoptirinam\/","title":{"rendered":"Hoptirinam"},"content":{"rendered":"<p>Enba\u015f \u0131n bask\u0131s\u0131 artt\u0131k\u00e7a artm\u0131\u015f. Bu bask\u0131 kar\u015f\u0131s\u0131nda bunalm\u0131\u015flar. Aralar\u0131ndan bir bilge \u00e7\u0131k\u0131p \u015f\u00f6yle demi\u015f: \ufffcTan\u0131t\u0131m Metni<\/p>\n","protected":false},"excerpt":{"rendered":"<p>Enba\u015f \u0131n bask\u0131s\u0131 artt\u0131k\u00e7a artm\u0131\u015f. Bu bask\u0131 kar\u015f\u0131s\u0131nda bunalm\u0131\u015flar. Aralar\u0131ndan bir bilge \u00e7\u0131k\u0131p \u015f\u00f6yle demi\u015f: \ufffcTan\u0131t\u0131m Metni<\/p>\n","protected":false},"featured_media":0,"template":"","meta":{"_monsterinsights_skip_tracking":false,"_monsterinsights_sitenote_active":false,"_monsterinsights_sitenote_note":"","_monsterinsights_sitenote_category":0},"product_brand":[],"product_cat":[12477,12364],"product_tag":[],"class_list":{"0":"post-782222","1":"product","2":"type-product","3":"status-publish","5":"product_cat-eglence-mizah","6":"product_cat-genel-konular","7":"pa_tur-kitap","8":"pa_yayinevi-nesin-yayinlari","9":"pa_yazar-aziz-nesin","11":"first","12":"instock","13":"sale","14":"shipping-taxable","15":"purchasable","16":"product-type-simple"},"_links":{"self":[{"href":"https:\/\/roveyayinevi.com.tr\/index.php\/wp-json\/wp\/v2\/product\/782222","targetHints":{"allow":["GET"]}}],"collection":[{"href":"https:\/\/roveyayinevi.com.tr\/index.php\/wp-json\/wp\/v2\/product"}],"about":[{"href":"https:\/\/roveyayinevi.com.tr\/index.php\/wp-json\/wp\/v2\/types\/product"}],"wp:attachment":[{"href":"https:\/\/roveyayinevi.com.tr\/index.php\/wp-json\/wp\/v2\/media?parent=782222"}],"wp:term":[{"taxonomy":"product_brand","embeddable":true,"href":"https:\/\/roveyayinevi.com.tr\/index.php\/wp-json\/wp\/v2\/product_brand?post=782222"},{"taxonomy":"product_cat","embeddable":true,"href":"https:\/\/roveyayinevi.com.tr\/index.php\/wp-json\/wp\/v2\/product_cat?post=782222"},{"taxonomy":"product_tag","embeddable":true,"href":"https:\/\/roveyayinevi.com.tr\/index.php\/wp-json\/wp\/v2\/product_tag?post=782222"}],"curies":[{"name":"wp","href":"https:\/\/api.w.org\/{rel}","templated":true}]}}