{"id":782220,"date":"2026-02-23T10:53:33","date_gmt":"2026-02-23T07:53:33","guid":{"rendered":"https:\/\/roveyayinevi.com.tr\/index.php\/urun\/canta\/"},"modified":"2026-04-16T02:10:09","modified_gmt":"2026-04-15T23:10:09","slug":"canta","status":"publish","type":"product","link":"https:\/\/roveyayinevi.com.tr\/index.php\/urun\/canta\/","title":{"rendered":"\u00c7anta"},"content":{"rendered":"<p>S\u0131radan bir aksesuar de\u011fildir \u00e7anta. Diplerinde saklanan \u00e7ak\u0131lta\u015flar\u0131ndan bir g\u00f6zde unutulmu\u015f al\u0131\u015fveri\u015f listelerine, bisk\u00fcvi k\u0131r\u0131nt\u0131lar\u0131ndan aile foto\u011fraflar\u0131na, k\u00fc\u00e7\u00fc\u011f\u00fcnden b\u00fcy\u00fc\u011f\u00fcne, en de\u011ferlisinden en g\u00fcl\u00fcnc\u00fcne, i\u00e7erdi\u011fi t\u00fcm \u00e7e\u015fitlilikle apayr\u0131 bir evrendir. Kad\u0131n kimli\u011finin ayr\u0131lmaz bir par\u00e7as\u0131, belki de bir yans\u0131mas\u0131 olan \u00e7antalara ve i\u00e7indekilere kulak veren Kaufmann, her kad\u0131n\u0131n kolunda ki\u015fisel ve gizemli bir nesneye d\u00f6n\u00fc\u015fen bu e\u015fyan\u0131n derinliklerine dalarak gizlenen ger\u00e7eklerle verilmek istenen g\u00f6r\u00fcnt\u00fcn\u00fcn kesi\u015fti\u011fi bu k\u00fc\u00e7\u00fck d\u00fcnyan\u0131n foto\u011fraf\u0131n\u0131 \u00e7ekmi\u015f. K\u0131sacas\u0131 Kaufmann bir tabuyu y\u0131karak kad\u0131nlar\u0131n \u00e7antalar\u0131n\u0131 kar\u0131\u015ft\u0131rm\u0131\u015f. <\/p>\n","protected":false},"excerpt":{"rendered":"<p>S\u0131radan bir aksesuar de\u011fildir \u00e7anta. Diplerinde saklanan \u00e7ak\u0131lta\u015flar\u0131ndan bir g\u00f6zde unutulmu\u015f al\u0131\u015fveri\u015f listelerine, bisk\u00fcvi k\u0131r\u0131nt\u0131lar\u0131ndan aile foto\u011fraflar\u0131na, k\u00fc\u00e7\u00fc\u011f\u00fcnden b\u00fcy\u00fc\u011f\u00fcne, en de\u011ferlisinden en g\u00fcl\u00fcnc\u00fcne, i\u00e7erdi\u011fi t\u00fcm \u00e7e\u015fitlilikle<span class=\"excerpt-hellip\"> [\u2026]<\/span><\/p>\n","protected":false},"featured_media":0,"template":"","meta":{"_monsterinsights_skip_tracking":false,"_monsterinsights_sitenote_active":false,"_monsterinsights_sitenote_note":"","_monsterinsights_sitenote_category":0},"product_brand":[],"product_cat":[12364],"product_tag":[],"class_list":{"0":"post-782220","1":"product","2":"type-product","3":"status-publish","5":"product_cat-genel-konular","6":"pa_cilt-ciltsiz","7":"pa_tur-kitap","8":"pa_yayinevi-can-yayinlari","9":"pa_yazar-jean-claude-kaufmann","11":"first","12":"instock","13":"sale","14":"shipping-taxable","15":"purchasable","16":"product-type-simple"},"_links":{"self":[{"href":"https:\/\/roveyayinevi.com.tr\/index.php\/wp-json\/wp\/v2\/product\/782220","targetHints":{"allow":["GET"]}}],"collection":[{"href":"https:\/\/roveyayinevi.com.tr\/index.php\/wp-json\/wp\/v2\/product"}],"about":[{"href":"https:\/\/roveyayinevi.com.tr\/index.php\/wp-json\/wp\/v2\/types\/product"}],"wp:attachment":[{"href":"https:\/\/roveyayinevi.com.tr\/index.php\/wp-json\/wp\/v2\/media?parent=782220"}],"wp:term":[{"taxonomy":"product_brand","embeddable":true,"href":"https:\/\/roveyayinevi.com.tr\/index.php\/wp-json\/wp\/v2\/product_brand?post=782220"},{"taxonomy":"product_cat","embeddable":true,"href":"https:\/\/roveyayinevi.com.tr\/index.php\/wp-json\/wp\/v2\/product_cat?post=782220"},{"taxonomy":"product_tag","embeddable":true,"href":"https:\/\/roveyayinevi.com.tr\/index.php\/wp-json\/wp\/v2\/product_tag?post=782220"}],"curies":[{"name":"wp","href":"https:\/\/api.w.org\/{rel}","templated":true}]}}