{"id":782219,"date":"2026-02-23T10:53:31","date_gmt":"2026-02-23T07:53:31","guid":{"rendered":"https:\/\/roveyayinevi.com.tr\/index.php\/urun\/chopin-uzerine-notlar\/"},"modified":"2026-04-16T02:10:08","modified_gmt":"2026-04-15T23:10:08","slug":"chopin-uzerine-notlar","status":"publish","type":"product","link":"https:\/\/roveyayinevi.com.tr\/index.php\/urun\/chopin-uzerine-notlar\/","title":{"rendered":"Chopin \u00dczerine Notlar"},"content":{"rendered":"<p>Farkl\u0131 sanat dallar\u0131n\u0131n b\u00fcy\u00fck ustalar\u0131n\u0131; benzersiz zenginlikteki m\u00fczi\u011fiyle insan kalbinin gizemli derinliklerine dokunmay\u0131 ba\u015farm\u0131\u015f \u00f6l\u00fcms\u00fcz besteci Chopin\u2019le, Nobel \u00f6d\u00fcll\u00fc edebiyat ustas\u0131 Andr\u00e9 Gide\u2019i bir araya getiren Chopin \u00dczerine Notlar, m\u00fczik \u00fczerine yaz\u0131lm\u0131\u015f en de\u011ferli kitaplardan biri kabul edilir. \ufffcTan\u0131t\u0131m Metni<\/p>\n","protected":false},"excerpt":{"rendered":"<p>Farkl\u0131 sanat dallar\u0131n\u0131n b\u00fcy\u00fck ustalar\u0131n\u0131; benzersiz zenginlikteki m\u00fczi\u011fiyle insan kalbinin gizemli derinliklerine dokunmay\u0131 ba\u015farm\u0131\u015f \u00f6l\u00fcms\u00fcz besteci Chopin\u2019le, Nobel \u00f6d\u00fcll\u00fc edebiyat ustas\u0131 Andr\u00e9 Gide\u2019i bir araya getiren<span class=\"excerpt-hellip\"> [\u2026]<\/span><\/p>\n","protected":false},"featured_media":0,"template":"","meta":{"_monsterinsights_skip_tracking":false,"_monsterinsights_sitenote_active":false,"_monsterinsights_sitenote_note":"","_monsterinsights_sitenote_category":0},"product_brand":[],"product_cat":[18545,12291],"product_tag":[],"class_list":{"0":"post-782219","1":"product","2":"type-product","3":"status-publish","5":"product_cat-anlati","6":"product_cat-edebiyat","7":"pa_cilt-ciltsiz","8":"pa_tur-kitap","9":"pa_yayinevi-can-yayinlari","10":"pa_yazar-andre-gide","12":"first","13":"instock","14":"sale","15":"shipping-taxable","16":"purchasable","17":"product-type-simple"},"_links":{"self":[{"href":"https:\/\/roveyayinevi.com.tr\/index.php\/wp-json\/wp\/v2\/product\/782219","targetHints":{"allow":["GET"]}}],"collection":[{"href":"https:\/\/roveyayinevi.com.tr\/index.php\/wp-json\/wp\/v2\/product"}],"about":[{"href":"https:\/\/roveyayinevi.com.tr\/index.php\/wp-json\/wp\/v2\/types\/product"}],"wp:attachment":[{"href":"https:\/\/roveyayinevi.com.tr\/index.php\/wp-json\/wp\/v2\/media?parent=782219"}],"wp:term":[{"taxonomy":"product_brand","embeddable":true,"href":"https:\/\/roveyayinevi.com.tr\/index.php\/wp-json\/wp\/v2\/product_brand?post=782219"},{"taxonomy":"product_cat","embeddable":true,"href":"https:\/\/roveyayinevi.com.tr\/index.php\/wp-json\/wp\/v2\/product_cat?post=782219"},{"taxonomy":"product_tag","embeddable":true,"href":"https:\/\/roveyayinevi.com.tr\/index.php\/wp-json\/wp\/v2\/product_tag?post=782219"}],"curies":[{"name":"wp","href":"https:\/\/api.w.org\/{rel}","templated":true}]}}