{"id":782218,"date":"2026-02-23T10:53:27","date_gmt":"2026-02-23T07:53:27","guid":{"rendered":"https:\/\/roveyayinevi.com.tr\/index.php\/urun\/ask-konustugumuzda-ne-konusuruz\/"},"modified":"2026-04-16T02:10:07","modified_gmt":"2026-04-15T23:10:07","slug":"ask-konustugumuzda-ne-konusuruz","status":"publish","type":"product","link":"https:\/\/roveyayinevi.com.tr\/index.php\/urun\/ask-konustugumuzda-ne-konusuruz\/","title":{"rendered":"A\u015fk Konu\u015ftu\u011fumuzda Ne Konu\u015furuz"},"content":{"rendered":"<p>Derken o cumartesi sabah\u0131, durumu yineledi\u011fimiz bir gecenin ard\u0131ndan uyand\u0131k. G\u00f6zlerimizi a\u00e7t\u0131k ve yatakta d\u00f6n\u00fcp birbirimize iyice bakt\u0131k. \u0130kimiz de o an anlad\u0131k. Bir \u015feylerin sonuna gelmi\u015ftik ve \u00f6nemli olan, nereden yeni bir ba\u015flang\u0131\u00e7 yapaca\u011f\u0131m\u0131z\u0131 bulmakt\u0131. Kalk\u0131p giyindik, kahve i\u00e7tik ve bu konu\u015fmay\u0131 yapmaya karar verdik. Hi\u00e7bir \u015fey s\u00f6z\u00fcm\u00fcz\u00fc kesmeyecekti. Ne telefon. Ne m\u00fc\u015fteriler. Teacher\u2019s\u2019\u0131 i\u015fte o zaman ald\u0131m. Kap\u0131y\u0131 kilitleyip buz, bardaklar ve \u015fi\u015felerle \u00fcst kata \u00e7\u0131kt\u0131k. \u0130lk olarak renkli televizyon seyredip biraz oyna\u015ft\u0131k ve alt katta \u00e7alan telefonu umursamad\u0131k. Yemek i\u00e7in odadan \u00e7\u0131k\u0131p otomattan peynirli cips ald\u0131k. Tuhaf bir \u015fekilde her \u015fey olabilecekken, her \u015feyin zaten oldu\u011funu fark ettik. Ya\u015fam\u0131n ac\u0131 y\u00fcz\u00fcyle bu kadar erken tan\u0131\u015fmasayd\u0131, ku\u015fkusuz yine yazar olurdu ama hi\u00e7bir zaman okurlar\u0131 taraf\u0131ndan b\u00f6yle sahiplenilmezdi Raymond Carver. Gen\u00e7lerin haytal\u0131k yap\u0131p havai a\u015fklar kovalad\u0131\u011f\u0131 ya\u015flarda o evli ve iki \u00e7ocuk babas\u0131yd\u0131. Hayat\u0131 \u00f6\u011frenmenin yolu, buldu\u011fu her i\u015fte \u00e7al\u0131\u015fmakt\u0131. Benzincide \u00e7al\u0131\u015ft\u0131, hademelik, garsonluk yapt\u0131. Ya\u015fananlar, k\u00e2\u011f\u0131da d\u00f6k\u00fcld\u00fc\u011f\u00fcnde bazen \u00c7ehov tad\u0131ndayd\u0131, bazen Kafka&#8230; \u0130nsanlar\u0131n ya\u015famlar\u0131nda bar\u0131nan, gizlenen \u00f6yk\u00fcleri, yal\u0131n, ger\u00e7ek\u00e7i, ac\u0131tan \u015fiirsel bir dille yans\u0131tt\u0131. Yenilenler i\u00e7kiye s\u0131\u011f\u0131n\u0131rken, k\u0131sa \u00f6yk\u00fc t\u00fcr\u00fcn\u00fc yeniden var eden Carver, her ba\u015far\u0131s\u0131nda i\u00e7ti, \u00e7ok i\u00e7ti, \u00f6l\u00fcm\u00fcne i\u00e7ti&#8230; \ufffcTan\u0131t\u0131m Metni<\/p>\n","protected":false},"excerpt":{"rendered":"<p>Derken o cumartesi sabah\u0131, durumu yineledi\u011fimiz bir gecenin ard\u0131ndan uyand\u0131k. G\u00f6zlerimizi a\u00e7t\u0131k ve yatakta d\u00f6n\u00fcp birbirimize iyice bakt\u0131k. \u0130kimiz de o an anlad\u0131k. Bir \u015feylerin sonuna<span class=\"excerpt-hellip\"> [\u2026]<\/span><\/p>\n","protected":false},"featured_media":0,"template":"","meta":{"_monsterinsights_skip_tracking":false,"_monsterinsights_sitenote_active":false,"_monsterinsights_sitenote_note":"","_monsterinsights_sitenote_category":0},"product_brand":[],"product_cat":[12891,12291],"product_tag":[],"class_list":{"0":"post-782218","1":"product","2":"type-product","3":"status-publish","5":"product_cat-amerikan-edebiyati","6":"product_cat-edebiyat","7":"pa_cilt-ciltsiz","8":"pa_tur-kitap","9":"pa_yayinevi-can-yayinlari","10":"pa_yazar-raymond-carver","12":"first","13":"instock","14":"sale","15":"shipping-taxable","16":"purchasable","17":"product-type-simple"},"_links":{"self":[{"href":"https:\/\/roveyayinevi.com.tr\/index.php\/wp-json\/wp\/v2\/product\/782218","targetHints":{"allow":["GET"]}}],"collection":[{"href":"https:\/\/roveyayinevi.com.tr\/index.php\/wp-json\/wp\/v2\/product"}],"about":[{"href":"https:\/\/roveyayinevi.com.tr\/index.php\/wp-json\/wp\/v2\/types\/product"}],"wp:attachment":[{"href":"https:\/\/roveyayinevi.com.tr\/index.php\/wp-json\/wp\/v2\/media?parent=782218"}],"wp:term":[{"taxonomy":"product_brand","embeddable":true,"href":"https:\/\/roveyayinevi.com.tr\/index.php\/wp-json\/wp\/v2\/product_brand?post=782218"},{"taxonomy":"product_cat","embeddable":true,"href":"https:\/\/roveyayinevi.com.tr\/index.php\/wp-json\/wp\/v2\/product_cat?post=782218"},{"taxonomy":"product_tag","embeddable":true,"href":"https:\/\/roveyayinevi.com.tr\/index.php\/wp-json\/wp\/v2\/product_tag?post=782218"}],"curies":[{"name":"wp","href":"https:\/\/api.w.org\/{rel}","templated":true}]}}