{"id":782217,"date":"2026-02-23T10:53:25","date_gmt":"2026-02-23T07:53:25","guid":{"rendered":"https:\/\/roveyayinevi.com.tr\/index.php\/urun\/anilar-dusler-dusunceler\/"},"modified":"2026-04-16T02:10:07","modified_gmt":"2026-04-15T23:10:07","slug":"anilar-dusler-dusunceler","status":"publish","type":"product","link":"https:\/\/roveyayinevi.com.tr\/index.php\/urun\/anilar-dusler-dusunceler\/","title":{"rendered":"An\u0131lar, D\u00fc\u015fler, D\u00fc\u015f\u00fcnceler"},"content":{"rendered":"<p>Analitik psikolojinin kurucusu Carl Gustav Jung, 1957 bahar\u0131nda 81 ya\u015f\u0131ndayken, hayat\u0131n\u0131 ve an\u0131lar\u0131n\u0131, meslekta\u015f\u0131 ve yak\u0131n dostu Aniela Jaff\u00e9\u2019ye anlatmay\u0131 kabul etti. O g\u00fcne dek ya\u015fam\u00f6yk\u00fcs\u00fcn\u00fc yazmas\u0131 yolundaki t\u00fcm \u00f6nerileri geri \u00e7evirmi\u015f olan Jung, belirli aral\u0131klarla d\u00fczenlenen s\u00f6yle\u015filerde, ya\u015fam\u0131n\u0131n hi\u00e7 bilinmeyen y\u00f6nlerini Jaff\u00e9\u2019ye anlatt\u0131. \u0130ki y\u0131ldan fazla s\u00fcre boyunca kendini bu u\u011fra\u015fa adamakla kalmad\u0131, 1961\u2019deki \u00f6l\u00fcm\u00fcne kadar kitab\u0131n son bi\u00e7imini almas\u0131na katk\u0131da bulundu.   An\u0131lar, D\u00fc\u015fler, D\u00fc\u015f\u00fcnceler, insan zihninin en b\u00fcy\u00fck k\u00e2\u015fiflerinden birinin ya\u015fam\u0131n\u0131n en gizli k\u00f6\u015felerine kadar uzanan i\u00e7ten a\u00e7\u0131klamalar\u0131ndan olu\u015fuyor. Bu benzersiz kitap, ki\u015filik, r\u00fcyalar ve fanteziler ile din konusunda t\u00fcm insanl\u0131\u011f\u0131 etkileyen d\u00fc\u015f\u00fcnceler geli\u015ftirmi\u015f olan Jung\u2019un, ilgin\u00e7 ve bir o kadar da sakl\u0131 ki\u015fili\u011fini kendi a\u011fz\u0131ndan g\u00f6zler \u00f6n\u00fcne seriyor. Biliminsan\u0131n\u0131n, \u00f6nce hayran\u0131 oldu\u011fu, ama giderek derin g\u00f6r\u00fc\u015f ayr\u0131l\u0131klar\u0131na d\u00fc\u015ft\u00fc\u011f\u00fc Sigmund Freud\u2019la ili\u015fkilerine ilk elden \u0131\u015f\u0131k tutuyor. <\/p>\n","protected":false},"excerpt":{"rendered":"<p>Analitik psikolojinin kurucusu Carl Gustav Jung, 1957 bahar\u0131nda 81 ya\u015f\u0131ndayken, hayat\u0131n\u0131 ve an\u0131lar\u0131n\u0131, meslekta\u015f\u0131 ve yak\u0131n dostu Aniela Jaff\u00e9\u2019ye anlatmay\u0131 kabul etti. O g\u00fcne dek ya\u015fam\u00f6yk\u00fcs\u00fcn\u00fc<span class=\"excerpt-hellip\"> [\u2026]<\/span><\/p>\n","protected":false},"featured_media":0,"template":"","meta":{"_monsterinsights_skip_tracking":false,"_monsterinsights_sitenote_active":false,"_monsterinsights_sitenote_note":"","_monsterinsights_sitenote_category":0},"product_brand":[],"product_cat":[12357],"product_tag":[],"class_list":{"0":"post-782217","1":"product","2":"type-product","3":"status-publish","5":"product_cat-psikoloji","6":"pa_cilt-ciltsiz","7":"pa_tur-kitap","8":"pa_yayinevi-can-yayinlari","9":"pa_yazar-carl-gustav-jung","11":"first","12":"instock","13":"sale","14":"shipping-taxable","15":"purchasable","16":"product-type-simple"},"_links":{"self":[{"href":"https:\/\/roveyayinevi.com.tr\/index.php\/wp-json\/wp\/v2\/product\/782217","targetHints":{"allow":["GET"]}}],"collection":[{"href":"https:\/\/roveyayinevi.com.tr\/index.php\/wp-json\/wp\/v2\/product"}],"about":[{"href":"https:\/\/roveyayinevi.com.tr\/index.php\/wp-json\/wp\/v2\/types\/product"}],"wp:attachment":[{"href":"https:\/\/roveyayinevi.com.tr\/index.php\/wp-json\/wp\/v2\/media?parent=782217"}],"wp:term":[{"taxonomy":"product_brand","embeddable":true,"href":"https:\/\/roveyayinevi.com.tr\/index.php\/wp-json\/wp\/v2\/product_brand?post=782217"},{"taxonomy":"product_cat","embeddable":true,"href":"https:\/\/roveyayinevi.com.tr\/index.php\/wp-json\/wp\/v2\/product_cat?post=782217"},{"taxonomy":"product_tag","embeddable":true,"href":"https:\/\/roveyayinevi.com.tr\/index.php\/wp-json\/wp\/v2\/product_tag?post=782217"}],"curies":[{"name":"wp","href":"https:\/\/api.w.org\/{rel}","templated":true}]}}