{"id":782216,"date":"2026-02-23T10:53:21","date_gmt":"2026-02-23T07:53:21","guid":{"rendered":"https:\/\/roveyayinevi.com.tr\/index.php\/urun\/harita-ve-topraklar-2\/"},"modified":"2026-02-25T13:01:03","modified_gmt":"2026-02-25T10:01:03","slug":"harita-ve-topraklar-2","status":"publish","type":"product","link":"https:\/\/roveyayinevi.com.tr\/index.php\/urun\/harita-ve-topraklar-2\/","title":{"rendered":"Harita ve Topraklar"},"content":{"rendered":"<p>Olanlar\u0131, roman\u0131n ba\u015fkahraman\u0131 Jed Martin anlatsayd\u0131, s\u00f6ze bir 15 Aral\u0131k g\u00fcn\u00fc evdeki \u0131s\u0131t\u0131c\u0131n\u0131n bozulmas\u0131yla ba\u015flard\u0131 belki. Belki de Noel yemeklerini ba\u015f ba\u015fa ge\u00e7irdi\u011fi, i\u015fine y\u00fcrekten ba\u011fl\u0131, tan\u0131nm\u0131\u015f bir mimar olan babas\u0131ndan konu a\u00e7ard\u0131. Ayr\u0131ca Komiser Jasselin\u2019in polis ekiplerini bile deh\u015fete d\u00fc\u015f\u00fcren, korkun\u00e7 bir cinayeti ayd\u0131nlatmas\u0131na yard\u0131m etti\u011fini de atlayamazd\u0131. Meslek ya\u015fam\u0131n\u0131n ba\u015flar\u0131nda, foto\u011fraf sergisinin a\u00e7\u0131l\u0131\u015f\u0131nda tan\u0131\u015ft\u0131\u011f\u0131 g\u00fczelim Rus k\u0131z\u0131 Olga\u2019y\u0131 anlatmadan da ge\u00e7emezdi elbette. Her \u00e7evreden \u00fcnl\u00fclerin (Michel Houellebecq de o \u00fcnl\u00fcler aras\u0131ndayd\u0131) portreleriyle kurdu\u011fu Meslekler dizisiyle d\u00fcnya \u00e7ap\u0131nda \u00fcne kavu\u015fmadan \u00f6nceydi k\u0131zla tan\u0131\u015fmas\u0131&#8230; \ufffcTan\u0131t\u0131m Metni<\/p>\n","protected":false},"excerpt":{"rendered":"<p>Olanlar\u0131, roman\u0131n ba\u015fkahraman\u0131 Jed Martin anlatsayd\u0131, s\u00f6ze bir 15 Aral\u0131k g\u00fcn\u00fc evdeki \u0131s\u0131t\u0131c\u0131n\u0131n bozulmas\u0131yla ba\u015flard\u0131 belki. Belki de Noel yemeklerini ba\u015f ba\u015fa ge\u00e7irdi\u011fi, i\u015fine y\u00fcrekten ba\u011fl\u0131,<span class=\"excerpt-hellip\"> [\u2026]<\/span><\/p>\n","protected":false},"featured_media":0,"template":"","meta":{"_monsterinsights_skip_tracking":false,"_monsterinsights_sitenote_active":false,"_monsterinsights_sitenote_note":"","_monsterinsights_sitenote_category":0},"product_brand":[],"product_cat":[12291,13376],"product_tag":[],"class_list":{"0":"post-782216","1":"product","2":"type-product","3":"status-publish","5":"product_cat-edebiyat","6":"product_cat-fransiz-edebiyati","7":"pa_cilt-ciltsiz","8":"pa_tur-kitap","9":"pa_yayinevi-can-yayinlari","10":"pa_yazar-michel-houellebecq","12":"first","13":"instock","14":"sale","15":"shipping-taxable","16":"purchasable","17":"product-type-simple"},"_links":{"self":[{"href":"https:\/\/roveyayinevi.com.tr\/index.php\/wp-json\/wp\/v2\/product\/782216","targetHints":{"allow":["GET"]}}],"collection":[{"href":"https:\/\/roveyayinevi.com.tr\/index.php\/wp-json\/wp\/v2\/product"}],"about":[{"href":"https:\/\/roveyayinevi.com.tr\/index.php\/wp-json\/wp\/v2\/types\/product"}],"wp:attachment":[{"href":"https:\/\/roveyayinevi.com.tr\/index.php\/wp-json\/wp\/v2\/media?parent=782216"}],"wp:term":[{"taxonomy":"product_brand","embeddable":true,"href":"https:\/\/roveyayinevi.com.tr\/index.php\/wp-json\/wp\/v2\/product_brand?post=782216"},{"taxonomy":"product_cat","embeddable":true,"href":"https:\/\/roveyayinevi.com.tr\/index.php\/wp-json\/wp\/v2\/product_cat?post=782216"},{"taxonomy":"product_tag","embeddable":true,"href":"https:\/\/roveyayinevi.com.tr\/index.php\/wp-json\/wp\/v2\/product_tag?post=782216"}],"curies":[{"name":"wp","href":"https:\/\/api.w.org\/{rel}","templated":true}]}}