{"id":782215,"date":"2026-02-23T10:53:05","date_gmt":"2026-02-23T07:53:05","guid":{"rendered":"https:\/\/roveyayinevi.com.tr\/index.php\/urun\/dag-3\/"},"modified":"2026-04-16T02:09:58","modified_gmt":"2026-04-15T23:09:58","slug":"dag-3","status":"publish","type":"product","link":"https:\/\/roveyayinevi.com.tr\/index.php\/urun\/dag-3\/","title":{"rendered":"Da\u011f"},"content":{"rendered":"<p>Da\u011f Murathan Mungan&#8217;\u0131n 2005 ile 2007 aras\u0131nda se\u00e7ilmi\u015f bir ba\u011flam ve akraba izlekler \u00e7evresinde yazd\u0131\u011f\u0131 72 adet \u015fiirden olu\u015fuyor. Mungan&#8217;\u0131n bir \u00f6nceki \u015fiir kitab\u0131 Ete\u011fimdeki Ta\u015flar bundan \u00fc\u00e7 y\u0131l \u00f6nce Aral\u0131k 2004&#8217;te yay\u0131mlanm\u0131\u015ft\u0131. Da\u011f&#8217;\u0131n kapak d\u00fczeni, bir \u00f6nceki \u015fiir kitab\u0131nda oldu\u011fu gibi gene Hakk\u0131 M\u0131s\u0131rl\u0131o\u011flu imzas\u0131n\u0131 ta\u015f\u0131yor. 2007 y\u0131l\u0131 boyunca s\u0131rayla oyun, sinema yaz\u0131lar\u0131, se\u00e7ki-tasar\u0131m ve \u00f6yk\u00fc t\u00fcrlerinde K\u00e2\u011f\u0131t Ta\u015f Kuma\u015f, Kullan\u0131lm\u0131\u015f Biletler, B\u00fcy\u00fcmenin T\u00fcrk\u00e7e Tarihi, Yedi Kap\u0131l\u0131 K\u0131rk Oda adl\u0131 kitaplar\u0131 yay\u0131mlanan Murathan Mungan b\u00f6ylelikle y\u0131l\u0131 bir \u015fiir kitab\u0131yla kapatm\u0131\u015f oluyor. Da\u011f&#8217;\u0131 Mungan&#8217;dan dinleyelim:  &#8220;K\u0131sa bir yaz tatili yapt\u0131m. Bu s\u0131rada \u015fiir geldi. Neredeyse kendi geldi. Kendili\u011finden geldi. Arka arkaya her g\u00fcn birka\u00e7 \u015fiir yazd\u0131\u011f\u0131m g\u00fcnlerin hummas\u0131na kap\u0131ld\u0131m. Kendimi tutam\u0131yordum. Ben dursam, elim yaz\u0131yordu. \u015eiire ba\u015fka bir \u00e2lemin kap\u0131s\u0131ndan ge\u00e7ilerek girildi\u011fini \u00f6nceki deneyimlerimden biliyorum elbet. En az\u0131ndan benim \u015fiirle ili\u015fkim, b\u00f6yle bir ili\u015fkidir. Birdenbire o kap\u0131dan ge\u00e7mi\u015ftim. Her \u015feyi ask\u0131ya al\u0131p kendimi \u015fiire, onun diline, sihrine, \u00e2lemine b\u0131rakt\u0131m. Da\u011f tutmas\u0131na yakaland\u0131m. Kitab\u0131n ad\u0131 Da\u011f. \u0130\u00e7imin da\u011f zaman\u0131yd\u0131. Da\u011f tuttu mu, \u00e7\u0131kacaks\u0131n. B\u00f6yle giderse, yeni y\u0131l\u0131n ilk g\u00fcnlerinde sizi kendi da\u011f\u0131mda bu \u015fiirlerle kar\u015f\u0131layabilirim.&#8221; <\/p>\n","protected":false},"excerpt":{"rendered":"<p>Da\u011f Murathan Mungan&#8217;\u0131n 2005 ile 2007 aras\u0131nda se\u00e7ilmi\u015f bir ba\u011flam ve akraba izlekler \u00e7evresinde yazd\u0131\u011f\u0131 72 adet \u015fiirden olu\u015fuyor. Mungan&#8217;\u0131n bir \u00f6nceki \u015fiir kitab\u0131 Ete\u011fimdeki Ta\u015flar<span class=\"excerpt-hellip\"> [\u2026]<\/span><\/p>\n","protected":false},"featured_media":0,"template":"","meta":{"_monsterinsights_skip_tracking":false,"_monsterinsights_sitenote_active":false,"_monsterinsights_sitenote_note":"","_monsterinsights_sitenote_category":0},"product_brand":[],"product_cat":[12291,12292],"product_tag":[],"class_list":{"0":"post-782215","1":"product","2":"type-product","3":"status-publish","5":"product_cat-edebiyat","6":"product_cat-turk-edebiyati","7":"pa_cilt-ciltsiz","8":"pa_tur-kitap","9":"pa_yayinevi-metis-yayinlari","10":"pa_yazar-murathan-mungan","12":"first","13":"instock","14":"sale","15":"shipping-taxable","16":"purchasable","17":"product-type-simple"},"_links":{"self":[{"href":"https:\/\/roveyayinevi.com.tr\/index.php\/wp-json\/wp\/v2\/product\/782215","targetHints":{"allow":["GET"]}}],"collection":[{"href":"https:\/\/roveyayinevi.com.tr\/index.php\/wp-json\/wp\/v2\/product"}],"about":[{"href":"https:\/\/roveyayinevi.com.tr\/index.php\/wp-json\/wp\/v2\/types\/product"}],"wp:attachment":[{"href":"https:\/\/roveyayinevi.com.tr\/index.php\/wp-json\/wp\/v2\/media?parent=782215"}],"wp:term":[{"taxonomy":"product_brand","embeddable":true,"href":"https:\/\/roveyayinevi.com.tr\/index.php\/wp-json\/wp\/v2\/product_brand?post=782215"},{"taxonomy":"product_cat","embeddable":true,"href":"https:\/\/roveyayinevi.com.tr\/index.php\/wp-json\/wp\/v2\/product_cat?post=782215"},{"taxonomy":"product_tag","embeddable":true,"href":"https:\/\/roveyayinevi.com.tr\/index.php\/wp-json\/wp\/v2\/product_tag?post=782215"}],"curies":[{"name":"wp","href":"https:\/\/api.w.org\/{rel}","templated":true}]}}