{"id":782212,"date":"2026-02-23T10:52:33","date_gmt":"2026-02-23T07:52:33","guid":{"rendered":"https:\/\/roveyayinevi.com.tr\/index.php\/urun\/antikcag-felsefesi\/"},"modified":"2026-04-16T02:09:37","modified_gmt":"2026-04-15T23:09:37","slug":"antikcag-felsefesi","status":"publish","type":"product","link":"https:\/\/roveyayinevi.com.tr\/index.php\/urun\/antikcag-felsefesi\/","title":{"rendered":"Antik\u00e7a\u011f Felsefesi"},"content":{"rendered":"<p>Bat\u0131 felsefe gelene\u011finin temelini olu\u015fturan antik\u00e7a\u011f felsefesi, ilk filozof kabul edilen Miletoslu Thales\u2019le ba\u015flay\u0131p Roma \u0130mparatorlu\u011fu&#8217;nun \u00e7\u00f6k\u00fc\u015f\u00fcne de\u011fin s\u00fcrer. Yakla\u015f\u0131k 1000 y\u0131ll\u0131k bir d\u00f6nemi kapsayan bu s\u00fcre\u00e7 do\u011fa ara\u015ft\u0131rmalar\u0131yla felsefi d\u00fc\u015f\u00fcnmeyi ba\u015flatan ilk filozoflardan felsefenin seyrini insana y\u00f6nelten Sokrates&#8217;e. temel ta\u015flar\u0131n\u0131 d\u00f6\u015feyen Platon ve Aristoteles\u2019e, Yonan k\u00fclt\u00fcr\u00fcn\u00fc Hindistan&#8217;daki Indos k\u0131y\u0131lar\u0131na kadar yayan B\u00fcy\u00fck \u0130skender\u2019in yel a\u00e7t\u0131\u011f\u0131 k\u00fclt\u00fcr ikliminde insan hayat\u0131na yeni bir y\u00f6n vermeye \u00e7al\u0131\u015fan Epikuros ve Stoa okullar\u0131na ve Platon felsefesini yeniden yorumlay\u0131p zenginle\u015ftiren Yeni-Platonculuk ile erken d\u00f6nem H\u0131ristiyan d\u00fc\u015f\u00fcn\u00fcrlerine de\u011fin uzan\u0131r.Felsefenin do\u011fdu\u011fu, geli\u015fip serpildi\u011fi bu s\u00fcre\u00e7 insan, tanr\u0131, do\u011fa, evren, ahlak, siyaset, toplum gibi belli ba\u015fl\u0131 konularda felsefe tarihi buyunca tart\u0131\u015f\u0131lacak en temel sorular\u0131n belirlendi\u011fi, tart\u0131\u015fmaya a\u00e7\u0131ld\u0131\u011f\u0131 d\u00f6nemdir. \u00d6yle ki, felsefe tarihinin en \u00f6nemli filozoflar\u0131ndan Hegel&#8217;e, \u201cYunanlar\u0131n aras\u0131nda kendimizi evimizde gibi hissediyoruz\u201d dedirtecek; zihninde adeta b\u00fct\u00fcn bir antik\u00e7a\u011f\u0131 Platonun \u015fahs\u0131nda felsefe kavram\u0131yla \u00d6zde\u015fle\u015ftiren Ralph Waldo Emerson&#8217;a, \u201cPlaton felsefedir, felsefe de Platon&#8221; diye yazd\u0131racak denli her filozofun, d\u00fc\u015f\u00fcn\u00fcr\u00fcn, edebiyat\u00e7\u0131n\u0131n yuvas\u0131 bildi\u011fi bir d\u00f6nem.Antik\u00e7a\u011f felsefesini, k\u00fclt\u00fcr\u00fc ve edebiyat\u0131yla bir b\u00fct\u00fcn olarak ele alan ve onu Eski Yunanca ve Latince metinler \u00fczerinden inceleyerek anlatan bu eser salt bir felsefe tarihi olman\u0131n \u00f6tesinde felsefenin derinlerine bir yolculuk, s\u00fcr\u00fckleyici bir d\u00fc\u015f\u00fcnce ser\u00fcvenine davettir. <\/p>\n","protected":false},"excerpt":{"rendered":"<p>Bat\u0131 felsefe gelene\u011finin temelini olu\u015fturan antik\u00e7a\u011f felsefesi, ilk filozof kabul edilen Miletoslu Thales\u2019le ba\u015flay\u0131p Roma \u0130mparatorlu\u011fu&#8217;nun \u00e7\u00f6k\u00fc\u015f\u00fcne de\u011fin s\u00fcrer. Yakla\u015f\u0131k 1000 y\u0131ll\u0131k bir d\u00f6nemi kapsayan bu<span class=\"excerpt-hellip\"> [\u2026]<\/span><\/p>\n","protected":false},"featured_media":0,"template":"","meta":{"_monsterinsights_skip_tracking":false,"_monsterinsights_sitenote_active":false,"_monsterinsights_sitenote_note":"","_monsterinsights_sitenote_category":0},"product_brand":[],"product_cat":[12389,12388],"product_tag":[],"class_list":{"0":"post-782212","1":"product","2":"type-product","3":"status-publish","5":"product_cat-diger-felsefe","6":"product_cat-felsefe","7":"pa_cilt-ciltsiz","8":"pa_tur-kitap","9":"pa_yayinevi-alfa-yayinlari","10":"pa_yazar-cigdem-durusken","12":"first","13":"instock","14":"sale","15":"shipping-taxable","16":"purchasable","17":"product-type-simple"},"_links":{"self":[{"href":"https:\/\/roveyayinevi.com.tr\/index.php\/wp-json\/wp\/v2\/product\/782212","targetHints":{"allow":["GET"]}}],"collection":[{"href":"https:\/\/roveyayinevi.com.tr\/index.php\/wp-json\/wp\/v2\/product"}],"about":[{"href":"https:\/\/roveyayinevi.com.tr\/index.php\/wp-json\/wp\/v2\/types\/product"}],"wp:attachment":[{"href":"https:\/\/roveyayinevi.com.tr\/index.php\/wp-json\/wp\/v2\/media?parent=782212"}],"wp:term":[{"taxonomy":"product_brand","embeddable":true,"href":"https:\/\/roveyayinevi.com.tr\/index.php\/wp-json\/wp\/v2\/product_brand?post=782212"},{"taxonomy":"product_cat","embeddable":true,"href":"https:\/\/roveyayinevi.com.tr\/index.php\/wp-json\/wp\/v2\/product_cat?post=782212"},{"taxonomy":"product_tag","embeddable":true,"href":"https:\/\/roveyayinevi.com.tr\/index.php\/wp-json\/wp\/v2\/product_tag?post=782212"}],"curies":[{"name":"wp","href":"https:\/\/api.w.org\/{rel}","templated":true}]}}