{"id":782211,"date":"2026-02-23T10:52:21","date_gmt":"2026-02-23T07:52:21","guid":{"rendered":"https:\/\/roveyayinevi.com.tr\/index.php\/urun\/erteleme-sanati-2\/"},"modified":"2026-03-27T02:14:36","modified_gmt":"2026-03-26T23:14:36","slug":"erteleme-sanati-2","status":"publish","type":"product","link":"https:\/\/roveyayinevi.com.tr\/index.php\/urun\/erteleme-sanati-2\/","title":{"rendered":"Erteleme Sanat\u0131"},"content":{"rendered":"<p>\u0130yi haber: Art\u0131k her \u015feyi erteledi\u011finiz i\u00e7in kendinizi k\u00f6t\u00fc hissetmek zorunda de\u011filsiniz. D\u00fcnyada ertelemeyi bir ya\u015fam bi\u00e7imi haline getirmi\u015f sizin gibi \u00e7ok insan var ve bu insanlar asl\u0131nda pek \u00e7ok \u015feyin alt\u0131ndan kalk\u0131p gayet de ba\u015far\u0131l\u0131 olabiliyorlar. \ufffcTan\u0131t\u0131m Metni<\/p>\n","protected":false},"excerpt":{"rendered":"<p>\u0130yi haber: Art\u0131k her \u015feyi erteledi\u011finiz i\u00e7in kendinizi k\u00f6t\u00fc hissetmek zorunda de\u011filsiniz. D\u00fcnyada ertelemeyi bir ya\u015fam bi\u00e7imi haline getirmi\u015f sizin gibi \u00e7ok insan var ve bu<span class=\"excerpt-hellip\"> [\u2026]<\/span><\/p>\n","protected":false},"featured_media":0,"template":"","meta":{"_monsterinsights_skip_tracking":false,"_monsterinsights_sitenote_active":false,"_monsterinsights_sitenote_note":"","_monsterinsights_sitenote_category":0},"product_brand":[],"product_cat":[12777,12291],"product_tag":[],"class_list":{"0":"post-782211","1":"product","2":"type-product","3":"status-publish","5":"product_cat-deneme","6":"product_cat-edebiyat","7":"pa_cilt-ciltsiz","8":"pa_tur-kitap","9":"pa_yayinevi-sel-yayincilik","10":"pa_yazar-john-perry","12":"first","13":"instock","14":"sale","15":"shipping-taxable","16":"purchasable","17":"product-type-simple"},"_links":{"self":[{"href":"https:\/\/roveyayinevi.com.tr\/index.php\/wp-json\/wp\/v2\/product\/782211","targetHints":{"allow":["GET"]}}],"collection":[{"href":"https:\/\/roveyayinevi.com.tr\/index.php\/wp-json\/wp\/v2\/product"}],"about":[{"href":"https:\/\/roveyayinevi.com.tr\/index.php\/wp-json\/wp\/v2\/types\/product"}],"wp:attachment":[{"href":"https:\/\/roveyayinevi.com.tr\/index.php\/wp-json\/wp\/v2\/media?parent=782211"}],"wp:term":[{"taxonomy":"product_brand","embeddable":true,"href":"https:\/\/roveyayinevi.com.tr\/index.php\/wp-json\/wp\/v2\/product_brand?post=782211"},{"taxonomy":"product_cat","embeddable":true,"href":"https:\/\/roveyayinevi.com.tr\/index.php\/wp-json\/wp\/v2\/product_cat?post=782211"},{"taxonomy":"product_tag","embeddable":true,"href":"https:\/\/roveyayinevi.com.tr\/index.php\/wp-json\/wp\/v2\/product_tag?post=782211"}],"curies":[{"name":"wp","href":"https:\/\/api.w.org\/{rel}","templated":true}]}}