{"id":782210,"date":"2026-02-23T10:52:12","date_gmt":"2026-02-23T07:52:12","guid":{"rendered":"https:\/\/roveyayinevi.com.tr\/index.php\/urun\/80-gunde-80-derste-ingilizce-baslangictan-ileri-duzeye-hizlandirilmis-ogrenim-sistemi\/"},"modified":"2026-04-16T02:09:27","modified_gmt":"2026-04-15T23:09:27","slug":"80-gunde-80-derste-ingilizce-baslangictan-ileri-duzeye-hizlandirilmis-ogrenim-sistemi","status":"publish","type":"product","link":"https:\/\/roveyayinevi.com.tr\/index.php\/urun\/80-gunde-80-derste-ingilizce-baslangictan-ileri-duzeye-hizlandirilmis-ogrenim-sistemi\/","title":{"rendered":"80 G\u00fcnde 80 Derste \u0130ngilizce Ba\u015flang\u0131\u00e7tan \u0130leri D\u00fczeye (H\u0131zland\u0131r\u0131lm\u0131\u015f \u00d6\u011frenim Sistemi)"},"content":{"rendered":"<p>80 DERSTE\/80 G\u00dcNDE \u0130NG\u0130L\u0130ZCE,\u0130ngilizceyi,ger\u00e7ekten 80 ders ve 80 g\u00fcn(G\u00fcnde ortalama bir saat \u00e7al\u0131\u015farak toplam 80 saat) gibi \u00e7ok k\u0131sa bir s\u00fcrede \u00f6\u011fretmeyi ama\u00e7lamaktad\u0131r.Ba\u015flang\u0131\u00e7tan ileri d\u00fczeye kadar,\u00e7ok geni\u015f kapsaml\u0131 \u0130ngilizce bilgisi,m\u00fcmk\u00fcn olan en h\u0131zl\u0131,en kolay ve en verimli y\u00f6ntemle verilmi\u015ftir.Yeni ba\u015flayanlar i\u00e7in oldu\u011fu kadar,belirli d\u00fczeyde bilgisi olanlar i\u00e7in de,her zaman ba\u015fvurulabilecek bir kaynak olacakt\u0131r.G\u00fcnl\u00fck konu\u015fmalardan politikaya,f\u0131kralardan spora,sanattan internete kadar her alan\u0131 kapsayan ders konular\u0131n\u0131n olabildi\u011fince g\u00fcncel ve s\u00fcr\u00fckleyici olmas\u0131na \u00f6zen g\u00f6sterilerek haz\u0131rlanan 80 DERSTE \/ 80 G\u00dcNDE \u0130NG\u0130L\u0130ZCE\u2019nin yenilenmi\u015f olan bu (20\u2019nci)bas\u0131m\u0131,yeni okuma par\u00e7alar\u0131n\u0131n ve ses kay\u0131tlar\u0131n\u0131n eklenmesiyle geni\u015fletilmi\u015ftir.Dilbilgisi,s\u00f6zc\u00fckler,s\u00f6yleni\u015f(telaffuz) ve al\u0131\u015ft\u0131rmalar ayn\u0131 sistem i\u00e7inde birlikte verildi\u011finden,s\u00f6zl\u00fck ya da ba\u015fka herhangi bir dilbilgisi kayna\u011f\u0131na ba\u015fvurmaya gerek duymayacaks\u0131n\u0131z.<\/p>\n","protected":false},"excerpt":{"rendered":"<p>80 DERSTE\/80 G\u00dcNDE \u0130NG\u0130L\u0130ZCE,\u0130ngilizceyi,ger\u00e7ekten 80 ders ve 80 g\u00fcn(G\u00fcnde ortalama bir saat \u00e7al\u0131\u015farak toplam 80 saat) gibi \u00e7ok k\u0131sa bir s\u00fcrede \u00f6\u011fretmeyi ama\u00e7lamaktad\u0131r.Ba\u015flang\u0131\u00e7tan ileri d\u00fczeye kadar,\u00e7ok<span class=\"excerpt-hellip\"> [\u2026]<\/span><\/p>\n","protected":false},"featured_media":0,"template":"","meta":{"_monsterinsights_skip_tracking":false,"_monsterinsights_sitenote_active":false,"_monsterinsights_sitenote_note":"","_monsterinsights_sitenote_category":0},"product_brand":[],"product_cat":[12566,15788,13611],"product_tag":[],"class_list":{"0":"post-782210","1":"product","2":"type-product","3":"status-publish","5":"product_cat-egitim","6":"product_cat-ingilizce-sozlukler","7":"product_cat-sozlukler-ve-konusma-kilavuzlari","8":"pa_cilt-ciltsiz","9":"pa_tur-kitap","10":"pa_yayinevi-net-kitap","11":"pa_yazar-bekir-orhan-dogan","13":"first","14":"instock","15":"sale","16":"shipping-taxable","17":"purchasable","18":"product-type-simple"},"_links":{"self":[{"href":"https:\/\/roveyayinevi.com.tr\/index.php\/wp-json\/wp\/v2\/product\/782210","targetHints":{"allow":["GET"]}}],"collection":[{"href":"https:\/\/roveyayinevi.com.tr\/index.php\/wp-json\/wp\/v2\/product"}],"about":[{"href":"https:\/\/roveyayinevi.com.tr\/index.php\/wp-json\/wp\/v2\/types\/product"}],"wp:attachment":[{"href":"https:\/\/roveyayinevi.com.tr\/index.php\/wp-json\/wp\/v2\/media?parent=782210"}],"wp:term":[{"taxonomy":"product_brand","embeddable":true,"href":"https:\/\/roveyayinevi.com.tr\/index.php\/wp-json\/wp\/v2\/product_brand?post=782210"},{"taxonomy":"product_cat","embeddable":true,"href":"https:\/\/roveyayinevi.com.tr\/index.php\/wp-json\/wp\/v2\/product_cat?post=782210"},{"taxonomy":"product_tag","embeddable":true,"href":"https:\/\/roveyayinevi.com.tr\/index.php\/wp-json\/wp\/v2\/product_tag?post=782210"}],"curies":[{"name":"wp","href":"https:\/\/api.w.org\/{rel}","templated":true}]}}