{"id":782209,"date":"2026-02-23T10:52:09","date_gmt":"2026-02-23T07:52:09","guid":{"rendered":"https:\/\/roveyayinevi.com.tr\/index.php\/urun\/siddet-ve-medenilik-wellek-library-konferanslari-ve-diger-siyaset-felsefesi-denemeleri\/"},"modified":"2026-03-03T02:16:10","modified_gmt":"2026-03-02T23:16:10","slug":"siddet-ve-medenilik-wellek-library-konferanslari-ve-diger-siyaset-felsefesi-denemeleri","status":"publish","type":"product","link":"https:\/\/roveyayinevi.com.tr\/index.php\/urun\/siddet-ve-medenilik-wellek-library-konferanslari-ve-diger-siyaset-felsefesi-denemeleri\/","title":{"rendered":"\u015eiddet ve Medenilik: Wellek Library Konferanslar\u0131 ve Di\u011fer Siyaset Felsefesi Denemeleri"},"content":{"rendered":"<p>\u015eiddet ve Medenilik, siyasetin \u015fiddetle kurucu ili\u015fkisinin hukuk, kurumlar ve ideoloji taraf\u0131ndan d\u00fczen i\u00e7ine sokulamad\u0131\u011f\u0131; a\u015f\u0131r\u0131 \u015fiddetin normalle\u015fmi\u015f \u015fiddete d\u00f6n\u00fc\u015ft\u00fcr\u00fclemedi\u011fi farkl\u0131 bir sahne \u00fczerine d\u00fc\u015f\u00fcnmeye davet ediyor. Vah\u015fetin topografisini \u00e7\u0131karmaya \u00e7al\u0131\u015f\u0131yor. Bu alanda kimlik say\u0131klamalar\u0131, imha, kanunun intikam\u0131 gibi a\u015f\u0131r\u0131 \u00f6znel bi\u00e7imler; kapitalist a\u015f\u0131r\u0131 s\u00f6m\u00fcr\u00fc; ya\u015fam\u0131n bir at\u0131k olarak \u00fcretilmesi ve ortadan kald\u0131r\u0131lmas\u0131 gibi a\u015f\u0131r\u0131 nesnel bi\u00e7imler \u00fcst \u00fcste geliyor. Balibar, bu alan \u00fczerine d\u00fc\u015f\u00fcn\u00fcrken, siyaseti \u015fiddet kar\u015f\u0131t\u0131 olmak olarak tan\u0131mlayabilecek farkl\u0131 medenilik stratejilerini kar\u015f\u0131la\u015ft\u0131r\u0131yor.Marx\u2019\u0131n ve Marksistlerin siyaset ve \u015fiddet ili\u015fkisi konusundaki tav\u0131rlar\u0131n\u0131 ele\u015ftirmeyi bu d\u00fc\u015f\u00fcn faaliyetinin merkezine yerle\u015ftiren Balibar, sorunu, Hegel\u2019den Clausewitz\u2019e uzanan bir soyk\u00fct\u00fc\u011f\u00fc i\u00e7inde, Carl Schmitt\u2019in egemenlik kavram\u0131n\u0131 sorgulayarak ele al\u0131yor. Toplumsal d\u00f6n\u00fc\u015f\u00fcm ve \u00f6zg\u00fcrle\u015fmenin ger\u00e7ek ko\u015fullar\u0131n\u0131 tespit etmeye \u00e7al\u0131\u015f\u0131rken, ayn\u0131 zamanda bir devrim medeniyetinin varolu\u015f sorununu ayd\u0131nlatmay\u0131 hedefliyor. Siyasetin, Rosa Luxemburg\u2019un 1914\u2019te \u00f6ng\u00f6rd\u00fc\u011f\u00fc barbarl\u0131\u011fa d\u00f6n\u00fc\u015fmemesi i\u00e7in medenilik ve devrimin, Lenin ve Gandhi\u2019nin bulu\u015fmas\u0131n\u0131n, yani z\u0131tlar\u0131n birli\u011finin vazge\u00e7ilmez gere\u011fine i\u015faret ediyor. <\/p>\n","protected":false},"excerpt":{"rendered":"<p>\u015eiddet ve Medenilik, siyasetin \u015fiddetle kurucu ili\u015fkisinin hukuk, kurumlar ve ideoloji taraf\u0131ndan d\u00fczen i\u00e7ine sokulamad\u0131\u011f\u0131; a\u015f\u0131r\u0131 \u015fiddetin normalle\u015fmi\u015f \u015fiddete d\u00f6n\u00fc\u015ft\u00fcr\u00fclemedi\u011fi farkl\u0131 bir sahne \u00fczerine d\u00fc\u015f\u00fcnmeye davet<span class=\"excerpt-hellip\"> [\u2026]<\/span><\/p>\n","protected":false},"featured_media":0,"template":"","meta":{"_monsterinsights_skip_tracking":false,"_monsterinsights_sitenote_active":false,"_monsterinsights_sitenote_note":"","_monsterinsights_sitenote_category":0},"product_brand":[],"product_cat":[12965,12337],"product_tag":[],"class_list":{"0":"post-782209","1":"product","2":"type-product","3":"status-publish","5":"product_cat-genel-politika","6":"product_cat-politika-siyaset","7":"pa_cilt-ciltsiz","8":"pa_tur-kitap","9":"pa_yayinevi-iletisim-yayinlari","10":"pa_yazar-etienne-balibar","12":"first","13":"instock","14":"sale","15":"shipping-taxable","16":"purchasable","17":"product-type-simple"},"_links":{"self":[{"href":"https:\/\/roveyayinevi.com.tr\/index.php\/wp-json\/wp\/v2\/product\/782209","targetHints":{"allow":["GET"]}}],"collection":[{"href":"https:\/\/roveyayinevi.com.tr\/index.php\/wp-json\/wp\/v2\/product"}],"about":[{"href":"https:\/\/roveyayinevi.com.tr\/index.php\/wp-json\/wp\/v2\/types\/product"}],"wp:attachment":[{"href":"https:\/\/roveyayinevi.com.tr\/index.php\/wp-json\/wp\/v2\/media?parent=782209"}],"wp:term":[{"taxonomy":"product_brand","embeddable":true,"href":"https:\/\/roveyayinevi.com.tr\/index.php\/wp-json\/wp\/v2\/product_brand?post=782209"},{"taxonomy":"product_cat","embeddable":true,"href":"https:\/\/roveyayinevi.com.tr\/index.php\/wp-json\/wp\/v2\/product_cat?post=782209"},{"taxonomy":"product_tag","embeddable":true,"href":"https:\/\/roveyayinevi.com.tr\/index.php\/wp-json\/wp\/v2\/product_tag?post=782209"}],"curies":[{"name":"wp","href":"https:\/\/api.w.org\/{rel}","templated":true}]}}