{"id":782205,"date":"2026-02-23T10:50:39","date_gmt":"2026-02-23T07:50:39","guid":{"rendered":"https:\/\/roveyayinevi.com.tr\/index.php\/urun\/metis-kucuk-filozoflar-serisi-05-lao-tzu-ejderhanin-yolu\/"},"modified":"2026-04-16T02:08:48","modified_gmt":"2026-04-15T23:08:48","slug":"metis-kucuk-filozoflar-serisi-05-lao-tzu-ejderhanin-yolu","status":"publish","type":"product","link":"https:\/\/roveyayinevi.com.tr\/index.php\/urun\/metis-kucuk-filozoflar-serisi-05-lao-tzu-ejderhanin-yolu\/","title":{"rendered":"Metis K\u00fc\u00e7\u00fck Filozoflar Serisi 05 &#8211; Lao-Tzu: Ejderhan\u0131n Yolu"},"content":{"rendered":"<p>K\u00fc\u00e7\u00fck Filozoflar Dizisi, 8-12 ya\u015f \u00e7ocuklar\u0131 i\u00e7in filozoflar\u0131n hik\u00e2yelerini anlatan \u00e7ok g\u00fczel resimlenmi\u015f kitaplardan olu\u015fuyor. Diziyle \u00e7ocuklar\u0131n felsefeye zevkli bir giri\u015f yapmalar\u0131n\u0131, kendi sorular\u0131n\u0131n pe\u015finden gitme al\u0131\u015fkanl\u0131\u011f\u0131 kazanmalar\u0131n\u0131 ama\u00e7l\u0131yoruz. Miriam Henke&#8217;nin yaz\u0131p J\u00e9r\u00f4me Meyer-Bisch&#8217;in resimledi\u011fi Lao-Tzu: Ejderhan\u0131n Yolu, K\u00fc\u00e7\u00fck Filozoflar dizisinin be\u015finci kitab\u0131. Lao-Tzu&#8217;nun do\u011fumunu bir kuyrukluy\u0131ld\u0131z m\u00fcjdelemi\u015fti. B\u00fcy\u00fcm\u00fc\u015f de k\u00fc\u00e7\u00fclm\u00fc\u015fe benzeyen bu \u00e7ocuk, ileride \u0130mparator&#8217;un k\u00fct\u00fcphanesinde \u00e7al\u0131\u015facak, zamanla bilim ve bilginin bo\u015f laftan ba\u015fka bir \u015fey olmad\u0131\u011f\u0131n\u0131 d\u00fc\u015f\u00fcnecekti. Sarayda iktidar\u0131n insan\u0131 yozla\u015ft\u0131rd\u0131\u011f\u0131na tan\u0131k olunca, bilgeli\u011fi aramak i\u00e7in yollara d\u00fc\u015fecekti. <\/p>\n","protected":false},"excerpt":{"rendered":"<p>K\u00fc\u00e7\u00fck Filozoflar Dizisi, 8-12 ya\u015f \u00e7ocuklar\u0131 i\u00e7in filozoflar\u0131n hik\u00e2yelerini anlatan \u00e7ok g\u00fczel resimlenmi\u015f kitaplardan olu\u015fuyor. Diziyle \u00e7ocuklar\u0131n felsefeye zevkli bir giri\u015f yapmalar\u0131n\u0131, kendi sorular\u0131n\u0131n pe\u015finden gitme<span class=\"excerpt-hellip\"> [\u2026]<\/span><\/p>\n","protected":false},"featured_media":0,"template":"","meta":{"_monsterinsights_skip_tracking":false,"_monsterinsights_sitenote_active":false,"_monsterinsights_sitenote_note":"","_monsterinsights_sitenote_category":0},"product_brand":[],"product_cat":[12312,12304],"product_tag":[],"class_list":{"0":"post-782205","1":"product","2":"type-product","3":"status-publish","5":"product_cat-diger","6":"product_cat-tarih","7":"pa_cilt-ciltsiz","8":"pa_tur-kitap","9":"pa_yayinevi-metis-yayinlari","10":"pa_yazar-miriam-henke","12":"first","13":"instock","14":"sale","15":"shipping-taxable","16":"purchasable","17":"product-type-simple"},"_links":{"self":[{"href":"https:\/\/roveyayinevi.com.tr\/index.php\/wp-json\/wp\/v2\/product\/782205","targetHints":{"allow":["GET"]}}],"collection":[{"href":"https:\/\/roveyayinevi.com.tr\/index.php\/wp-json\/wp\/v2\/product"}],"about":[{"href":"https:\/\/roveyayinevi.com.tr\/index.php\/wp-json\/wp\/v2\/types\/product"}],"wp:attachment":[{"href":"https:\/\/roveyayinevi.com.tr\/index.php\/wp-json\/wp\/v2\/media?parent=782205"}],"wp:term":[{"taxonomy":"product_brand","embeddable":true,"href":"https:\/\/roveyayinevi.com.tr\/index.php\/wp-json\/wp\/v2\/product_brand?post=782205"},{"taxonomy":"product_cat","embeddable":true,"href":"https:\/\/roveyayinevi.com.tr\/index.php\/wp-json\/wp\/v2\/product_cat?post=782205"},{"taxonomy":"product_tag","embeddable":true,"href":"https:\/\/roveyayinevi.com.tr\/index.php\/wp-json\/wp\/v2\/product_tag?post=782205"}],"curies":[{"name":"wp","href":"https:\/\/api.w.org\/{rel}","templated":true}]}}