{"id":782204,"date":"2026-02-23T10:50:37","date_gmt":"2026-02-23T07:50:37","guid":{"rendered":"https:\/\/roveyayinevi.com.tr\/index.php\/urun\/tas-kagit-makas-3\/"},"modified":"2026-04-16T02:08:48","modified_gmt":"2026-04-15T23:08:48","slug":"tas-kagit-makas-3","status":"publish","type":"product","link":"https:\/\/roveyayinevi.com.tr\/index.php\/urun\/tas-kagit-makas-3\/","title":{"rendered":"Ta\u015f Ka\u011f\u0131t Makas"},"content":{"rendered":"<p>Biliyor musunuz, davran\u0131\u015flar\u0131n\u0131z fazlas\u0131yla \u00f6ng\u00f6r\u00fclebilir. \u00d6zellikle de \u00f6ng\u00f6r\u00fclemez olmaya \u00e7al\u0131\u015ft\u0131\u011f\u0131n\u0131z anlarda. Bu durum size \u00f6zel de\u011fil, \u00e7o\u011fumuz i\u00e7in ge\u00e7erli. Ve sadece bu ger\u00e7e\u011fin bilincinde olmak bile denklemi sizin lehinize de\u011fi\u015ftirebilir.William Poundstone \u00f6nce can al\u0131c\u0131 -hatta bazen can yak\u0131c\u0131- \u00f6rneklerle tahmin edilebilirli\u011fimizin hayat\u0131m\u0131za ne gibi etkileri oldu\u011funu g\u00f6steriyor, ard\u0131ndan bunun getirdi\u011fi dezavantajlar\u0131 avantaja \u00e7evirmek i\u00e7in makul ve uygulanabilir \u00f6neriler getiriyor. G\u00fcnl\u00fck hayatta temas etti\u011fimiz insanlar\u0131n hangi bariz d\u00fc\u015f\u00fcnce kal\u0131plar\u0131yla karar verdi\u011fini bilmenin ya da hep daha fazlas\u0131n\u0131 t\u00fckettirmek i\u00e7in yeni yollar arayan \u015firketlerin bize hangi zaaflar\u0131m\u0131z \u00fcst\u00fcnden y\u00fcklendiklerini g\u00f6rmenin, yat\u0131r\u0131m tercihlerimizden paket \u00fcyeli\u011fimiz i\u00e7in pazarl\u0131k yapmaya, \u015fans oyunlar\u0131ndan kaleciyi ters k\u00f6\u015feye yat\u0131rmaya kadar pek \u00e7ok alanda nas\u0131l fayda sa\u011flayabilece\u011fini g\u00f6steriyor. Ta\u015f Ka\u011f\u0131t Makas, zihin okuman\u0131n hen\u00fcz m\u00fcmk\u00fcn olmad\u0131\u011f\u0131 bir d\u00fcnyada ona en yak\u0131n \u015feyi sunuyor: Bizi tahmin edilebilirli\u011fimizle tan\u0131\u015ft\u0131r\u0131yor. <\/p>\n","protected":false},"excerpt":{"rendered":"<p>Biliyor musunuz, davran\u0131\u015flar\u0131n\u0131z fazlas\u0131yla \u00f6ng\u00f6r\u00fclebilir. \u00d6zellikle de \u00f6ng\u00f6r\u00fclemez olmaya \u00e7al\u0131\u015ft\u0131\u011f\u0131n\u0131z anlarda. Bu durum size \u00f6zel de\u011fil, \u00e7o\u011fumuz i\u00e7in ge\u00e7erli. Ve sadece bu ger\u00e7e\u011fin bilincinde olmak bile<span class=\"excerpt-hellip\"> [\u2026]<\/span><\/p>\n","protected":false},"featured_media":0,"template":"","meta":{"_monsterinsights_skip_tracking":false,"_monsterinsights_sitenote_active":false,"_monsterinsights_sitenote_note":"","_monsterinsights_sitenote_category":0},"product_brand":[],"product_cat":[13005],"product_tag":[],"class_list":{"0":"post-782204","1":"product","2":"type-product","3":"status-publish","5":"product_cat-bilim-muhendislik","6":"pa_cilt-ciltsiz","7":"pa_tur-kitap","8":"pa_yayinevi-domingo-yayinevi","9":"pa_yazar-william-poundstone","11":"first","12":"instock","13":"sale","14":"shipping-taxable","15":"purchasable","16":"product-type-simple"},"_links":{"self":[{"href":"https:\/\/roveyayinevi.com.tr\/index.php\/wp-json\/wp\/v2\/product\/782204","targetHints":{"allow":["GET"]}}],"collection":[{"href":"https:\/\/roveyayinevi.com.tr\/index.php\/wp-json\/wp\/v2\/product"}],"about":[{"href":"https:\/\/roveyayinevi.com.tr\/index.php\/wp-json\/wp\/v2\/types\/product"}],"wp:attachment":[{"href":"https:\/\/roveyayinevi.com.tr\/index.php\/wp-json\/wp\/v2\/media?parent=782204"}],"wp:term":[{"taxonomy":"product_brand","embeddable":true,"href":"https:\/\/roveyayinevi.com.tr\/index.php\/wp-json\/wp\/v2\/product_brand?post=782204"},{"taxonomy":"product_cat","embeddable":true,"href":"https:\/\/roveyayinevi.com.tr\/index.php\/wp-json\/wp\/v2\/product_cat?post=782204"},{"taxonomy":"product_tag","embeddable":true,"href":"https:\/\/roveyayinevi.com.tr\/index.php\/wp-json\/wp\/v2\/product_tag?post=782204"}],"curies":[{"name":"wp","href":"https:\/\/api.w.org\/{rel}","templated":true}]}}