{"id":782203,"date":"2026-02-23T10:50:34","date_gmt":"2026-02-23T07:50:34","guid":{"rendered":"https:\/\/roveyayinevi.com.tr\/index.php\/urun\/atlarla-yasayan-kadin\/"},"modified":"2026-04-16T02:08:47","modified_gmt":"2026-04-15T23:08:47","slug":"atlarla-yasayan-kadin","status":"publish","type":"product","link":"https:\/\/roveyayinevi.com.tr\/index.php\/urun\/atlarla-yasayan-kadin\/","title":{"rendered":"Atlarla Ya\u015fayan Kad\u0131n"},"content":{"rendered":"<p>Psikanalitik \u00d6yk\u00fcler Dizisi, Atlarla Ya\u015fayan Kad\u0131n ile devam ediyor. Bu olgu \u00f6yk\u00fcleri dizisi ile psikanalitik tedavi s\u00fcreci herkes taraf\u0131ndan anla\u015f\u0131l\u0131p de\u011ferlendirilebiliyor. \ufffc<\/p>\n","protected":false},"excerpt":{"rendered":"<p>Psikanalitik \u00d6yk\u00fcler Dizisi, Atlarla Ya\u015fayan Kad\u0131n ile devam ediyor. Bu olgu \u00f6yk\u00fcleri dizisi ile psikanalitik tedavi s\u00fcreci herkes taraf\u0131ndan anla\u015f\u0131l\u0131p de\u011ferlendirilebiliyor. \ufffc<\/p>\n","protected":false},"featured_media":0,"template":"","meta":{"_monsterinsights_skip_tracking":false,"_monsterinsights_sitenote_active":false,"_monsterinsights_sitenote_note":"","_monsterinsights_sitenote_category":0},"product_brand":[],"product_cat":[12291,12292],"product_tag":[],"class_list":{"0":"post-782203","1":"product","2":"type-product","3":"status-publish","5":"product_cat-edebiyat","6":"product_cat-turk-edebiyati","7":"pa_cilt-ciltsiz","8":"pa_tur-kitap","9":"pa_yayinevi-okuyan-us-yayin","10":"pa_yazar-vamik-d-volkan","12":"first","13":"instock","14":"sale","15":"shipping-taxable","16":"purchasable","17":"product-type-simple"},"_links":{"self":[{"href":"https:\/\/roveyayinevi.com.tr\/index.php\/wp-json\/wp\/v2\/product\/782203","targetHints":{"allow":["GET"]}}],"collection":[{"href":"https:\/\/roveyayinevi.com.tr\/index.php\/wp-json\/wp\/v2\/product"}],"about":[{"href":"https:\/\/roveyayinevi.com.tr\/index.php\/wp-json\/wp\/v2\/types\/product"}],"wp:attachment":[{"href":"https:\/\/roveyayinevi.com.tr\/index.php\/wp-json\/wp\/v2\/media?parent=782203"}],"wp:term":[{"taxonomy":"product_brand","embeddable":true,"href":"https:\/\/roveyayinevi.com.tr\/index.php\/wp-json\/wp\/v2\/product_brand?post=782203"},{"taxonomy":"product_cat","embeddable":true,"href":"https:\/\/roveyayinevi.com.tr\/index.php\/wp-json\/wp\/v2\/product_cat?post=782203"},{"taxonomy":"product_tag","embeddable":true,"href":"https:\/\/roveyayinevi.com.tr\/index.php\/wp-json\/wp\/v2\/product_tag?post=782203"}],"curies":[{"name":"wp","href":"https:\/\/api.w.org\/{rel}","templated":true}]}}