{"id":782200,"date":"2026-02-23T10:50:03","date_gmt":"2026-02-23T07:50:03","guid":{"rendered":"https:\/\/roveyayinevi.com.tr\/index.php\/urun\/dokuz-bucukta-bilardo\/"},"modified":"2026-04-16T02:08:27","modified_gmt":"2026-04-15T23:08:27","slug":"dokuz-bucukta-bilardo","status":"publish","type":"product","link":"https:\/\/roveyayinevi.com.tr\/index.php\/urun\/dokuz-bucukta-bilardo\/","title":{"rendered":"Dokuz Bu\u00e7ukta Bilardo"},"content":{"rendered":"<p>Yirminci y\u00fczy\u0131l Alman deneyimini bir g\u00fcne s\u0131\u011fd\u0131ran Dokuz Bu\u00e7ukta Bilardo, mimar F\u00e4hmel ailesinin \u00fc\u00e7 ku\u015fa\u011f\u0131 ve bir kilise \u00fczerinden Nazi rejiminin miras b\u0131rakt\u0131\u011f\u0131 \u00f6l\u00fcm\u00fcn ve y\u0131k\u0131m\u0131n art\u00e7\u0131 \u015foklar\u0131na odaklan\u0131yor. Sava\u015f sonras\u0131nda kendine normal bir hayat kurmaya \u00e7al\u0131\u015fan Robert F\u00e4hmel\u2019in rutin al\u0131\u015fkanl\u0131klar\u0131n\u0131n, o\u011flu Joseph\u2019in k\u0131z arkada\u015f\u0131yla olan konu\u015fmas\u0131n\u0131n ve sekseninci do\u011fum g\u00fcn\u00fcn\u00fc kutlayacak olan aile reisi Heinrich\u2019in gen\u00e7lik y\u0131llar\u0131n\u0131n bile ard\u0131nda herkesin unutmaya \u00e7al\u0131\u015ft\u0131\u011f\u0131 ancak ka\u00e7amad\u0131\u011f\u0131 bir ge\u00e7mi\u015fin lekesi vard\u0131r. Halen sava\u015f\u0131n yaralar\u0131n\u0131 tam olarak sarmam\u0131\u015f bir \u00fclkenin toplumsal belle\u011finde ya\u015fanan tahribat\u0131 monologlar ve geriye d\u00f6n\u00fc\u015flerle zengin bir anlat\u0131 halinde resmeden bir modernist ba\u015fyap\u0131t.   \u201cB\u00f6ll\u2019\u00fcn Thomas Mann\u2019\u0131n ger\u00e7ek miras\u00e7\u0131s\u0131 oldu\u011fu iddias\u0131n\u0131 savunmak i\u00e7in Dokuz Bu\u00e7ukta Bilardo yeterli olacakt\u0131r.\u201d   The Scotsman <\/p>\n","protected":false},"excerpt":{"rendered":"<p>Yirminci y\u00fczy\u0131l Alman deneyimini bir g\u00fcne s\u0131\u011fd\u0131ran Dokuz Bu\u00e7ukta Bilardo, mimar F\u00e4hmel ailesinin \u00fc\u00e7 ku\u015fa\u011f\u0131 ve bir kilise \u00fczerinden Nazi rejiminin miras b\u0131rakt\u0131\u011f\u0131 \u00f6l\u00fcm\u00fcn ve y\u0131k\u0131m\u0131n<span class=\"excerpt-hellip\"> [\u2026]<\/span><\/p>\n","protected":false},"featured_media":0,"template":"","meta":{"_monsterinsights_skip_tracking":false,"_monsterinsights_sitenote_active":false,"_monsterinsights_sitenote_note":"","_monsterinsights_sitenote_category":0},"product_brand":[],"product_cat":[12782,12291],"product_tag":[],"class_list":{"0":"post-782200","1":"product","2":"type-product","3":"status-publish","5":"product_cat-alman-edebiyati","6":"product_cat-edebiyat","7":"pa_cilt-ciltsiz","8":"pa_tur-kitap","9":"pa_yayinevi-can-yayinlari","10":"pa_yazar-heinrich-boll","12":"first","13":"instock","14":"sale","15":"shipping-taxable","16":"purchasable","17":"product-type-simple"},"_links":{"self":[{"href":"https:\/\/roveyayinevi.com.tr\/index.php\/wp-json\/wp\/v2\/product\/782200","targetHints":{"allow":["GET"]}}],"collection":[{"href":"https:\/\/roveyayinevi.com.tr\/index.php\/wp-json\/wp\/v2\/product"}],"about":[{"href":"https:\/\/roveyayinevi.com.tr\/index.php\/wp-json\/wp\/v2\/types\/product"}],"wp:attachment":[{"href":"https:\/\/roveyayinevi.com.tr\/index.php\/wp-json\/wp\/v2\/media?parent=782200"}],"wp:term":[{"taxonomy":"product_brand","embeddable":true,"href":"https:\/\/roveyayinevi.com.tr\/index.php\/wp-json\/wp\/v2\/product_brand?post=782200"},{"taxonomy":"product_cat","embeddable":true,"href":"https:\/\/roveyayinevi.com.tr\/index.php\/wp-json\/wp\/v2\/product_cat?post=782200"},{"taxonomy":"product_tag","embeddable":true,"href":"https:\/\/roveyayinevi.com.tr\/index.php\/wp-json\/wp\/v2\/product_tag?post=782200"}],"curies":[{"name":"wp","href":"https:\/\/api.w.org\/{rel}","templated":true}]}}