{"id":782196,"date":"2026-02-23T10:49:16","date_gmt":"2026-02-23T07:49:16","guid":{"rendered":"https:\/\/roveyayinevi.com.tr\/index.php\/urun\/musluman-hanimlara-duali-ilahi-kitabi-b12\/"},"modified":"2026-04-08T02:10:37","modified_gmt":"2026-04-07T23:10:37","slug":"musluman-hanimlara-duali-ilahi-kitabi-b12","status":"publish","type":"product","link":"https:\/\/roveyayinevi.com.tr\/index.php\/urun\/musluman-hanimlara-duali-ilahi-kitabi-b12\/","title":{"rendered":"M\u00fcsl\u00fcman Han\u0131mlara Dual\u0131 \u0130lahi Kitab\u0131 (B12)"},"content":{"rendered":"<p>Bu Kitapta Bulunan Dualar:- Salat-\u0131 Tefriciye &#8211; N\u00e2riye- Sal\u00e2ten &#8211; T\u00fcncin\u00e2 &#8211; M\u00fcnciye- \u0130sti\u011ffar Du\u00e2lar\u0131- Seyyid\u00fcl &#8211; \u0130sti\u011ffar Du\u00e2s\u0131- Nazar Du\u00e2s\u0131- Bor\u00e7tan Kurtulma Du\u00e2s\u0131- Uykusuzlu\u011fu giderme Du\u00e2s\u0131- \u0130stih\u00e2re Du\u00e2s\u0131- S\u0131k\u0131nt\u0131dan Kurtulma Du\u00e2s\u0131- Salev\u00e2t-\u0131 \u015eer\u00eefler- Kabir Du\u00e2s\u0131- \u0130ftar Du\u00e2s\u0131- En K\u0131ymetli Tespih Du\u00e2s\u0131- \u00dcz\u00fcnt\u00fcleri Gideren Du\u00e2lar- Tevbe ve \u0130sti\u011ffar Du\u00e2lar\u0131- T\u00fcrk\u00e7e Mevl\u00eed-i \u015eer\u00eef Du\u00e2s\u0131- T\u00fcrk\u00e7e Hatim Du\u00e2s\u0131<\/p>\n","protected":false},"excerpt":{"rendered":"<p>Bu Kitapta Bulunan Dualar:- Salat-\u0131 Tefriciye &#8211; N\u00e2riye- Sal\u00e2ten &#8211; T\u00fcncin\u00e2 &#8211; M\u00fcnciye- \u0130sti\u011ffar Du\u00e2lar\u0131- Seyyid\u00fcl &#8211; \u0130sti\u011ffar Du\u00e2s\u0131- Nazar Du\u00e2s\u0131- Bor\u00e7tan Kurtulma Du\u00e2s\u0131- Uykusuzlu\u011fu giderme<span class=\"excerpt-hellip\"> [\u2026]<\/span><\/p>\n","protected":false},"featured_media":0,"template":"","meta":{"_monsterinsights_skip_tracking":false,"_monsterinsights_sitenote_active":false,"_monsterinsights_sitenote_note":"","_monsterinsights_sitenote_category":0},"product_brand":[],"product_cat":[16789,12718,12719],"product_tag":[],"class_list":{"0":"post-782196","1":"product","2":"type-product","3":"status-publish","5":"product_cat-diger-islam","6":"product_cat-din","7":"product_cat-islam","8":"pa_cilt-ciltsiz","9":"pa_tur-kitap","10":"pa_yayinevi-tavasli-yayinlari","11":"pa_yazar-yusuf-tavasli","13":"first","14":"instock","15":"sale","16":"shipping-taxable","17":"purchasable","18":"product-type-simple"},"_links":{"self":[{"href":"https:\/\/roveyayinevi.com.tr\/index.php\/wp-json\/wp\/v2\/product\/782196","targetHints":{"allow":["GET"]}}],"collection":[{"href":"https:\/\/roveyayinevi.com.tr\/index.php\/wp-json\/wp\/v2\/product"}],"about":[{"href":"https:\/\/roveyayinevi.com.tr\/index.php\/wp-json\/wp\/v2\/types\/product"}],"wp:attachment":[{"href":"https:\/\/roveyayinevi.com.tr\/index.php\/wp-json\/wp\/v2\/media?parent=782196"}],"wp:term":[{"taxonomy":"product_brand","embeddable":true,"href":"https:\/\/roveyayinevi.com.tr\/index.php\/wp-json\/wp\/v2\/product_brand?post=782196"},{"taxonomy":"product_cat","embeddable":true,"href":"https:\/\/roveyayinevi.com.tr\/index.php\/wp-json\/wp\/v2\/product_cat?post=782196"},{"taxonomy":"product_tag","embeddable":true,"href":"https:\/\/roveyayinevi.com.tr\/index.php\/wp-json\/wp\/v2\/product_tag?post=782196"}],"curies":[{"name":"wp","href":"https:\/\/api.w.org\/{rel}","templated":true}]}}