{"id":782195,"date":"2026-02-23T10:49:13","date_gmt":"2026-02-23T07:49:13","guid":{"rendered":"https:\/\/roveyayinevi.com.tr\/index.php\/urun\/saglam-politik-ekonomi\/"},"modified":"2026-04-16T02:07:58","modified_gmt":"2026-04-15T23:07:58","slug":"saglam-politik-ekonomi","status":"publish","type":"product","link":"https:\/\/roveyayinevi.com.tr\/index.php\/urun\/saglam-politik-ekonomi\/","title":{"rendered":"Sa\u011flam Politik Ekonomi"},"content":{"rendered":"<p>Sa\u011flam Politik Ekonomi&#8217;de Pennington, klasik liberalizmi geleneksel ve \u00e7a\u011fda\u015f ele\u015ftirilere kar\u015f\u0131 savunuyor. Bu ele\u015ftiriler eski ve yeni piyasa ba\u015far\u0131s\u0131zl\u0131\u011f\u0131 teorilerinden \u00e7evre sorunlar\u0131na, refah sorunlar\u0131ndan ad\u00e2let sorunlar\u0131na kadar uzan\u0131yor. Yazar Rawls ve Dworkin gibi geni\u015f anlamda liberal gelenekte say\u0131lan ama klasik liberal de\u011fil Amerikan liberali olan yazarlardan kom\u00fcniteryenlere, Young gibi fark politikas\u0131 taraftarlar\u0131na, ulusal\u0131 a\u015f\u0131p uluslararas\u0131 sosyal ad\u00e2leti savunanlara kadar neredeyse cevapland\u0131r\u0131lmad\u0131k ele\u015ftiri b\u0131rakm\u0131yor. Sosyalizm kadar, asl\u0131nda ondan daha fazla, sosyal demokrat mutabakat\u0131 da tarumar ediyor. Bir reg\u00fclat\u00f6r olarak devlete abart\u0131l\u0131 g\u00fcvenin a\u00e7mazlar\u0131n\u0131 ve mahzurlar\u0131n\u0131 sergiliyor. Kitap do\u011frudan do\u011fruya anarko-kapitalizmi hedef almamakla beraber baz\u0131 tezlerinin ve a\u00e7\u0131klamalar\u0131n\u0131n anarko-kapitalist \u00e7izgiye ele\u015ftiri veya cevap olarak de\u011ferlendirilmesi de m\u00fcmk\u00fcn. Pennington kitapta \u00f6zel bir dil geli\u015ftiriyor. Literat\u00fcrde yerle\u015fmi\u015f kavramlar\u0131 kulland\u0131\u011f\u0131 gibi yer yer yeni kavramlar da geli\u015ftiriyor. \u0130tiraf etmek gerekir ki, bu kitap, i\u00e7indeki konularla yeni ilgilenmeye ba\u015flayanlardan ziyade, h\u00e2lihaz\u0131rda bir birikim sahibi okuyuculara y\u00f6nelik. Yazar s\u0131kl\u0131kla &#8220;bir klasik liberal bak\u0131\u015f a\u00e7\u0131s\u0131ndan&#8221; ifadesiyle s\u00f6ze giriyor. Bununla kendi yorumunun klasik liberalizmin tek yorumu olmad\u0131\u011f\u0131n\u0131 ima etmi\u015f oluyor. Ancak, biz okuma kolayl\u0131\u011f\u0131 olmas\u0131 i\u00e7in &#8220;bir&#8221;i kald\u0131r\u0131p do\u011frudan &#8220;klasik liberal bak\u0131\u015f a\u00e7\u0131s\u0131ndan&#8221; demeyi tercih ettik. Bunun belirtmemin amac\u0131 okuyucunun yazara t\u00fcketici bir dil kulland\u0131\u011f\u0131 haks\u0131z ele\u015ftirisini getirmesini engellemek. Bu anlamda Sa\u011flam Politik Ekonomi&#8217;nin iktisat ve siyaset ve bunlar\u0131n kesi\u015fim alanlar\u0131nda \u00e7al\u0131\u015fan lisans ve daha \u00fcst seviyedeki \u00f6\u011frenciler ile akademisyenler i\u00e7in yararl\u0131 ve ufuk a\u00e7\u0131c\u0131 bir kaynak olaca\u011f\u0131 \u015f\u00fcphesizdir. <\/p>\n","protected":false},"excerpt":{"rendered":"<p>Sa\u011flam Politik Ekonomi&#8217;de Pennington, klasik liberalizmi geleneksel ve \u00e7a\u011fda\u015f ele\u015ftirilere kar\u015f\u0131 savunuyor. Bu ele\u015ftiriler eski ve yeni piyasa ba\u015far\u0131s\u0131zl\u0131\u011f\u0131 teorilerinden \u00e7evre sorunlar\u0131na, refah sorunlar\u0131ndan ad\u00e2let sorunlar\u0131na<span class=\"excerpt-hellip\"> [\u2026]<\/span><\/p>\n","protected":false},"featured_media":0,"template":"","meta":{"_monsterinsights_skip_tracking":false,"_monsterinsights_sitenote_active":false,"_monsterinsights_sitenote_note":"","_monsterinsights_sitenote_category":0},"product_brand":[],"product_cat":[16098,12337],"product_tag":[],"class_list":{"0":"post-782195","1":"product","2":"type-product","3":"status-publish","5":"product_cat-politik-akimlar-hareketler","6":"product_cat-politika-siyaset","7":"pa_cilt-ciltsiz","8":"pa_tur-kitap","9":"pa_yayinevi-liberte-yayinlari","10":"pa_yazar-mark-pennington","12":"first","13":"instock","14":"sale","15":"shipping-taxable","16":"purchasable","17":"product-type-simple"},"_links":{"self":[{"href":"https:\/\/roveyayinevi.com.tr\/index.php\/wp-json\/wp\/v2\/product\/782195","targetHints":{"allow":["GET"]}}],"collection":[{"href":"https:\/\/roveyayinevi.com.tr\/index.php\/wp-json\/wp\/v2\/product"}],"about":[{"href":"https:\/\/roveyayinevi.com.tr\/index.php\/wp-json\/wp\/v2\/types\/product"}],"wp:attachment":[{"href":"https:\/\/roveyayinevi.com.tr\/index.php\/wp-json\/wp\/v2\/media?parent=782195"}],"wp:term":[{"taxonomy":"product_brand","embeddable":true,"href":"https:\/\/roveyayinevi.com.tr\/index.php\/wp-json\/wp\/v2\/product_brand?post=782195"},{"taxonomy":"product_cat","embeddable":true,"href":"https:\/\/roveyayinevi.com.tr\/index.php\/wp-json\/wp\/v2\/product_cat?post=782195"},{"taxonomy":"product_tag","embeddable":true,"href":"https:\/\/roveyayinevi.com.tr\/index.php\/wp-json\/wp\/v2\/product_tag?post=782195"}],"curies":[{"name":"wp","href":"https:\/\/api.w.org\/{rel}","templated":true}]}}