{"id":782193,"date":"2026-02-23T10:48:55","date_gmt":"2026-02-23T07:48:55","guid":{"rendered":"https:\/\/roveyayinevi.com.tr\/index.php\/urun\/modern-sanatin-oykusu\/"},"modified":"2026-04-16T02:07:49","modified_gmt":"2026-04-15T23:07:49","slug":"modern-sanatin-oykusu","status":"publish","type":"product","link":"https:\/\/roveyayinevi.com.tr\/index.php\/urun\/modern-sanatin-oykusu\/","title":{"rendered":"Modern Sanat\u0131n \u00d6yk\u00fcs\u00fc"},"content":{"rendered":"<p>\u00c7a\u011f\u0131m\u0131z\u0131n sanat\u0131n\u0131 g\u00f6rsel \u00f6rneklerle a\u00e7\u0131klay\u0131c\u0131 ve yorumlay\u0131c\u0131 olarak ele alan temel bir kitap&#8230; Norbert Lynton, 1900\u2019den g\u00fcn\u00fcm\u00fcze kadar Modern Sanat\u0131n \u00d6yk\u00fcs\u00fc\u2019n\u00fc anlat\u0131rken, okurun bu sanatla s\u0131cak ve i\u00e7ten bir bi\u00e7imde ilgilenmesini de ama\u00e7lam\u0131\u015ft\u0131r. Lynton, modern sanattaki temel geli\u015fmelerin, bir y\u00fczy\u0131l kadar \u201cbo\u015f\u201da ve \u201cg\u00f6steri\u015fli\u201dye \u00f6nem verildikten sonra sanat\u0131 yeniden onurlu ve \u00f6nemli duruma getirmek i\u00e7in yap\u0131lm\u0131\u015f ciddi ve ustaca giri\u015fimler oldu\u011funu ortaya koymaktad\u0131r. Yazar, bu giri\u015fimlerin ard\u0131ndaki d\u00fc\u015f\u00fcnceleri a\u00e7\u0131kl\u0131\u011fa kavu\u015ftururken, ayn\u0131 zamanda modern sanatta varl\u0131\u011f\u0131n\u0131 g\u00fcn\u00fcm\u00fczde de s\u00fcrd\u00fcren ak\u0131mlar\u0131 ve bu ak\u0131mlarla tan\u0131nan sanat\u00e7\u0131lar aras\u0131ndaki \u00f6nemli farklar\u0131 vurgulamaktad\u0131r. Modern sanat, kendisini zor, \u00e7irkin, rastgele ve kay\u0131ts\u0131z bulanlar i\u00e7in h\u00e2l\u00e2 \u015fa\u015f\u0131rt\u0131c\u0131l\u0131\u011f\u0131n\u0131 korumaktad\u0131r. Yazar\u0131n inanc\u0131na g\u00f6re modern sanat\u0131 destekleyen baz\u0131 a\u00e7\u0131klamalar, sanki de\u011fi\u015fimin kendisi bir erdemmi\u015f gibi isyank\u00e2rl\u0131\u011f\u0131 ve yenili\u011fi abartarak sorunu daha da a\u011f\u0131rla\u015ft\u0131rmaktad\u0131r. Oysa modern sanat ile \u00f6nceki d\u00f6nemlerin sanat\u0131 aras\u0131nda temelde herhangi bir ayr\u0131l\u0131k ya da kar\u015f\u0131tl\u0131k yoktur. Sanat \u00e7al\u0131\u015fmalar\u0131n\u0131n stilistik \u00f6zelliklerinden ve y\u00fczeysel malzemesinden \u00e7ok, i\u00e7eriklerine dikkat edilmelidir. Elinizdeki bu bas\u0131mda, Modern Sanat\u0131n \u00d6yk\u00fcs\u00fc\u2019ne, 80\u2019li y\u0131llar\u0131n sanat\u0131n\u0131n ve sanat ele\u015ftirisinin geli\u015fmesini i\u00e7eren yeni bir b\u00f6l\u00fcm eklenmi\u015ftir. K\u0131sa Ya\u015fam \u00d6yk\u00fcleri ve Kaynak\u00e7a b\u00f6l\u00fcm\u00fc g\u00fcncelle\u015ftirilmi\u015f, yeni resimler eklenmi\u015f, eski bas\u0131mlarda siyah-beyaz olan baz\u0131 resimlerin yerine renklileri kullan\u0131lm\u0131\u015ft\u0131r. B\u00f6ylece i\u00e7eri\u011fi daha da zenginle\u015fen Modern Sanat\u0131n \u00d6yk\u00fcs\u00fc, \u00e7a\u011f\u0131m\u0131z\u0131n sanat\u0131yla ilgilenen herkesin okumas\u0131 gereken bir kitap olma \u00f6zelli\u011fini s\u00fcrd\u00fcrmektedir.<\/p>\n","protected":false},"excerpt":{"rendered":"<p>\u00c7a\u011f\u0131m\u0131z\u0131n sanat\u0131n\u0131 g\u00f6rsel \u00f6rneklerle a\u00e7\u0131klay\u0131c\u0131 ve yorumlay\u0131c\u0131 olarak ele alan temel bir kitap&#8230; Norbert Lynton, 1900\u2019den g\u00fcn\u00fcm\u00fcze kadar Modern Sanat\u0131n \u00d6yk\u00fcs\u00fc\u2019n\u00fc anlat\u0131rken, okurun bu sanatla s\u0131cak<span class=\"excerpt-hellip\"> [\u2026]<\/span><\/p>\n","protected":false},"featured_media":0,"template":"","meta":{"_monsterinsights_skip_tracking":false,"_monsterinsights_sitenote_active":false,"_monsterinsights_sitenote_note":"","_monsterinsights_sitenote_category":0},"product_brand":[],"product_cat":[12312,12304],"product_tag":[],"class_list":{"0":"post-782193","1":"product","2":"type-product","3":"status-publish","5":"product_cat-diger","6":"product_cat-tarih","7":"pa_cilt-ciltsiz","8":"pa_tur-kitap","9":"pa_yayinevi-remzi-kitabevi-sanat","10":"pa_yazar-norbert-lynton","12":"first","13":"instock","14":"sale","15":"shipping-taxable","16":"purchasable","17":"product-type-simple"},"_links":{"self":[{"href":"https:\/\/roveyayinevi.com.tr\/index.php\/wp-json\/wp\/v2\/product\/782193","targetHints":{"allow":["GET"]}}],"collection":[{"href":"https:\/\/roveyayinevi.com.tr\/index.php\/wp-json\/wp\/v2\/product"}],"about":[{"href":"https:\/\/roveyayinevi.com.tr\/index.php\/wp-json\/wp\/v2\/types\/product"}],"wp:attachment":[{"href":"https:\/\/roveyayinevi.com.tr\/index.php\/wp-json\/wp\/v2\/media?parent=782193"}],"wp:term":[{"taxonomy":"product_brand","embeddable":true,"href":"https:\/\/roveyayinevi.com.tr\/index.php\/wp-json\/wp\/v2\/product_brand?post=782193"},{"taxonomy":"product_cat","embeddable":true,"href":"https:\/\/roveyayinevi.com.tr\/index.php\/wp-json\/wp\/v2\/product_cat?post=782193"},{"taxonomy":"product_tag","embeddable":true,"href":"https:\/\/roveyayinevi.com.tr\/index.php\/wp-json\/wp\/v2\/product_tag?post=782193"}],"curies":[{"name":"wp","href":"https:\/\/api.w.org\/{rel}","templated":true}]}}