{"id":782191,"date":"2026-02-23T10:48:47","date_gmt":"2026-02-23T07:48:47","guid":{"rendered":"https:\/\/roveyayinevi.com.tr\/index.php\/urun\/kotu-kedi-ve-baskan\/"},"modified":"2026-04-15T02:09:53","modified_gmt":"2026-04-14T23:09:53","slug":"kotu-kedi-ve-baskan","status":"publish","type":"product","link":"https:\/\/roveyayinevi.com.tr\/index.php\/urun\/kotu-kedi-ve-baskan\/","title":{"rendered":"K\u00f6t\u00fc Kedi ve Ba\u015fkan"},"content":{"rendered":"<p>Mahalle Kedileri Kul\u00fcb\u00fc&#8217;ne yeni bir ba\u015fkan se\u00e7me vakti geldi! K\u00f6t\u00fc Kedi ve Koca Kedi se\u00e7imin ve ba\u015fkanl\u0131\u011f\u0131n anlam\u0131n\u0131 \u00f6\u011freniyorlar ve b\u00fcy\u00fck bir rekabete giriyorlar. Oylar say\u0131ld\u0131\u011f\u0131nda, sonu\u00e7 sizi de \u015fa\u015f\u0131rtacak!<\/p>\n","protected":false},"excerpt":{"rendered":"<p>Mahalle Kedileri Kul\u00fcb\u00fc&#8217;ne yeni bir ba\u015fkan se\u00e7me vakti geldi! K\u00f6t\u00fc Kedi ve Koca Kedi se\u00e7imin ve ba\u015fkanl\u0131\u011f\u0131n anlam\u0131n\u0131 \u00f6\u011freniyorlar ve b\u00fcy\u00fck bir rekabete giriyorlar. Oylar say\u0131ld\u0131\u011f\u0131nda,<span class=\"excerpt-hellip\"> [\u2026]<\/span><\/p>\n","protected":false},"featured_media":0,"template":"","meta":{"_monsterinsights_skip_tracking":false,"_monsterinsights_sitenote_active":false,"_monsterinsights_sitenote_note":"","_monsterinsights_sitenote_category":0},"product_brand":[],"product_cat":[12275,12274],"product_tag":[],"class_list":{"0":"post-782191","1":"product","2":"type-product","3":"status-publish","5":"product_cat-6-12-yas-kitaplari","6":"product_cat-cocuk-ve-genclik-kitaplari","7":"pa_cilt-ciltsiz","8":"pa_tur-kitap","9":"pa_yayinevi-epsilon-yayinlari","10":"pa_yazar-nick-bruel","12":"first","13":"instock","14":"sale","15":"shipping-taxable","16":"purchasable","17":"product-type-simple"},"_links":{"self":[{"href":"https:\/\/roveyayinevi.com.tr\/index.php\/wp-json\/wp\/v2\/product\/782191","targetHints":{"allow":["GET"]}}],"collection":[{"href":"https:\/\/roveyayinevi.com.tr\/index.php\/wp-json\/wp\/v2\/product"}],"about":[{"href":"https:\/\/roveyayinevi.com.tr\/index.php\/wp-json\/wp\/v2\/types\/product"}],"wp:attachment":[{"href":"https:\/\/roveyayinevi.com.tr\/index.php\/wp-json\/wp\/v2\/media?parent=782191"}],"wp:term":[{"taxonomy":"product_brand","embeddable":true,"href":"https:\/\/roveyayinevi.com.tr\/index.php\/wp-json\/wp\/v2\/product_brand?post=782191"},{"taxonomy":"product_cat","embeddable":true,"href":"https:\/\/roveyayinevi.com.tr\/index.php\/wp-json\/wp\/v2\/product_cat?post=782191"},{"taxonomy":"product_tag","embeddable":true,"href":"https:\/\/roveyayinevi.com.tr\/index.php\/wp-json\/wp\/v2\/product_tag?post=782191"}],"curies":[{"name":"wp","href":"https:\/\/api.w.org\/{rel}","templated":true}]}}